{"id":9,"date":"2018-10-27T22:43:56","date_gmt":"2018-10-27T22:43:56","guid":{"rendered":"https:\/\/ciofs.info\/wp\/?page_id=9"},"modified":"2021-01-10T14:54:45","modified_gmt":"2021-01-10T14:54:45","slug":"youfra","status":"publish","type":"page","link":"https:\/\/ciofs.info\/fr\/offices\/youfra\/","title":{"rendered":"JEFRA"},"content":{"rendered":"<h4>Jeunesse Franciscaine<\/h4>\n<h5><em>Nous croyons\u2026 et parce que nous croyons, nous sommes dans la joie!<\/em><\/h5>\n<p>Vivre notre foi chr\u00e9tienne dans la joie, entour\u00e9 de fr\u00e8res et soeurs avec qui nous pouvons partager notre chemin vers Dieu \u2013 grandir ensemble dans l\u2019espoir que ce sont les petits actes de la vie quotidienne qui font la diff\u00e9rence\u2026 <strong>c\u2019est \u00e7a la jeunesse franciscaine\u00a0!<\/strong><\/p>\n<p><strong><img decoding=\"async\" class=\"alignleft size-full wp-image-1139\" src=\"https:\/\/ciofs.info\/wp-content\/uploads\/2020\/03\/logo-youfra-1.png\" alt=\"YouFra logo\" width=\"81\" height=\"78\" \/>Nous sommes la Jeunesse Franciscaine ! Des jeunes de diff\u00e9rents pays du monde qui ont choisi de vivre l\u2019\u00c9vangile. Nous vivons l\u2019esprit de saint Fran\u00e7ois d\u2019Assise qui a fait du Christ l\u2019inspirateur et le centre de sa vie avec Dieu et avec les hommes.<\/strong><\/p>\n<p>La Jeunesse Franciscaine est le lieu o\u00f9 les jeunes de 14 \u00e0 30 ans \u2013 r\u00e9unis en fraternit\u00e9 \u2013 embrassent un v\u00e9ritable esprit de communaut\u00e9 et d\u00e9veloppent leur sentiment d\u2019appartenance. Nous grandissons dans la dimension humaine, chr\u00e9tienne et franciscaine de notre vie gr\u00e2ce \u00e0 l\u2019esprit de communaut\u00e9, \u00e0 un sentiment d\u2019appartenance et au soutien continu de l\u2019OFS et des assistants spirituels franciscains.<\/p>\n<p><a href=\"https:\/\/youfra.net\/fr\/accueil\/\" target=\"_blank\" rel=\"noopener noreferrer\">Apprendre encore plus<\/a><\/p>\n<style type='text\/css' media='all'>#rt-tpg-container-491622392 .rt-holder .rt-woo-info .price{color:#0367bf;}body .rt-tpg-container .rt-tpg-isotope-buttons .selected,\n\t\t\t\t\t#rt-tpg-container-491622392 .layout12 .rt-holder:hover .rt-detail,\n\t\t\t\t\t#rt-tpg-container-491622392 .isotope8 .rt-holder:hover .rt-detail,\n\t\t\t\t\t#rt-tpg-container-491622392 .carousel8 .rt-holder:hover .rt-detail,\n\t\t\t\t\t#rt-tpg-container-491622392 .layout13 .rt-holder .overlay .post-info,\n\t\t\t\t\t#rt-tpg-container-491622392 .isotope9 .rt-holder .overlay .post-info,\n\t\t\t\t\t#rt-tpg-container-491622392.rt-tpg-container .layout4 .rt-holder .rt-detail,\n\t\t\t\t\t.rt-modal-491622392 .md-content,\n\t\t\t\t\t.rt-modal-491622392 .md-content > .rt-md-content-holder .rt-md-content,\n\t\t\t\t\t.rt-popup-wrap-491622392.rt-popup-wrap .rt-popup-navigation-wrap,\n\t\t\t\t\t#rt-tpg-container-491622392 .carousel9 .rt-holder .overlay .post-info{background-color:#0367bf;}#rt-tpg-container-491622392 .layout5 .rt-holder .overlay, #rt-tpg-container-491622392 .isotope2 .rt-holder .overlay, #rt-tpg-container-491622392 .carousel2 .rt-holder .overlay,#rt-tpg-container-491622392 .layout15 .rt-holder h3, #rt-tpg-container-491622392 .isotope11 .rt-holder h3, #rt-tpg-container-491622392 .carousel11 .rt-holder h3, #rt-tpg-container-491622392 .layout16 .rt-holder h3,\n\t\t\t\t\t#rt-tpg-container-491622392 .isotope12 .rt-holder h3, #rt-tpg-container-491622392 .carousel12 .rt-holder h3 {background-color:rgba(3,103,191,0.8);}#rt-tpg-container-491622392 .read-more a{border-radius:px;}#rt-tpg-container-491622392 .rt-img-holder img.rt-img-responsive,#rt-tpg-container-491622392 .rt-img-holder,\n\t\t\t\t\t#rt-tpg-container-491622392 .rt-post-overlay .post-img,\n\t\t\t\t\t#rt-tpg-container-491622392 .post-sm .post-img,\n\t\t\t\t\t#rt-tpg-container-491622392 .rt-post-grid .post-img,\n\t\t\t\t\t#rt-tpg-container-491622392 .post-img img {border-radius:px;}<\/style><div class='rt-container-fluid rt-tpg-container tpg-shortcode-main-wrapper ' id='rt-tpg-container-491622392'   data-layout='layout3' data-grid-style='even' data-desktop-col='1'  data-tab-col='2'  data-mobile-col='1' data-sc-id='3215'><div data-title='Loading ...' class='rt-row rt-content-loader   layout3 tpg-even '><div class=\"rt-col-md-12 rt-col-sm-6 rt-col-xs-12 even-grid-item rt-grid-item\" data-id=\"6331\"><div class=\"rt-holder\"><div class=\"rt-row\"><div class='rt-col-sm-1 rt-col-xs-12 '><div class=\"rt-img-holder\"><a data-id='6331' class=' rounded' href='https:\/\/ciofs.info\/fr\/2024\/12\/31\/monthly-prayer-intentions\/'><img decoding=\"async\" width=\"150\" height=\"60\" src=\"https:\/\/ciofs.info\/wp-content\/uploads\/2024\/12\/1Praying-Collage-1494166360-1500pix-150x60.jpg\" class=\"rt-img-responsive \" alt=\"praying\" \/><\/a><\/div><\/div><div class='rt-col-sm-11 rt-col-xs-12 '><div class='rt-detail'><h2 class=\"entry-title\"><a data-id=\"6331\" class=\"\" href=\"https:\/\/ciofs.info\/fr\/2024\/12\/31\/monthly-prayer-intentions\/\">INTENTIONS DE PRI\u00c8RE MENSUELLE 2025<\/a><\/h2><div class='post-meta-user '><span class='date-meta'><i class='far fa-calendar-alt '><\/i>December 31, 2024<\/span><span class='author'><i class='fa fa-user '><\/i><a href=\"https:\/\/ciofs.info\/fr\/author\/robert\/\">robert<\/a><\/span><span class='categories-links'><i class='fas fa-folder-open '><\/i><a class=\"circulars-other-documents\" href=\"https:\/\/ciofs.info\/fr\/category\/library\/circulars-other-documents\/\" rel=\"tag\">Circulars \/ Other Documents<\/a><span class=\"rt-separator\">,<\/span><a class=\"main-page\" href=\"https:\/\/ciofs.info\/fr\/category\/main-page\/\" rel=\"tag\">Main Page<\/a><span class=\"rt-separator\">,<\/span><a class=\"news\" href=\"https:\/\/ciofs.info\/fr\/category\/news\/\" rel=\"tag\">News<\/a><span class=\"rt-separator\">,<\/span><a class=\"youfra\" href=\"https:\/\/ciofs.info\/fr\/category\/offices\/youfra\/\" rel=\"tag\">YouFra<\/a><\/span><span class=\"comment-count\"><i class='fas fa-comments '><\/i>(0)<\/span><\/div><div class='post-content'><p>INTENTIONS DE PRI\u00c8RE MENSUELLE OFS-JEFRA (PDF) Pour souligner la communion avec le Pape, nous proposons l\u2019intention du Saint-P\u00e8re pour le mois et une intention pour l\u2019OFS en fonction de la vie et des \u00e9v\u00e9nements importants de l\u2019Ordre. Les fraternit\u00e9s locales prient pour les deux. 2025 Janvier Pour le droit \u00e0 l\u2019\u00e9ducation. Prions pour que les...<\/p><\/div><span class='read-more '><a data-id='6331' class='' href='https:\/\/ciofs.info\/fr\/2024\/12\/31\/monthly-prayer-intentions\/'>Read More<\/a><\/span><\/div><\/div><\/div><\/div><\/div><div class=\"rt-col-md-12 rt-col-sm-6 rt-col-xs-12 even-grid-item rt-grid-item\" data-id=\"3154\"><div class=\"rt-holder\"><div class=\"rt-row\"><div class='rt-col-sm-1 rt-col-xs-12 '><div class=\"rt-img-holder\"><a data-id='3154' class=' rounded' href='https:\/\/ciofs.info\/fr\/2020\/12\/31\/les-intentions-de-priere-mensuelle-ofs-jefra-2021\/'><img decoding=\"async\" width=\"150\" height=\"150\" src=\"https:\/\/ciofs.info\/wp-content\/uploads\/2020\/04\/PWgraphic-150x150.png\" class=\"rt-img-responsive \" alt=\"Presence in the World logo\" \/><\/a><\/div><\/div><div class='rt-col-sm-11 rt-col-xs-12 '><div class='rt-detail'><h2 class=\"entry-title\"><a data-id=\"3154\" class=\"\" href=\"https:\/\/ciofs.info\/fr\/2020\/12\/31\/les-intentions-de-priere-mensuelle-ofs-jefra-2021\/\">Les intentions de priere mensuelle OFS-JeFra 2021<\/a><\/h2><div class='post-meta-user '><span class='date-meta'><i class='far fa-calendar-alt '><\/i>December 31, 2020<\/span><span class='author'><i class='fa fa-user '><\/i><a href=\"https:\/\/ciofs.info\/fr\/author\/elena\/\">Elena<\/a><\/span><span class='categories-links'><i class='fas fa-folder-open '><\/i><a class=\"main-page\" href=\"https:\/\/ciofs.info\/fr\/category\/main-page\/\" rel=\"tag\">Main Page<\/a><span class=\"rt-separator\">,<\/span><a class=\"news\" href=\"https:\/\/ciofs.info\/fr\/category\/news\/\" rel=\"tag\">News<\/a><span class=\"rt-separator\">,<\/span><a class=\"youfra\" href=\"https:\/\/ciofs.info\/fr\/category\/offices\/youfra\/\" rel=\"tag\">YouFra<\/a><\/span><span class=\"comment-count\"><i class='fas fa-comments '><\/i>(0)<\/span><\/div><div class='post-content'><p>Pour souligner la communion avec le Pape, nous offrons l\u2019intention du Saint P\u00e8re pour le mois et une intention pour l\u2019OFS selon la vie et les \u00e9v\u00e9nements importants de l\u2019Ordre. Les Fraternit\u00e9s locales prient pour ces deux intentions. DOC 2021 Janvier \u00c9vang\u00e9lisation \u2013 Pour la fraternit\u00e9 humaine\u00a0: Que le Seigneur nous donne la gr\u00e2ce de...<\/p><\/div><span class='read-more '><a data-id='3154' class='' href='https:\/\/ciofs.info\/fr\/2020\/12\/31\/les-intentions-de-priere-mensuelle-ofs-jefra-2021\/'>Read More<\/a><\/span><\/div><\/div><\/div><\/div><\/div><\/div><\/div>\n","protected":false},"excerpt":{"rendered":"<p>Jeunesse Franciscaine Nous croyons\u2026 et parce que nous croyons, nous sommes dans la joie! Vivre notre foi chr\u00e9tienne dans la joie, entour\u00e9 de fr\u00e8res et soeurs avec qui nous pouvons partager notre chemin vers Dieu \u2013 grandir ensemble dans l\u2019espoir que ce sont les petits actes de la vie quotidienne qui font la diff\u00e9rence\u2026 c\u2019est [&hellip;]<\/p>\n","protected":false},"author":2,"featured_media":1133,"parent":299,"menu_order":0,"comment_status":"closed","ping_status":"closed","template":"","meta":{"site-sidebar-layout":"no-sidebar","site-content-layout":"default","ast-site-content-layout":"default","site-content-style":"default","site-sidebar-style":"default","ast-global-header-display":"","ast-banner-title-visibility":"","ast-main-header-display":"","ast-hfb-above-header-display":"","ast-hfb-below-header-display":"","ast-hfb-mobile-header-display":"","site-post-title":"","ast-breadcrumbs-content":"","ast-featured-img":"","footer-sml-layout":"","ast-disable-related-posts":"","theme-transparent-header-meta":"default","adv-header-id-meta":"","stick-header-meta":"","header-above-stick-meta":"","header-main-stick-meta":"","header-below-stick-meta":"","astra-migrate-meta-layouts":"default","ast-page-background-enabled":"default","ast-page-background-meta":{"desktop":{"background-color":"","background-image":"","background-repeat":"repeat","background-position":"center center","background-size":"auto","background-attachment":"scroll","background-type":"","background-media":"","overlay-type":"","overlay-color":"","overlay-opacity":"","overlay-gradient":""},"tablet":{"background-color":"","background-image":"","background-repeat":"repeat","background-position":"center center","background-size":"auto","background-attachment":"scroll","background-type":"","background-media":"","overlay-type":"","overlay-color":"","overlay-opacity":"","overlay-gradient":""},"mobile":{"background-color":"","background-image":"","background-repeat":"repeat","background-position":"center center","background-size":"auto","background-attachment":"scroll","background-type":"","background-media":"","overlay-type":"","overlay-color":"","overlay-opacity":"","overlay-gradient":""}},"ast-content-background-meta":{"desktop":{"background-color":"var(--ast-global-color-5)","background-image":"","background-repeat":"repeat","background-position":"center center","background-size":"auto","background-attachment":"scroll","background-type":"","background-media":"","overlay-type":"","overlay-color":"","overlay-opacity":"","overlay-gradient":""},"tablet":{"background-color":"var(--ast-global-color-5)","background-image":"","background-repeat":"repeat","background-position":"center center","background-size":"auto","background-attachment":"scroll","background-type":"","background-media":"","overlay-type":"","overlay-color":"","overlay-opacity":"","overlay-gradient":""},"mobile":{"background-color":"var(--ast-global-color-5)","background-image":"","background-repeat":"repeat","background-position":"center center","background-size":"auto","background-attachment":"scroll","background-type":"","background-media":"","overlay-type":"","overlay-color":"","overlay-opacity":"","overlay-gradient":""}},"footnotes":""},"class_list":["post-9","page","type-page","status-publish","has-post-thumbnail","hentry"],"translation":{"provider":"WPGlobus","version":"3.0.2","language":"fr","enabled_languages":["en","it","es","fr"],"languages":{"en":{"title":true,"content":true,"excerpt":false},"it":{"title":true,"content":true,"excerpt":false},"es":{"title":true,"content":true,"excerpt":false},"fr":{"title":true,"content":true,"excerpt":false}}},"rttpg_featured_image_url":{"full":["https:\/\/ciofs.info\/wp-content\/uploads\/2020\/03\/YouFra-joy_9697-1600x400.jpg",1600,402,false],"landscape":["https:\/\/ciofs.info\/wp-content\/uploads\/2020\/03\/YouFra-joy_9697-1600x400.jpg",1600,402,false],"portraits":["https:\/\/ciofs.info\/wp-content\/uploads\/2020\/03\/YouFra-joy_9697-1600x400.jpg",1600,402,false],"thumbnail":["https:\/\/ciofs.info\/wp-content\/uploads\/2020\/03\/YouFra-joy_9697-1600x400-150x150.jpg",150,150,true],"medium":["https:\/\/ciofs.info\/wp-content\/uploads\/2020\/03\/YouFra-joy_9697-1600x400-300x75.jpg",300,75,true],"large":["https:\/\/ciofs.info\/wp-content\/uploads\/2020\/03\/YouFra-joy_9697-1600x400-1024x257.jpg",1024,257,true],"1536x1536":["https:\/\/ciofs.info\/wp-content\/uploads\/2020\/03\/YouFra-joy_9697-1600x400.jpg",1536,386,false],"2048x2048":["https:\/\/ciofs.info\/wp-content\/uploads\/2020\/03\/YouFra-joy_9697-1600x400.jpg",1600,402,false],"alm-thumbnail":["https:\/\/ciofs.info\/wp-content\/uploads\/2020\/03\/YouFra-joy_9697-1600x400.jpg",150,38,false]},"rttpg_author":{"display_name":"Luk\u00e1\u0161 Erlebach","author_link":"https:\/\/ciofs.info\/fr\/author\/lukas\/"},"rttpg_comment":0,"rttpg_category":"","rttpg_excerpt":"Jeunesse Franciscaine Nous croyons\u2026 et parce que nous croyons, nous sommes dans la joie! Vivre notre foi chr\u00e9tienne dans la joie, entour\u00e9 de fr\u00e8res et soeurs avec qui nous pouvons partager notre chemin vers Dieu \u2013 grandir ensemble dans l\u2019espoir que ce sont les petits actes de la vie quotidienne qui font la diff\u00e9rence\u2026 c\u2019est&hellip;","_links":{"self":[{"href":"https:\/\/ciofs.info\/fr\/wp-json\/wp\/v2\/pages\/9","targetHints":{"allow":["GET"]}}],"collection":[{"href":"https:\/\/ciofs.info\/fr\/wp-json\/wp\/v2\/pages"}],"about":[{"href":"https:\/\/ciofs.info\/fr\/wp-json\/wp\/v2\/types\/page"}],"author":[{"embeddable":true,"href":"https:\/\/ciofs.info\/fr\/wp-json\/wp\/v2\/users\/2"}],"replies":[{"embeddable":true,"href":"https:\/\/ciofs.info\/fr\/wp-json\/wp\/v2\/comments?post=9"}],"version-history":[{"count":19,"href":"https:\/\/ciofs.info\/fr\/wp-json\/wp\/v2\/pages\/9\/revisions"}],"predecessor-version":[{"id":3223,"href":"https:\/\/ciofs.info\/fr\/wp-json\/wp\/v2\/pages\/9\/revisions\/3223"}],"up":[{"embeddable":true,"href":"https:\/\/ciofs.info\/fr\/wp-json\/wp\/v2\/pages\/299"}],"wp:featuredmedia":[{"embeddable":true,"href":"https:\/\/ciofs.info\/fr\/wp-json\/wp\/v2\/media\/1133"}],"wp:attachment":[{"href":"https:\/\/ciofs.info\/fr\/wp-json\/wp\/v2\/media?parent=9"}],"curies":[{"name":"wp","href":"https:\/\/api.w.org\/{rel}","templated":true}]}}