{"id":6112,"date":"2024-11-10T14:50:22","date_gmt":"2024-11-10T14:50:22","guid":{"rendered":"https:\/\/ciofs.info\/?page_id=6112"},"modified":"2026-02-04T15:56:57","modified_gmt":"2026-02-04T15:56:57","slug":"2024-general-chapter","status":"publish","type":"page","link":"https:\/\/ciofs.info\/fr\/news\/gen-chapter\/2024-general-chapter\/","title":{"rendered":"2024 CHAPITRE G\u00c9N\u00c9RAL"},"content":{"rendered":"<p>Galerie de photos sur Flickr | <a href=\"https:\/\/www.flickr.com\/photos\/ordo_franciscanus_saecularis\/albums\" target=\"_blank\" rel=\"noopener\">https:\/\/www.flickr.com\/photos\/ordo_franciscanus_saecularis\/albums<\/a><\/p>\n<p>Journal vid\u00e9o sur YouTube | <a href=\"https:\/\/youtu.be\/P2xtljkhjmk?si=Qw5-06KRZLZCtW4M\" target=\"_blank\" rel=\"noopener\">Jour 1<\/a> | <a href=\"https:\/\/www.youtube.com\/watch?v=8rxg39zIlgM\" target=\"_blank\" rel=\"noopener\">Jour 2<\/a> | <a href=\"https:\/\/www.youtube.com\/watch?v=O2rXitMYkm8&amp;t=3s\" target=\"_blank\" rel=\"noopener\">Jour 3<\/a> | <a href=\"https:\/\/youtu.be\/lFsocXPDSOI?si=jFVjAVHuD4qfvwk_\" target=\"_blank\" rel=\"noopener\">Jour 4<\/a> | <a href=\"https:\/\/youtu.be\/xjUoviT1aPw?si=nR3_4EyCHhEB2Bj9\" target=\"_blank\" rel=\"noopener\">Jour 5<\/a> | <a href=\"https:\/\/www.youtube.com\/watch?v=onsTVghBc_0&amp;t=1s\" target=\"_blank\" rel=\"noopener\">Jour 6<\/a> | <a href=\"https:\/\/www.youtube.com\/watch?v=bEbKSrgQyP0\" target=\"_blank\" rel=\"noopener\">Jour 7<\/a> | <a href=\"https:\/\/www.youtube.com\/watch?v=yi_t7K1tbr0\" target=\"_blank\" rel=\"noopener\">Jour 8<\/a> | <a href=\"https:\/\/www.youtube.com\/watch?v=28TDkC4_oZs\" target=\"_blank\" rel=\"noopener\">Jour 9<\/a> |<\/p>\n<p>&nbsp;<\/p>\n<style type='text\/css' media='all'>#rt-tpg-container-2259594299 .rt-holder .rt-woo-info .price{color:#0367bf;}body .rt-tpg-container .rt-tpg-isotope-buttons .selected,\n\t\t\t\t\t#rt-tpg-container-2259594299 .layout12 .rt-holder:hover .rt-detail,\n\t\t\t\t\t#rt-tpg-container-2259594299 .isotope8 .rt-holder:hover .rt-detail,\n\t\t\t\t\t#rt-tpg-container-2259594299 .carousel8 .rt-holder:hover .rt-detail,\n\t\t\t\t\t#rt-tpg-container-2259594299 .layout13 .rt-holder .overlay .post-info,\n\t\t\t\t\t#rt-tpg-container-2259594299 .isotope9 .rt-holder .overlay .post-info,\n\t\t\t\t\t#rt-tpg-container-2259594299.rt-tpg-container .layout4 .rt-holder .rt-detail,\n\t\t\t\t\t.rt-modal-2259594299 .md-content,\n\t\t\t\t\t.rt-modal-2259594299 .md-content > .rt-md-content-holder .rt-md-content,\n\t\t\t\t\t.rt-popup-wrap-2259594299.rt-popup-wrap .rt-popup-navigation-wrap,\n\t\t\t\t\t#rt-tpg-container-2259594299 .carousel9 .rt-holder .overlay .post-info{background-color:#0367bf;}#rt-tpg-container-2259594299 .layout5 .rt-holder .overlay, #rt-tpg-container-2259594299 .isotope2 .rt-holder .overlay, #rt-tpg-container-2259594299 .carousel2 .rt-holder .overlay,#rt-tpg-container-2259594299 .layout15 .rt-holder h3, #rt-tpg-container-2259594299 .isotope11 .rt-holder h3, #rt-tpg-container-2259594299 .carousel11 .rt-holder h3, #rt-tpg-container-2259594299 .layout16 .rt-holder h3,\n\t\t\t\t\t#rt-tpg-container-2259594299 .isotope12 .rt-holder h3, #rt-tpg-container-2259594299 .carousel12 .rt-holder h3 {background-color:rgba(3,103,191,0.8);}#rt-tpg-container-2259594299 .read-more a{border-radius:px;}#rt-tpg-container-2259594299 .rt-img-holder img.rt-img-responsive,#rt-tpg-container-2259594299 .rt-img-holder,\n\t\t\t\t\t#rt-tpg-container-2259594299 .rt-post-overlay .post-img,\n\t\t\t\t\t#rt-tpg-container-2259594299 .post-sm .post-img,\n\t\t\t\t\t#rt-tpg-container-2259594299 .rt-post-grid .post-img,\n\t\t\t\t\t#rt-tpg-container-2259594299 .post-img img {border-radius:px;}<\/style><div class='rt-container-fluid rt-tpg-container tpg-shortcode-main-wrapper ' id='rt-tpg-container-2259594299'   data-layout='layout5' data-grid-style='even' data-desktop-col='4'  data-tab-col='2'  data-mobile-col='1' data-sc-id='6114'><div data-title='Loading ...' class='rt-row rt-content-loader   layout5 tpg-even '><div class=\"rt-col-md-3 rt-col-sm-6 rt-col-xs-12 even-grid-item rt-grid-item\" data-id=\"7147\"><div class=\"rt-holder\"><div class=\"overlay\"><h3 class=\"entry-title\"><a data-id=\"7147\" class=\"\" href=\"https:\/\/ciofs.info\/fr\/2026\/02\/03\/concluding-document-of-17th-general-chapter\/\">Documentconclusif du 17e Chapitre g\u00e9n\u00e9ral<\/a><\/h3><span class='post-meta-user '><span class='date-meta'><i class='far fa-calendar-alt '><\/i>February 3, 2026<\/span><\/span><div class='rt-detail'><div class='tpg-excerpt'>Document final (PDF)...<\/div><div class='post-meta '><span class='read-more'><a data-id='7147' class='' href='https:\/\/ciofs.info\/fr\/2026\/02\/03\/concluding-document-of-17th-general-chapter\/'>Read More<\/a><\/span><\/div><\/div><\/div> <a data-id='7147' class='' href='https:\/\/ciofs.info\/fr\/2026\/02\/03\/concluding-document-of-17th-general-chapter\/'><img fetchpriority=\"high\" decoding=\"async\" width=\"1507\" height=\"621\" src=\"https:\/\/ciofs.info\/wp-content\/uploads\/2026\/02\/1Chapter-Theme-Sign9836crp-1500px.jpg\" class=\"rt-img-responsive \" alt=\"Chapter theme sign\" \/><\/a><\/div><\/div><div class=\"rt-col-md-3 rt-col-sm-6 rt-col-xs-12 even-grid-item rt-grid-item\" data-id=\"6269\"><div class=\"rt-holder\"><div class=\"overlay\"><h3 class=\"entry-title\"><a data-id=\"6269\" class=\"\" href=\"https:\/\/ciofs.info\/fr\/2024\/11\/23\/work-for-peace-when-the-words-of-the-gospel-make-you-hurt-pray\/\">TRAVAILLER POUR LA PAIX : Quand les mots de l\u2019\u00c9vangile vous font mal, priez&#8230;<\/a><\/h3><span class='post-meta-user '><span class='date-meta'><i class='far fa-calendar-alt '><\/i>November 23, 2024<\/span><\/span><div class='rt-detail'><div class='tpg-excerpt'>Le th\u00e8me \u00e9tait \u00ab Travailler pour la paix \u00bb et Dina Shabalina, OFS, l\u2019a abord\u00e9...<\/div><div class='post-meta '><span class='read-more'><a data-id='6269' class='' href='https:\/\/ciofs.info\/fr\/2024\/11\/23\/work-for-peace-when-the-words-of-the-gospel-make-you-hurt-pray\/'>Read More<\/a><\/span><\/div><\/div><\/div> <a data-id='6269' class='' href='https:\/\/ciofs.info\/fr\/2024\/11\/23\/work-for-peace-when-the-words-of-the-gospel-make-you-hurt-pray\/'><img decoding=\"async\" width=\"1600\" height=\"1067\" src=\"https:\/\/ciofs.info\/wp-content\/uploads\/2024\/11\/1IMG_8873-1600px1.jpg\" class=\"rt-img-responsive \" alt=\"Dina Shabalina\" \/><\/a><\/div><\/div><div class=\"rt-col-md-3 rt-col-sm-6 rt-col-xs-12 even-grid-item rt-grid-item\" data-id=\"6255\"><div class=\"rt-holder\"><div class=\"overlay\"><h3 class=\"entry-title\"><a data-id=\"6255\" class=\"\" href=\"https:\/\/ciofs.info\/fr\/2024\/11\/23\/a-day-for-peace\/\">Une journ\u00e9e pour la paix<\/a><\/h3><span class='post-meta-user '><span class='date-meta'><i class='far fa-calendar-alt '><\/i>November 23, 2024<\/span><\/span><div class='rt-detail'><div class='tpg-excerpt'>On pourrait dire que le 16 novembre a \u00e9t\u00e9 une journ\u00e9e de paix, de justice...<\/div><div class='post-meta '><span class='read-more'><a data-id='6255' class='' href='https:\/\/ciofs.info\/fr\/2024\/11\/23\/a-day-for-peace\/'>Read More<\/a><\/span><\/div><\/div><\/div> <a data-id='6255' class='' href='https:\/\/ciofs.info\/fr\/2024\/11\/23\/a-day-for-peace\/'><img decoding=\"async\" width=\"1500\" height=\"750\" src=\"https:\/\/ciofs.info\/wp-content\/uploads\/2024\/11\/1IMG_8892crp-1500px.jpg\" class=\"rt-img-responsive \" alt=\"Peace and disarmament speaker\" \/><\/a><\/div><\/div><div class=\"rt-col-md-3 rt-col-sm-6 rt-col-xs-12 even-grid-item rt-grid-item\" data-id=\"6263\"><div class=\"rt-holder\"><div class=\"overlay\"><h3 class=\"entry-title\"><a data-id=\"6263\" class=\"\" href=\"https:\/\/ciofs.info\/fr\/2024\/11\/23\/3-year-budget-approved\/\">Budget triennal approuv\u00e9<\/a><\/h3><span class='post-meta-user '><span class='date-meta'><i class='far fa-calendar-alt '><\/i>November 23, 2024<\/span><\/span><div class='rt-detail'><div class='tpg-excerpt'>ROME \u2013 Le 16 novembre, le Chapitre g\u00e9n\u00e9ral a approuv\u00e9 \u00e0 une \u00e9crasante majorit\u00e9 un...<\/div><div class='post-meta '><span class='read-more'><a data-id='6263' class='' href='https:\/\/ciofs.info\/fr\/2024\/11\/23\/3-year-budget-approved\/'>Read More<\/a><\/span><\/div><\/div><\/div> <a data-id='6263' class='' href='https:\/\/ciofs.info\/fr\/2024\/11\/23\/3-year-budget-approved\/'><img loading=\"lazy\" decoding=\"async\" width=\"1500\" height=\"759\" src=\"https:\/\/ciofs.info\/wp-content\/uploads\/2024\/11\/1IMG_8818crp-1500.jpg\" class=\"rt-img-responsive \" alt=\"Treasurer Roberto\" \/><\/a><\/div><\/div><div class=\"rt-col-md-3 rt-col-sm-6 rt-col-xs-12 even-grid-item rt-grid-item\" data-id=\"6277\"><div class=\"rt-holder\"><div class=\"overlay\"><h3 class=\"entry-title\"><a data-id=\"6277\" class=\"\" href=\"https:\/\/ciofs.info\/fr\/2024\/11\/23\/a-vocation-to-be-with-and-among-people-an-untiring-prayer\/\">Une vocation \u00e0 \u00eatre avec et parmi les gens \u2013 une pri\u00e8re infatigable<\/a><\/h3><span class='post-meta-user '><span class='date-meta'><i class='far fa-calendar-alt '><\/i>November 23, 2024<\/span><\/span><div class='rt-detail'><div class='tpg-excerpt'>Le P\u00e8re Massimo Fusarelli, ministre g\u00e9n\u00e9ral des fr\u00e8res OFM, a commenc\u00e9 son hom\u00e9lie du Chapitre...<\/div><div class='post-meta '><span class='read-more'><a data-id='6277' class='' href='https:\/\/ciofs.info\/fr\/2024\/11\/23\/a-vocation-to-be-with-and-among-people-an-untiring-prayer\/'>Read More<\/a><\/span><\/div><\/div><\/div> <a data-id='6277' class='' href='https:\/\/ciofs.info\/fr\/2024\/11\/23\/a-vocation-to-be-with-and-among-people-an-untiring-prayer\/'><img loading=\"lazy\" decoding=\"async\" width=\"1500\" height=\"1000\" src=\"https:\/\/ciofs.info\/wp-content\/uploads\/2024\/11\/1IMG_8801-1500px.jpg\" class=\"rt-img-responsive \" alt=\"Fr Massimo Fusarelli\" \/><\/a><\/div><\/div><div class=\"rt-col-md-3 rt-col-sm-6 rt-col-xs-12 even-grid-item rt-grid-item\" data-id=\"6244\"><div class=\"rt-holder\"><div class=\"overlay\"><h3 class=\"entry-title\"><a data-id=\"6244\" class=\"\" href=\"https:\/\/ciofs.info\/fr\/2024\/11\/16\/friar-praises-ofs-while-youfra-spreads-joy\/\">Un fr\u00e8re fait l\u2019\u00e9loge de l\u2019OFS tandis que la JeFra r\u00e9pand la joie<\/a><\/h3><span class='post-meta-user '><span class='date-meta'><i class='far fa-calendar-alt '><\/i>November 16, 2024<\/span><\/span><div class='rt-detail'><div class='tpg-excerpt'>La journ\u00e9e a commenc\u00e9 avec enthousiasme et un sens partag\u00e9 de l\u2019espoir et de la...<\/div><div class='post-meta '><span class='read-more'><a data-id='6244' class='' href='https:\/\/ciofs.info\/fr\/2024\/11\/16\/friar-praises-ofs-while-youfra-spreads-joy\/'>Read More<\/a><\/span><\/div><\/div><\/div> <a data-id='6244' class='' href='https:\/\/ciofs.info\/fr\/2024\/11\/16\/friar-praises-ofs-while-youfra-spreads-joy\/'><img loading=\"lazy\" decoding=\"async\" width=\"1500\" height=\"607\" src=\"https:\/\/ciofs.info\/wp-content\/uploads\/2024\/11\/1YouFra-FrCarlos-featured-pic-1500x607-1.jpg\" class=\"rt-img-responsive \" alt=\"YouFra and Fr Carlos\" \/><\/a><\/div><\/div><div class=\"rt-col-md-3 rt-col-sm-6 rt-col-xs-12 even-grid-item rt-grid-item\" data-id=\"6222\"><div class=\"rt-holder\"><div class=\"overlay\"><h3 class=\"entry-title\"><a data-id=\"6222\" class=\"\" href=\"https:\/\/ciofs.info\/fr\/2024\/11\/15\/panelists-love-of-god-love-for-others-love-of-self\/\">Pan\u00e9listes : Amour de Dieu, amour des autres, amour de soi<\/a><\/h3><span class='post-meta-user '><span class='date-meta'><i class='far fa-calendar-alt '><\/i>November 15, 2024<\/span><\/span><div class='rt-detail'><div class='tpg-excerpt'>L&#8217;AMOUR DE DIEU ROME &#8212; Une table ronde sur les diff\u00e9rents types d&#8217;amour a \u00e9t\u00e9...<\/div><div class='post-meta '><span class='read-more'><a data-id='6222' class='' href='https:\/\/ciofs.info\/fr\/2024\/11\/15\/panelists-love-of-god-love-for-others-love-of-self\/'>Read More<\/a><\/span><\/div><\/div><\/div> <a data-id='6222' class='' href='https:\/\/ciofs.info\/fr\/2024\/11\/15\/panelists-love-of-god-love-for-others-love-of-self\/'><img loading=\"lazy\" decoding=\"async\" width=\"1500\" height=\"608\" src=\"https:\/\/ciofs.info\/wp-content\/uploads\/2024\/11\/1Panelists-Ricardo-Michel-Stefania_7997-1500x407px.jpg\" class=\"rt-img-responsive \" alt=\"Panelists\" \/><\/a><\/div><\/div><div class=\"rt-col-md-3 rt-col-sm-6 rt-col-xs-12 even-grid-item rt-grid-item\" data-id=\"6238\"><div class=\"rt-holder\"><div class=\"overlay\"><h3 class=\"entry-title\"><a data-id=\"6238\" class=\"\" href=\"https:\/\/ciofs.info\/fr\/2024\/11\/15\/singing-friar-urges-ofs-to-be-counter-cultural\/\">Un fr\u00e8re chanteur exhorte l\u2019OFS \u00e0 \u00eatre contre-culturel<\/a><\/h3><span class='post-meta-user '><span class='date-meta'><i class='far fa-calendar-alt '><\/i>November 15, 2024<\/span><\/span><div class='rt-detail'><div class='tpg-excerpt'>En plus d\u2019\u00eatre ministre g\u00e9n\u00e9ral du Troisi\u00e8me Ordre R\u00e9gulier, Amando Trujillo Cano, TOR, est un...<\/div><div class='post-meta '><span class='read-more'><a data-id='6238' class='' href='https:\/\/ciofs.info\/fr\/2024\/11\/15\/singing-friar-urges-ofs-to-be-counter-cultural\/'>Read More<\/a><\/span><\/div><\/div><\/div> <a data-id='6238' class='' href='https:\/\/ciofs.info\/fr\/2024\/11\/15\/singing-friar-urges-ofs-to-be-counter-cultural\/'><img loading=\"lazy\" decoding=\"async\" width=\"1500\" height=\"730\" src=\"https:\/\/ciofs.info\/wp-content\/uploads\/2024\/11\/1Fr-Amando_4942-3-1500x730px.jpg\" class=\"rt-img-responsive \" alt=\"Fr Amando\" \/><\/a><\/div><\/div><div class=\"rt-col-md-3 rt-col-sm-6 rt-col-xs-12 even-grid-item rt-grid-item\" data-id=\"6187\"><div class=\"rt-holder\"><div class=\"overlay\"><h3 class=\"entry-title\"><a data-id=\"6187\" class=\"\" href=\"https:\/\/ciofs.info\/fr\/2024\/11\/14\/keynote-presentation-addresses-our-response-to-gods-love\/\">La pr\u00e9sentation principale traite de notre r\u00e9ponse \u00e0 l\u2019amour de Dieu<\/a><\/h3><span class='post-meta-user '><span class='date-meta'><i class='far fa-calendar-alt '><\/i>November 14, 2024<\/span><\/span><div class='rt-detail'><div class='tpg-excerpt'>En pronon\u00e7ant le discours principal du Chapitre g\u00e9n\u00e9ral, Mich\u00e8le Altmeyer, OFS, a d\u2019abord rappel\u00e9 le...<\/div><div class='post-meta '><span class='read-more'><a data-id='6187' class='' href='https:\/\/ciofs.info\/fr\/2024\/11\/14\/keynote-presentation-addresses-our-response-to-gods-love\/'>Read More<\/a><\/span><\/div><\/div><\/div> <a data-id='6187' class='' href='https:\/\/ciofs.info\/fr\/2024\/11\/14\/keynote-presentation-addresses-our-response-to-gods-love\/'><img loading=\"lazy\" decoding=\"async\" width=\"1500\" height=\"607\" src=\"https:\/\/ciofs.info\/wp-content\/uploads\/2024\/11\/1IMG_4608-1500x607a.jpg\" class=\"rt-img-responsive \" alt=\"Mich\u00e8le Altmeyer\" \/><\/a><\/div><\/div><\/div><div class='rt-pagination-wrap' data-total-pages='2' data-posts-per-page='9' data-type='pagination'  ><div class=\"rt-pagination\" ><ul class=\"pagination-list\"><li class=\"active\"><span>1<\/span><\/li><li><a data-paged='2' href='https:\/\/ciofs.info\/fr\/wp-json\/wp\/v2\/pages\/6112\/page\/2\/'>2<\/a><\/li><\/ul><\/div><\/div><\/div>\n","protected":false},"excerpt":{"rendered":"<p>Galerie de photos sur Flickr | https:\/\/www.flickr.com\/photos\/ordo_franciscanus_saecularis\/albums Journal vid\u00e9o sur YouTube | Jour 1 | Jour 2 | Jour 3 | Jour 4 | Jour 5 | Jour 6 | Jour 7 | Jour 8 | Jour 9 | &nbsp;<\/p>\n","protected":false},"author":1,"featured_media":6275,"parent":323,"menu_order":0,"comment_status":"closed","ping_status":"closed","template":"","meta":{"site-sidebar-layout":"no-sidebar","site-content-layout":"default","ast-site-content-layout":"default","site-content-style":"default","site-sidebar-style":"default","ast-global-header-display":"","ast-banner-title-visibility":"","ast-main-header-display":"","ast-hfb-above-header-display":"","ast-hfb-below-header-display":"","ast-hfb-mobile-header-display":"","site-post-title":"","ast-breadcrumbs-content":"","ast-featured-img":"","footer-sml-layout":"","ast-disable-related-posts":"","theme-transparent-header-meta":"default","adv-header-id-meta":"","stick-header-meta":"","header-above-stick-meta":"","header-main-stick-meta":"","header-below-stick-meta":"","astra-migrate-meta-layouts":"set","ast-page-background-enabled":"default","ast-page-background-meta":{"desktop":{"background-color":"","background-image":"","background-repeat":"repeat","background-position":"center center","background-size":"auto","background-attachment":"scroll","background-type":"","background-media":"","overlay-type":"","overlay-color":"","overlay-opacity":"","overlay-gradient":""},"tablet":{"background-color":"","background-image":"","background-repeat":"repeat","background-position":"center center","background-size":"auto","background-attachment":"scroll","background-type":"","background-media":"","overlay-type":"","overlay-color":"","overlay-opacity":"","overlay-gradient":""},"mobile":{"background-color":"","background-image":"","background-repeat":"repeat","background-position":"center center","background-size":"auto","background-attachment":"scroll","background-type":"","background-media":"","overlay-type":"","overlay-color":"","overlay-opacity":"","overlay-gradient":""}},"ast-content-background-meta":{"desktop":{"background-color":"var(--ast-global-color-5)","background-image":"","background-repeat":"repeat","background-position":"center center","background-size":"auto","background-attachment":"scroll","background-type":"","background-media":"","overlay-type":"","overlay-color":"","overlay-opacity":"","overlay-gradient":""},"tablet":{"background-color":"var(--ast-global-color-5)","background-image":"","background-repeat":"repeat","background-position":"center center","background-size":"auto","background-attachment":"scroll","background-type":"","background-media":"","overlay-type":"","overlay-color":"","overlay-opacity":"","overlay-gradient":""},"mobile":{"background-color":"var(--ast-global-color-5)","background-image":"","background-repeat":"repeat","background-position":"center center","background-size":"auto","background-attachment":"scroll","background-type":"","background-media":"","overlay-type":"","overlay-color":"","overlay-opacity":"","overlay-gradient":""}},"footnotes":""},"class_list":["post-6112","page","type-page","status-publish","has-post-thumbnail","hentry"],"translation":{"provider":"WPGlobus","version":"3.0.2","language":"fr","enabled_languages":["en","it","es","fr"],"languages":{"en":{"title":true,"content":true,"excerpt":false},"it":{"title":true,"content":true,"excerpt":false},"es":{"title":true,"content":true,"excerpt":false},"fr":{"title":true,"content":true,"excerpt":false}}},"rttpg_featured_image_url":{"full":["https:\/\/ciofs.info\/wp-content\/uploads\/2024\/11\/IMG_8637crp-1500px.jpg",1500,665,false],"landscape":["https:\/\/ciofs.info\/wp-content\/uploads\/2024\/11\/IMG_8637crp-1500px.jpg",1500,665,false],"portraits":["https:\/\/ciofs.info\/wp-content\/uploads\/2024\/11\/IMG_8637crp-1500px.jpg",1500,665,false],"thumbnail":["https:\/\/ciofs.info\/wp-content\/uploads\/2024\/11\/IMG_8637crp-1500px-150x67.jpg",150,67,true],"medium":["https:\/\/ciofs.info\/wp-content\/uploads\/2024\/11\/IMG_8637crp-1500px-300x133.jpg",300,133,true],"large":["https:\/\/ciofs.info\/wp-content\/uploads\/2024\/11\/IMG_8637crp-1500px-1024x454.jpg",1024,454,true],"1536x1536":["https:\/\/ciofs.info\/wp-content\/uploads\/2024\/11\/IMG_8637crp-1500px.jpg",1500,665,false],"2048x2048":["https:\/\/ciofs.info\/wp-content\/uploads\/2024\/11\/IMG_8637crp-1500px.jpg",1500,665,false],"alm-thumbnail":["https:\/\/ciofs.info\/wp-content\/uploads\/2024\/11\/IMG_8637crp-1500px-150x150.jpg",150,150,true]},"rttpg_author":{"display_name":"robert","author_link":"https:\/\/ciofs.info\/fr\/author\/robert\/"},"rttpg_comment":0,"rttpg_category":"","rttpg_excerpt":"Galerie de photos sur Flickr | https:\/\/www.flickr.com\/photos\/ordo_franciscanus_saecularis\/albums Journal vid\u00e9o sur YouTube | Jour 1 | Jour 2 | Jour 3 | Jour 4 | Jour 5 | Jour 6 | Jour 7 | Jour 8 | Jour 9 | &nbsp;","_links":{"self":[{"href":"https:\/\/ciofs.info\/fr\/wp-json\/wp\/v2\/pages\/6112","targetHints":{"allow":["GET"]}}],"collection":[{"href":"https:\/\/ciofs.info\/fr\/wp-json\/wp\/v2\/pages"}],"about":[{"href":"https:\/\/ciofs.info\/fr\/wp-json\/wp\/v2\/types\/page"}],"author":[{"embeddable":true,"href":"https:\/\/ciofs.info\/fr\/wp-json\/wp\/v2\/users\/1"}],"replies":[{"embeddable":true,"href":"https:\/\/ciofs.info\/fr\/wp-json\/wp\/v2\/comments?post=6112"}],"version-history":[{"count":30,"href":"https:\/\/ciofs.info\/fr\/wp-json\/wp\/v2\/pages\/6112\/revisions"}],"predecessor-version":[{"id":7166,"href":"https:\/\/ciofs.info\/fr\/wp-json\/wp\/v2\/pages\/6112\/revisions\/7166"}],"up":[{"embeddable":true,"href":"https:\/\/ciofs.info\/fr\/wp-json\/wp\/v2\/pages\/323"}],"wp:featuredmedia":[{"embeddable":true,"href":"https:\/\/ciofs.info\/fr\/wp-json\/wp\/v2\/media\/6275"}],"wp:attachment":[{"href":"https:\/\/ciofs.info\/fr\/wp-json\/wp\/v2\/media?parent=6112"}],"curies":[{"name":"wp","href":"https:\/\/api.w.org\/{rel}","templated":true}]}}