{"id":5824,"date":"2024-09-08T22:07:31","date_gmt":"2024-09-08T22:07:31","guid":{"rendered":"https:\/\/ciofs.info\/?page_id=5824"},"modified":"2024-09-12T19:05:11","modified_gmt":"2024-09-12T19:05:11","slug":"e-newsletter","status":"publish","type":"page","link":"https:\/\/ciofs.info\/fr\/news\/e-newsletter\/","title":{"rendered":"Bulletin d&#8217;information \u00e9lectronique"},"content":{"rendered":"<p><img fetchpriority=\"high\" decoding=\"async\" src=\"https:\/\/ciofs.info\/wp-content\/uploads\/2024\/09\/1FR-1024x166.jpg\" alt=\"FR e-newsletter banner\" width=\"1024\" height=\"166\" class=\"aligncenter size-large wp-image-5849\" srcset=\"https:\/\/ciofs.info\/wp-content\/uploads\/2024\/09\/1FR-1024x166.jpg 1024w, https:\/\/ciofs.info\/wp-content\/uploads\/2024\/09\/1FR-300x49.jpg 300w, https:\/\/ciofs.info\/wp-content\/uploads\/2024\/09\/1FR-768x125.jpg 768w, https:\/\/ciofs.info\/wp-content\/uploads\/2024\/09\/1FR-1536x250.jpg 1536w, https:\/\/ciofs.info\/wp-content\/uploads\/2024\/09\/1FR.jpg 1920w\" sizes=\"(max-width: 1024px) 100vw, 1024px\" \/>Le secr\u00e9tariat \u00e0 la communication publie une lettre d&#8217;information \u00e9lectronique mensuelle distribu\u00e9e par courrier \u00e9lectronique. Il pr\u00e9sente des nouvelles et des mises \u00e0 jour du CIOFS. Les membres de la famille franciscaine sont invit\u00e9s \u00e0 s&#8217;abonner.<\/p>\n<p><iframe width=\"540\" height=\"755\" src=\"https:\/\/adbaca69.sibforms.com\/serve\/MUIFALTLjgCkCS-Zm4ogqhoqrgehpwBrfhubx8MjKg3Ht9NPDaVMtuTk1KO8Tjh4mjQ4lKq71iF6Spbz0cAkknzutWTBFokyOIVrnGr2bHTgAC_D6BrP_aSCt3As6fJ3Ng29KX2V7NvDqSxjSP2Ts9YWeiu3JidzhmZJ0iyLFf25CUtH4-BgFdNgAO1-iU_bU_AU6oUiRlocMoaH\" frameborder=\"0\" scrolling=\"auto\" allowfullscreen style=\"display: block;margin-left: auto;margin-right: auto;max-width: 100%;\"><\/iframe><\/p>\n","protected":false},"excerpt":{"rendered":"<p>Le secr\u00e9tariat \u00e0 la communication publie une lettre d&#8217;information \u00e9lectronique mensuelle distribu\u00e9e par courrier \u00e9lectronique. Il pr\u00e9sente des nouvelles et des mises \u00e0 jour du CIOFS. Les membres de la famille franciscaine sont invit\u00e9s \u00e0 s&#8217;abonner.<\/p>\n","protected":false},"author":1,"featured_media":0,"parent":315,"menu_order":0,"comment_status":"closed","ping_status":"closed","template":"","meta":{"site-sidebar-layout":"no-sidebar","site-content-layout":"default","ast-site-content-layout":"default","site-content-style":"default","site-sidebar-style":"default","ast-global-header-display":"","ast-banner-title-visibility":"","ast-main-header-display":"","ast-hfb-above-header-display":"","ast-hfb-below-header-display":"","ast-hfb-mobile-header-display":"","site-post-title":"disabled","ast-breadcrumbs-content":"","ast-featured-img":"disabled","footer-sml-layout":"","ast-disable-related-posts":"","theme-transparent-header-meta":"default","adv-header-id-meta":"","stick-header-meta":"","header-above-stick-meta":"","header-main-stick-meta":"","header-below-stick-meta":"","astra-migrate-meta-layouts":"default","ast-page-background-enabled":"default","ast-page-background-meta":{"desktop":{"background-color":"","background-image":"","background-repeat":"repeat","background-position":"center center","background-size":"auto","background-attachment":"scroll","background-type":"","background-media":"","overlay-type":"","overlay-color":"","overlay-opacity":"","overlay-gradient":""},"tablet":{"background-color":"","background-image":"","background-repeat":"repeat","background-position":"center center","background-size":"auto","background-attachment":"scroll","background-type":"","background-media":"","overlay-type":"","overlay-color":"","overlay-opacity":"","overlay-gradient":""},"mobile":{"background-color":"","background-image":"","background-repeat":"repeat","background-position":"center center","background-size":"auto","background-attachment":"scroll","background-type":"","background-media":"","overlay-type":"","overlay-color":"","overlay-opacity":"","overlay-gradient":""}},"ast-content-background-meta":{"desktop":{"background-color":"var(--ast-global-color-5)","background-image":"","background-repeat":"repeat","background-position":"center center","background-size":"auto","background-attachment":"scroll","background-type":"","background-media":"","overlay-type":"","overlay-color":"","overlay-opacity":"","overlay-gradient":""},"tablet":{"background-color":"var(--ast-global-color-5)","background-image":"","background-repeat":"repeat","background-position":"center center","background-size":"auto","background-attachment":"scroll","background-type":"","background-media":"","overlay-type":"","overlay-color":"","overlay-opacity":"","overlay-gradient":""},"mobile":{"background-color":"var(--ast-global-color-5)","background-image":"","background-repeat":"repeat","background-position":"center center","background-size":"auto","background-attachment":"scroll","background-type":"","background-media":"","overlay-type":"","overlay-color":"","overlay-opacity":"","overlay-gradient":""}},"footnotes":""},"class_list":["post-5824","page","type-page","status-publish","hentry"],"translation":{"provider":"WPGlobus","version":"3.0.2","language":"fr","enabled_languages":["en","it","es","fr"],"languages":{"en":{"title":true,"content":true,"excerpt":false},"it":{"title":true,"content":true,"excerpt":false},"es":{"title":true,"content":true,"excerpt":false},"fr":{"title":true,"content":true,"excerpt":false}}},"rttpg_featured_image_url":null,"rttpg_author":{"display_name":"robert","author_link":"https:\/\/ciofs.info\/fr\/author\/robert\/"},"rttpg_comment":0,"rttpg_category":null,"rttpg_excerpt":"Le secr\u00e9tariat \u00e0 la communication publie une lettre d&#8217;information \u00e9lectronique mensuelle distribu\u00e9e par courrier \u00e9lectronique. Il pr\u00e9sente des nouvelles et des mises \u00e0 jour du CIOFS. Les membres de la famille franciscaine sont invit\u00e9s \u00e0 s&#8217;abonner.","_links":{"self":[{"href":"https:\/\/ciofs.info\/fr\/wp-json\/wp\/v2\/pages\/5824","targetHints":{"allow":["GET"]}}],"collection":[{"href":"https:\/\/ciofs.info\/fr\/wp-json\/wp\/v2\/pages"}],"about":[{"href":"https:\/\/ciofs.info\/fr\/wp-json\/wp\/v2\/types\/page"}],"author":[{"embeddable":true,"href":"https:\/\/ciofs.info\/fr\/wp-json\/wp\/v2\/users\/1"}],"replies":[{"embeddable":true,"href":"https:\/\/ciofs.info\/fr\/wp-json\/wp\/v2\/comments?post=5824"}],"version-history":[{"count":26,"href":"https:\/\/ciofs.info\/fr\/wp-json\/wp\/v2\/pages\/5824\/revisions"}],"predecessor-version":[{"id":5862,"href":"https:\/\/ciofs.info\/fr\/wp-json\/wp\/v2\/pages\/5824\/revisions\/5862"}],"up":[{"embeddable":true,"href":"https:\/\/ciofs.info\/fr\/wp-json\/wp\/v2\/pages\/315"}],"wp:attachment":[{"href":"https:\/\/ciofs.info\/fr\/wp-json\/wp\/v2\/media?parent=5824"}],"curies":[{"name":"wp","href":"https:\/\/api.w.org\/{rel}","templated":true}]}}