{"id":3336,"date":"2021-03-02T04:08:50","date_gmt":"2021-03-02T04:08:50","guid":{"rendered":"https:\/\/ciofs.info\/?page_id=3336"},"modified":"2021-09-24T21:11:40","modified_gmt":"2021-09-24T21:11:40","slug":"memoriale-propositi-our-heritage","status":"publish","type":"page","link":"https:\/\/ciofs.info\/fr\/history\/memoriale-propositi-our-heritage\/","title":{"rendered":"Memoriale Propositi: Notre heritage"},"content":{"rendered":"<h3><strong>800 ans du Memoriale Propositi (1221-2021)<\/strong><\/h3>\r\n<p><span style=\"font-size: 14pt;\">\u00abLa spiritualit\u00e9 du mouvement p\u00e9nitentiel des premiers fr\u00e8res et s\u0153urs qui ont suivi la forme de vie donn\u00e9e par Fran\u00e7ois, nous pouvons la synth\u00e9tiser \u00e0 partir de ce document de la mani\u00e8re suivante :<\/span><\/p>\r\n<ul>\r\n<li><span style=\"font-size: 14pt;\">Vie p\u00e9nitentielle : p\u00e9nitences, je\u00fbnes, abstinences, \u0153uvres de mis\u00e9ricorde, vie de pri\u00e8re.<\/span><\/li>\r\n<li><span style=\"font-size: 14pt;\">Vivre en fraternit\u00e9 : vivre les valeurs humaines, attentifs avec les personnes ; apporter \u00e0 la fraternit\u00e9, \u00e0 la famille et aux fr\u00e8res et s\u0153urs la paix, le bien \u00bb.<\/span><\/li>\r\n<\/ul>\r\n<p><a href=\"https:\/\/ciofs.info\/wp-content\/uploads\/2021\/01\/FR-Celebration-des-800-ans-de-Memoriale-propositi-circulaire.pdf\"><span style=\"font-size: 14pt;\">Lisez l&#8217;int\u00e9gralit\u00e9 de la lettre circulaire du ministre g\u00e9n\u00e9ral.<\/span><\/a><\/p>\r\n<table style=\"border-collapse: collapse; width: 100%;\">\r\n<tbody>\r\n<tr>\r\n<td style=\"width: 33.3333%;\">\r\n<h3>Messages vid\u00e9o<\/h3>\r\n<p>Le ministre g\u00e9n\u00e9ral pr\u00e9sente Memoriale Propositi<\/p>\r\n<iframe title=\"YouTube video player\" src=\"https:\/\/www.youtube.com\/embed\/D92sbmKoCh4\" width=\"560\" height=\"315\" frameborder=\"0\" allowfullscreen=\"allowfullscreen\"><\/iframe><\/td>\r\n<td style=\"width: 33.3333%;\">\r\n<h3>R\u00e9flexions<\/h3>\r\n<p><span style=\"font-size: 14pt;\"><a href=\"https:\/\/ciofs.info\/wp-content\/uploads\/2021\/03\/FR-Memoriale-propositi-1u\u0328-Contribution_fevrier-2021.pdf\">Cadre historique<\/a> (PDF)<\/span><\/p>\r\n<p><span style=\"font-size: 14pt;\"><a href=\"https:\/\/ciofs.info\/wp-content\/uploads\/2021\/07\/FR-Memoriale-propositi-2\u00b0-Contribution_juin-2021.pdf\">Texte et analyse du Memoriale Propositi<\/a> (PDF)<\/span><\/p>\r\n<p><span style=\"font-size: 14pt;\"><a href=\"https:\/\/ciofs.info\/wp-content\/uploads\/2021\/09\/FR-Memoriale-propositi-3-C-ontribution_septembre-2021.pdf\">Comment vivre les valeurs du Memoriale Propositi dans le contexte d\u2019aujourd\u2019hui<\/a> (PDF)<\/span><span style=\"font-size: 14pt;\"><em><br \/><\/em><\/span><\/p>\r\n<\/td>\r\n<td style=\"width: 33.3333%;\">\u00a0<\/td>\r\n<\/tr>\r\n<\/tbody>\r\n<\/table>\r\n\r\n<p>&nbsp;<\/p>\r\n<style type='text\/css' media='all'>#rt-tpg-container-2669796397 .rt-holder .rt-woo-info .price{color:#0367bf;}body .rt-tpg-container .rt-tpg-isotope-buttons .selected,\n\t\t\t\t\t#rt-tpg-container-2669796397 .layout12 .rt-holder:hover .rt-detail,\n\t\t\t\t\t#rt-tpg-container-2669796397 .isotope8 .rt-holder:hover .rt-detail,\n\t\t\t\t\t#rt-tpg-container-2669796397 .carousel8 .rt-holder:hover .rt-detail,\n\t\t\t\t\t#rt-tpg-container-2669796397 .layout13 .rt-holder .overlay .post-info,\n\t\t\t\t\t#rt-tpg-container-2669796397 .isotope9 .rt-holder .overlay .post-info,\n\t\t\t\t\t#rt-tpg-container-2669796397.rt-tpg-container .layout4 .rt-holder .rt-detail,\n\t\t\t\t\t.rt-modal-2669796397 .md-content,\n\t\t\t\t\t.rt-modal-2669796397 .md-content > .rt-md-content-holder .rt-md-content,\n\t\t\t\t\t.rt-popup-wrap-2669796397.rt-popup-wrap .rt-popup-navigation-wrap,\n\t\t\t\t\t#rt-tpg-container-2669796397 .carousel9 .rt-holder .overlay .post-info{background-color:#0367bf;}#rt-tpg-container-2669796397 .layout5 .rt-holder .overlay, #rt-tpg-container-2669796397 .isotope2 .rt-holder .overlay, #rt-tpg-container-2669796397 .carousel2 .rt-holder .overlay,#rt-tpg-container-2669796397 .layout15 .rt-holder h3, #rt-tpg-container-2669796397 .isotope11 .rt-holder h3, #rt-tpg-container-2669796397 .carousel11 .rt-holder h3, #rt-tpg-container-2669796397 .layout16 .rt-holder h3,\n\t\t\t\t\t#rt-tpg-container-2669796397 .isotope12 .rt-holder h3, #rt-tpg-container-2669796397 .carousel12 .rt-holder h3 {background-color:rgba(3,103,191,0.8);}#rt-tpg-container-2669796397 .read-more a{border-radius:px;}#rt-tpg-container-2669796397 .rt-img-holder img.rt-img-responsive,#rt-tpg-container-2669796397 .rt-img-holder,\n\t\t\t\t\t#rt-tpg-container-2669796397 .rt-post-overlay .post-img,\n\t\t\t\t\t#rt-tpg-container-2669796397 .post-sm .post-img,\n\t\t\t\t\t#rt-tpg-container-2669796397 .rt-post-grid .post-img,\n\t\t\t\t\t#rt-tpg-container-2669796397 .post-img img {border-radius:px;}<\/style><div class='rt-container-fluid rt-tpg-container tpg-shortcode-main-wrapper ' id='rt-tpg-container-2669796397'   data-layout='layout1' data-grid-style='even' data-desktop-col='4'  data-tab-col='2'  data-mobile-col='1' data-sc-id='3729'><div data-title='Loading ...' class='rt-row rt-content-loader   layout1 tpg-even '><div class=\"rt-col-md-3 rt-col-sm-6 rt-col-xs-12 even-grid-item rt-grid-item\" data-id=\"3759\"><div class=\"rt-holder\"><div class=\"rt-img-holder\"><a data-id=\"3759\" class=\"\" href=\"https:\/\/ciofs.info\/fr\/2021\/10\/23\/theme-6-peace-commemorating-the-800th-anniversary-of-memoriale-propositi\/\"><img decoding=\"async\" width=\"150\" height=\"150\" src=\"https:\/\/ciofs.info\/wp-content\/uploads\/2021\/10\/1hug1061608226crp1100px-150x150.jpg\" class=\"rt-img-responsive \" alt=\"hug of peace\" \/><\/a><\/div><div class='rt-detail'><h2 class=\"entry-title\"><a data-id=\"3759\" class=\"\" href=\"https:\/\/ciofs.info\/fr\/2021\/10\/23\/theme-6-peace-commemorating-the-800th-anniversary-of-memoriale-propositi\/\">Th\u00e8me 6 : Paix \u2013 comm\u00e9morant le 800e anniversaire de \u2018Memoriale Propositi\u2019<\/a><\/h2><div class='post-meta-user  '><span class='author'><i class='fa fa-user '><\/i><a href=\"https:\/\/ciofs.info\/fr\/author\/robert\/\">robert<\/a><\/span><span class='date'><i class='far fa-calendar-alt '><\/i>October 23, 2021<\/span><span class='categories-links'><i class='fas fa-folder-open '><\/i><a class=\"main-page\" href=\"https:\/\/ciofs.info\/fr\/category\/main-page\/\" rel=\"tag\">Main Page<\/a><span class=\"rt-separator\">,<\/span><a class=\"memoriale-propositi-800-years\" href=\"https:\/\/ciofs.info\/fr\/category\/history\/memoriale-propositi-800-years\/\" rel=\"tag\">Memoriale Propositi - 800 Years<\/a><span class=\"rt-separator\">,<\/span><a class=\"news\" href=\"https:\/\/ciofs.info\/fr\/category\/news\/\" rel=\"tag\">News<\/a><\/span><span class=\"comment-count\"><i class='fas fa-comments '><\/i>(0)<\/span><\/div><div class='tpg-excerpt'>Une s\u00e9rie de br\u00e8ves vid\u00e9os, comm\u00e9morant le 800e anniversaire de Memoriale Propositi, le document d\u2019inspiration franciscain s\u00e9culi\u00e8r. Chaque vid\u00e9o souligne une similitude entre le document de 1221 et la R\u00e8gle actuelle...<\/div><div class='post-meta '><span class='read-more'><a data-id='3759' class='' href='https:\/\/ciofs.info\/fr\/2021\/10\/23\/theme-6-peace-commemorating-the-800th-anniversary-of-memoriale-propositi\/'>Read More<\/a><\/span><\/div><\/div><\/div><\/div><div class=\"rt-col-md-3 rt-col-sm-6 rt-col-xs-12 even-grid-item rt-grid-item\" data-id=\"3675\"><div class=\"rt-holder\"><div class=\"rt-img-holder\"><a data-id=\"3675\" class=\"\" href=\"https:\/\/ciofs.info\/fr\/2021\/09\/06\/theme-5-prayer-commemorating-the-800th-anniversary-of-memoriale-propositi\/\"><img decoding=\"async\" width=\"150\" height=\"150\" src=\"https:\/\/ciofs.info\/wp-content\/uploads\/2021\/09\/1prayer-contemplation-1200px-150x150.jpg\" class=\"rt-img-responsive \" alt=\"Praying\" \/><\/a><\/div><div class='rt-detail'><h2 class=\"entry-title\"><a data-id=\"3675\" class=\"\" href=\"https:\/\/ciofs.info\/fr\/2021\/09\/06\/theme-5-prayer-commemorating-the-800th-anniversary-of-memoriale-propositi\/\">Th\u00e8me 5 : Pri\u00e8re &#8211; comm\u00e9morant le 800e anniversaire de \u2018Memoriale Propositi\u2019<\/a><\/h2><div class='post-meta-user  '><span class='author'><i class='fa fa-user '><\/i><a href=\"https:\/\/ciofs.info\/fr\/author\/robert\/\">robert<\/a><\/span><span class='date'><i class='far fa-calendar-alt '><\/i>September 6, 2021<\/span><span class='categories-links'><i class='fas fa-folder-open '><\/i><a class=\"main-page\" href=\"https:\/\/ciofs.info\/fr\/category\/main-page\/\" rel=\"tag\">Main Page<\/a><span class=\"rt-separator\">,<\/span><a class=\"memoriale-propositi-800-years\" href=\"https:\/\/ciofs.info\/fr\/category\/history\/memoriale-propositi-800-years\/\" rel=\"tag\">Memoriale Propositi - 800 Years<\/a><span class=\"rt-separator\">,<\/span><a class=\"news\" href=\"https:\/\/ciofs.info\/fr\/category\/news\/\" rel=\"tag\">News<\/a><\/span><span class=\"comment-count\"><i class='fas fa-comments '><\/i>(0)<\/span><\/div><div class='tpg-excerpt'>Une s\u00e9rie de br\u00e8ves vid\u00e9os, comm\u00e9morant le 800e anniversaire de Memoriale Propositi, le document d\u2019inspiration franciscain s\u00e9culi\u00e8r. Chaque vid\u00e9o souligne une similitude entre le document de 1221 et la R\u00e8gle actuelle...<\/div><div class='post-meta '><span class='read-more'><a data-id='3675' class='' href='https:\/\/ciofs.info\/fr\/2021\/09\/06\/theme-5-prayer-commemorating-the-800th-anniversary-of-memoriale-propositi\/'>Read More<\/a><\/span><\/div><\/div><\/div><\/div><div class=\"rt-col-md-3 rt-col-sm-6 rt-col-xs-12 even-grid-item rt-grid-item\" data-id=\"3615\"><div class=\"rt-holder\"><div class=\"rt-img-holder\"><a data-id=\"3615\" class=\"\" href=\"https:\/\/ciofs.info\/fr\/2021\/06\/30\/theme-4-reconciliation-commemorating-the-800th-anniversary-of-memoriale-propositi\/\"><img decoding=\"async\" width=\"150\" height=\"150\" src=\"https:\/\/ciofs.info\/wp-content\/uploads\/2021\/06\/1woman-in-prayer-171151034-1600px-150x150.jpg\" class=\"rt-img-responsive \" alt=\"woman in prayer\" \/><\/a><\/div><div class='rt-detail'><h2 class=\"entry-title\"><a data-id=\"3615\" class=\"\" href=\"https:\/\/ciofs.info\/fr\/2021\/06\/30\/theme-4-reconciliation-commemorating-the-800th-anniversary-of-memoriale-propositi\/\">Theme 4: R\u00e9conciliation \u2013 comm\u00e9morant le 800e anniversaire de \u2018Memoriale Propositi\u2019<\/a><\/h2><div class='post-meta-user  '><span class='author'><i class='fa fa-user '><\/i><a href=\"https:\/\/ciofs.info\/fr\/author\/robert\/\">robert<\/a><\/span><span class='date'><i class='far fa-calendar-alt '><\/i>June 30, 2021<\/span><span class='categories-links'><i class='fas fa-folder-open '><\/i><a class=\"main-page\" href=\"https:\/\/ciofs.info\/fr\/category\/main-page\/\" rel=\"tag\">Main Page<\/a><span class=\"rt-separator\">,<\/span><a class=\"memoriale-propositi-800-years\" href=\"https:\/\/ciofs.info\/fr\/category\/history\/memoriale-propositi-800-years\/\" rel=\"tag\">Memoriale Propositi - 800 Years<\/a><span class=\"rt-separator\">,<\/span><a class=\"news\" href=\"https:\/\/ciofs.info\/fr\/category\/news\/\" rel=\"tag\">News<\/a><span class=\"rt-separator\">,<\/span><a class=\"rule\" href=\"https:\/\/ciofs.info\/fr\/category\/history\/rule\/\" rel=\"tag\">Rule<\/a><\/span><span class=\"comment-count\"><i class='fas fa-comments '><\/i>(0)<\/span><\/div><div class='tpg-excerpt'>Une s\u00e9rie de br\u00e8ves vid\u00e9os, comm\u00e9morant le 800e anniversaire de Memoriale Propositi, le document d\u2019inspiration franciscain s\u00e9culi\u00e8r. Chaque vid\u00e9o souligne une similitude entre le document de 1221 et la R\u00e8gle actuelle...<\/div><div class='post-meta '><span class='read-more'><a data-id='3615' class='' href='https:\/\/ciofs.info\/fr\/2021\/06\/30\/theme-4-reconciliation-commemorating-the-800th-anniversary-of-memoriale-propositi\/'>Read More<\/a><\/span><\/div><\/div><\/div><\/div><div class=\"rt-col-md-3 rt-col-sm-6 rt-col-xs-12 even-grid-item rt-grid-item\" data-id=\"3584\"><div class=\"rt-holder\"><div class=\"rt-img-holder\"><a data-id=\"3584\" class=\"\" href=\"https:\/\/ciofs.info\/fr\/2021\/06\/09\/theme-3-family-commemorating-the-800th-anniversary-of-memoriale-propositi\/\"><img loading=\"lazy\" decoding=\"async\" width=\"150\" height=\"150\" src=\"https:\/\/ciofs.info\/wp-content\/uploads\/2021\/06\/1family-193290265-1400px-150x150.jpg\" class=\"rt-img-responsive \" alt=\"family on beach at sunset\" \/><\/a><\/div><div class='rt-detail'><h2 class=\"entry-title\"><a data-id=\"3584\" class=\"\" href=\"https:\/\/ciofs.info\/fr\/2021\/06\/09\/theme-3-family-commemorating-the-800th-anniversary-of-memoriale-propositi\/\">Theme 3 Famille \u2013 comm\u00e9morant le 800e anniversaire de \u2018Memoriale Propositi\u2019<\/a><\/h2><div class='post-meta-user  '><span class='author'><i class='fa fa-user '><\/i><a href=\"https:\/\/ciofs.info\/fr\/author\/robert\/\">robert<\/a><\/span><span class='date'><i class='far fa-calendar-alt '><\/i>June 9, 2021<\/span><span class='categories-links'><i class='fas fa-folder-open '><\/i><a class=\"main-page\" href=\"https:\/\/ciofs.info\/fr\/category\/main-page\/\" rel=\"tag\">Main Page<\/a><span class=\"rt-separator\">,<\/span><a class=\"memoriale-propositi-800-years\" href=\"https:\/\/ciofs.info\/fr\/category\/history\/memoriale-propositi-800-years\/\" rel=\"tag\">Memoriale Propositi - 800 Years<\/a><span class=\"rt-separator\">,<\/span><a class=\"news\" href=\"https:\/\/ciofs.info\/fr\/category\/news\/\" rel=\"tag\">News<\/a><span class=\"rt-separator\">,<\/span><a class=\"rule\" href=\"https:\/\/ciofs.info\/fr\/category\/history\/rule\/\" rel=\"tag\">Rule<\/a><\/span><span class=\"comment-count\"><i class='fas fa-comments '><\/i>(0)<\/span><\/div><div class='tpg-excerpt'>Une s\u00e9rie de br\u00e8ves vid\u00e9os, comm\u00e9morant le 800e anniversaire de Memoriale Propositi, le document d\u2019inspiration franciscain s\u00e9culi\u00e8r. Chaque vid\u00e9o souligne une similitude entre le document de 1221 et la R\u00e8gle actuelle...<\/div><div class='post-meta '><span class='read-more'><a data-id='3584' class='' href='https:\/\/ciofs.info\/fr\/2021\/06\/09\/theme-3-family-commemorating-the-800th-anniversary-of-memoriale-propositi\/'>Read More<\/a><\/span><\/div><\/div><\/div><\/div><div class=\"rt-col-md-3 rt-col-sm-6 rt-col-xs-12 even-grid-item rt-grid-item\" data-id=\"3516\"><div class=\"rt-holder\"><div class=\"rt-img-holder\"><a data-id=\"3516\" class=\"\" href=\"https:\/\/ciofs.info\/fr\/2021\/05\/23\/tema-2-simplicidad-que-conmemoran-el-800-aniversario-de-memoriale-propositi\/\"><img loading=\"lazy\" decoding=\"async\" width=\"150\" height=\"150\" src=\"https:\/\/ciofs.info\/wp-content\/uploads\/2021\/05\/1detachment-iStock-1135830869-150x150.jpg\" class=\"rt-img-responsive \" alt=\"Person releasing birds - detachment\" \/><\/a><\/div><div class='rt-detail'><h2 class=\"entry-title\"><a data-id=\"3516\" class=\"\" href=\"https:\/\/ciofs.info\/fr\/2021\/05\/23\/tema-2-simplicidad-que-conmemoran-el-800-aniversario-de-memoriale-propositi\/\">Th\u00e8me 2: Simplicite\u0301 \u2013 comm\u00e9morant le 800e anniversaire de &#8216;Memoriale Propositi&#8217;<\/a><\/h2><div class='post-meta-user  '><span class='author'><i class='fa fa-user '><\/i><a href=\"https:\/\/ciofs.info\/fr\/author\/robert\/\">robert<\/a><\/span><span class='date'><i class='far fa-calendar-alt '><\/i>May 23, 2021<\/span><span class='categories-links'><i class='fas fa-folder-open '><\/i><a class=\"main-page\" href=\"https:\/\/ciofs.info\/fr\/category\/main-page\/\" rel=\"tag\">Main Page<\/a><span class=\"rt-separator\">,<\/span><a class=\"memoriale-propositi-800-years\" href=\"https:\/\/ciofs.info\/fr\/category\/history\/memoriale-propositi-800-years\/\" rel=\"tag\">Memoriale Propositi - 800 Years<\/a><span class=\"rt-separator\">,<\/span><a class=\"news\" href=\"https:\/\/ciofs.info\/fr\/category\/news\/\" rel=\"tag\">News<\/a><span class=\"rt-separator\">,<\/span><a class=\"rule\" href=\"https:\/\/ciofs.info\/fr\/category\/history\/rule\/\" rel=\"tag\">Rule<\/a><\/span><span class=\"comment-count\"><i class='fas fa-comments '><\/i>(0)<\/span><\/div><div class='tpg-excerpt'>Une s\u00e9rie de br\u00e8ves vid\u00e9os, comm\u00e9morant le 800e anniversaire de Memoriale Propositi, le document d&#8217;inspiration franciscain s\u00e9culi\u00e8r. Chaque vid\u00e9o souligne une similitude entre le document de 1221 et la R\u00e8gle actuelle...<\/div><div class='post-meta '><span class='read-more'><a data-id='3516' class='' href='https:\/\/ciofs.info\/fr\/2021\/05\/23\/tema-2-simplicidad-que-conmemoran-el-800-aniversario-de-memoriale-propositi\/'>Read More<\/a><\/span><\/div><\/div><\/div><\/div><\/div><\/div>","protected":false},"excerpt":{"rendered":"<p>800 ans du Memoriale Propositi (1221-2021) \u00abLa spiritualit\u00e9 du mouvement p\u00e9nitentiel des premiers fr\u00e8res et s\u0153urs qui ont suivi la forme de vie donn\u00e9e par Fran\u00e7ois, nous pouvons la synth\u00e9tiser \u00e0 partir de ce document de la mani\u00e8re suivante : Vie p\u00e9nitentielle : p\u00e9nitences, je\u00fbnes, abstinences, \u0153uvres de mis\u00e9ricorde, vie de pri\u00e8re. Vivre en fraternit\u00e9 [&hellip;]<\/p>\n","protected":false},"author":1,"featured_media":3340,"parent":335,"menu_order":20,"comment_status":"closed","ping_status":"closed","template":"","meta":{"site-sidebar-layout":"no-sidebar","site-content-layout":"plain-container","ast-site-content-layout":"default","site-content-style":"default","site-sidebar-style":"default","ast-global-header-display":"","ast-banner-title-visibility":"","ast-main-header-display":"","ast-hfb-above-header-display":"","ast-hfb-below-header-display":"","ast-hfb-mobile-header-display":"","site-post-title":"","ast-breadcrumbs-content":"","ast-featured-img":"","footer-sml-layout":"","ast-disable-related-posts":"","theme-transparent-header-meta":"default","adv-header-id-meta":"","stick-header-meta":"","header-above-stick-meta":"","header-main-stick-meta":"","header-below-stick-meta":"","astra-migrate-meta-layouts":"default","ast-page-background-enabled":"default","ast-page-background-meta":{"desktop":{"background-color":"","background-image":"","background-repeat":"repeat","background-position":"center center","background-size":"auto","background-attachment":"scroll","background-type":"","background-media":"","overlay-type":"","overlay-color":"","overlay-opacity":"","overlay-gradient":""},"tablet":{"background-color":"","background-image":"","background-repeat":"repeat","background-position":"center center","background-size":"auto","background-attachment":"scroll","background-type":"","background-media":"","overlay-type":"","overlay-color":"","overlay-opacity":"","overlay-gradient":""},"mobile":{"background-color":"","background-image":"","background-repeat":"repeat","background-position":"center center","background-size":"auto","background-attachment":"scroll","background-type":"","background-media":"","overlay-type":"","overlay-color":"","overlay-opacity":"","overlay-gradient":""}},"ast-content-background-meta":{"desktop":{"background-color":"var(--ast-global-color-5)","background-image":"","background-repeat":"repeat","background-position":"center center","background-size":"auto","background-attachment":"scroll","background-type":"","background-media":"","overlay-type":"","overlay-color":"","overlay-opacity":"","overlay-gradient":""},"tablet":{"background-color":"var(--ast-global-color-5)","background-image":"","background-repeat":"repeat","background-position":"center center","background-size":"auto","background-attachment":"scroll","background-type":"","background-media":"","overlay-type":"","overlay-color":"","overlay-opacity":"","overlay-gradient":""},"mobile":{"background-color":"var(--ast-global-color-5)","background-image":"","background-repeat":"repeat","background-position":"center center","background-size":"auto","background-attachment":"scroll","background-type":"","background-media":"","overlay-type":"","overlay-color":"","overlay-opacity":"","overlay-gradient":""}},"footnotes":""},"class_list":["post-3336","page","type-page","status-publish","has-post-thumbnail","hentry"],"translation":{"provider":"WPGlobus","version":"3.0.2","language":"fr","enabled_languages":["en","it","es","fr"],"languages":{"en":{"title":true,"content":true,"excerpt":false},"it":{"title":true,"content":true,"excerpt":false},"es":{"title":true,"content":true,"excerpt":false},"fr":{"title":true,"content":true,"excerpt":false}}},"rttpg_featured_image_url":{"full":["https:\/\/ciofs.info\/wp-content\/uploads\/2021\/03\/Memoriale-propositi-800-crp.jpg",960,391,false],"landscape":["https:\/\/ciofs.info\/wp-content\/uploads\/2021\/03\/Memoriale-propositi-800-crp.jpg",960,391,false],"portraits":["https:\/\/ciofs.info\/wp-content\/uploads\/2021\/03\/Memoriale-propositi-800-crp.jpg",960,391,false],"thumbnail":["https:\/\/ciofs.info\/wp-content\/uploads\/2021\/03\/Memoriale-propositi-800-crp-150x150.jpg",150,150,true],"medium":["https:\/\/ciofs.info\/wp-content\/uploads\/2021\/03\/Memoriale-propositi-800-crp-300x122.jpg",300,122,true],"large":["https:\/\/ciofs.info\/wp-content\/uploads\/2021\/03\/Memoriale-propositi-800-crp.jpg",960,391,false],"1536x1536":["https:\/\/ciofs.info\/wp-content\/uploads\/2021\/03\/Memoriale-propositi-800-crp.jpg",960,391,false],"2048x2048":["https:\/\/ciofs.info\/wp-content\/uploads\/2021\/03\/Memoriale-propositi-800-crp.jpg",960,391,false],"alm-thumbnail":["https:\/\/ciofs.info\/wp-content\/uploads\/2021\/03\/Memoriale-propositi-800-crp.jpg",150,61,false]},"rttpg_author":{"display_name":"robert","author_link":"https:\/\/ciofs.info\/fr\/author\/robert\/"},"rttpg_comment":0,"rttpg_category":"","rttpg_excerpt":"800 ans du Memoriale Propositi (1221-2021) \u00abLa spiritualit\u00e9 du mouvement p\u00e9nitentiel des premiers fr\u00e8res et s\u0153urs qui ont suivi la forme de vie donn\u00e9e par Fran\u00e7ois, nous pouvons la synth\u00e9tiser \u00e0 partir de ce document de la mani\u00e8re suivante : Vie p\u00e9nitentielle : p\u00e9nitences, je\u00fbnes, abstinences, \u0153uvres de mis\u00e9ricorde, vie de pri\u00e8re. Vivre en fraternit\u00e9&hellip;","_links":{"self":[{"href":"https:\/\/ciofs.info\/fr\/wp-json\/wp\/v2\/pages\/3336","targetHints":{"allow":["GET"]}}],"collection":[{"href":"https:\/\/ciofs.info\/fr\/wp-json\/wp\/v2\/pages"}],"about":[{"href":"https:\/\/ciofs.info\/fr\/wp-json\/wp\/v2\/types\/page"}],"author":[{"embeddable":true,"href":"https:\/\/ciofs.info\/fr\/wp-json\/wp\/v2\/users\/1"}],"replies":[{"embeddable":true,"href":"https:\/\/ciofs.info\/fr\/wp-json\/wp\/v2\/comments?post=3336"}],"version-history":[{"count":62,"href":"https:\/\/ciofs.info\/fr\/wp-json\/wp\/v2\/pages\/3336\/revisions"}],"predecessor-version":[{"id":3735,"href":"https:\/\/ciofs.info\/fr\/wp-json\/wp\/v2\/pages\/3336\/revisions\/3735"}],"up":[{"embeddable":true,"href":"https:\/\/ciofs.info\/fr\/wp-json\/wp\/v2\/pages\/335"}],"wp:featuredmedia":[{"embeddable":true,"href":"https:\/\/ciofs.info\/fr\/wp-json\/wp\/v2\/media\/3340"}],"wp:attachment":[{"href":"https:\/\/ciofs.info\/fr\/wp-json\/wp\/v2\/media?parent=3336"}],"curies":[{"name":"wp","href":"https:\/\/api.w.org\/{rel}","templated":true}]}}