{"id":317,"date":"2019-10-11T16:11:47","date_gmt":"2019-10-11T16:11:47","guid":{"rendered":"https:\/\/ciofs.info\/?page_id=317"},"modified":"2025-12-31T21:15:54","modified_gmt":"2025-12-31T21:15:54","slug":"vox-franciscana","status":"publish","type":"page","link":"https:\/\/ciofs.info\/fr\/news\/vox-franciscana\/","title":{"rendered":"VOX FRANCISCANA"},"content":{"rendered":"<p><strong>Vox Franciscana (Voix Franciscaine) est publi\u00e9 deux fois par an.<\/strong><\/p>\n<table style=\"border-collapse: collapse; width: 100%; height: 46px;\">\n<tbody>\n<tr style=\"height: 46px;\">\n<td style=\"width: 33.333333%; height: 46px;\"><\/td>\n<td style=\"width: 33.333333%; height: 46px;\"><\/td>\n<td style=\"width: 33.333333%; height: 46px; text-align: center;\"><img fetchpriority=\"high\" decoding=\"async\" class=\"alignnone wp-image-7049 size-full\" src=\"https:\/\/ciofs.info\/wp-content\/uploads\/2025\/12\/1Cover-FR-CIOFS-Vox-Franciscana-NUMERO-1-2025a-232x300-1.webp\" alt=\"cover n. 1 - 2025\" width=\"232\" height=\"300\" srcset=\"https:\/\/ciofs.info\/wp-content\/uploads\/2025\/12\/1Cover-FR-CIOFS-Vox-Franciscana-NUMERO-1-2025a-232x300-1.webp 232w, https:\/\/ciofs.info\/wp-content\/uploads\/2025\/12\/1Cover-FR-CIOFS-Vox-Franciscana-NUMERO-1-2025a-232x300-1-116x150.webp 116w\" sizes=\"(max-width: 232px) 100vw, 232px\" \/><br \/>\n<a href=\"https:\/\/ciofs.info\/fr\/news\/vox-franciscana\/vox-franciscana-n-1-2025\/\">N. 1 | 2025<\/a><\/td>\n<\/tr>\n<\/tbody>\n<\/table>\n<table style=\"border-collapse: collapse; width: 100%;\">\n<tbody>\n<tr>\n<td style=\"width: 33.3333%; text-align: center;\"><img decoding=\"async\" class=\"aligncenter wp-image-6489 size-medium\" src=\"https:\/\/ciofs.info\/wp-content\/uploads\/2025\/02\/1Cover-FR-CIOFS-Vox-Franciscana-numero-2-de-2024-fin-300px-232x300.jpg\" alt=\"Cover Vox Franciscana\" width=\"232\" height=\"300\" srcset=\"https:\/\/ciofs.info\/wp-content\/uploads\/2025\/02\/1Cover-FR-CIOFS-Vox-Franciscana-numero-2-de-2024-fin-300px-232x300.jpg 232w, https:\/\/ciofs.info\/wp-content\/uploads\/2025\/02\/1Cover-FR-CIOFS-Vox-Franciscana-numero-2-de-2024-fin-300px-116x150.jpg 116w, https:\/\/ciofs.info\/wp-content\/uploads\/2025\/02\/1Cover-FR-CIOFS-Vox-Franciscana-numero-2-de-2024-fin-300px.jpg 300w\" sizes=\"(max-width: 232px) 100vw, 232px\" \/><a href=\"https:\/\/ciofs.info\/fr\/news\/vox-franciscana\/issue-no-2-2024\/\">num\u00e9ro 2 | 2024<\/a><\/td>\n<td style=\"width: 33.3333%; text-align: center;\"><img decoding=\"async\" class=\"aligncenter wp-image-5701 size-medium\" src=\"https:\/\/ciofs.info\/wp-content\/uploads\/2024\/06\/1Cover-FR-CIOFS-Vox-Franciscana-hiver-printemps-2024s-300px-232x300.jpg\" alt=\"Cover\" width=\"232\" height=\"300\" srcset=\"https:\/\/ciofs.info\/wp-content\/uploads\/2024\/06\/1Cover-FR-CIOFS-Vox-Franciscana-hiver-printemps-2024s-300px-232x300.jpg 232w, https:\/\/ciofs.info\/wp-content\/uploads\/2024\/06\/1Cover-FR-CIOFS-Vox-Franciscana-hiver-printemps-2024s-300px.jpg 300w\" sizes=\"(max-width: 232px) 100vw, 232px\" \/><a href=\"https:\/\/ciofs.info\/fr\/news\/vox-franciscana\/winter-spring-2024-vox-franciscana\/\" target=\"_blank\" rel=\"noopener\"><span style=\"font-size: 10pt;\">HIVER\/PRINTEMPS<\/span> 202<strong>4-1<\/strong><\/a><\/td>\n<td style=\"width: 33.3333%; text-align: center;\"><img loading=\"lazy\" decoding=\"async\" class=\"aligncenter size-full wp-image-5187\" src=\"https:\/\/ciofs.info\/wp-content\/uploads\/2023\/11\/Cover-FR-CIOFS-Vox-Franciscana-Ete-Automne-2023-final.jpg\" alt=\"Cover-FR-Vox-Franciscana-Ete-Automne-2023\" width=\"230\" height=\"298\" \/><a href=\"https:\/\/ciofs.info\/fr\/news\/vox-franciscana\/summer-autumn-2023\/\"><strong>\u00c9TE \/ AUTOMNE 2023<\/strong><\/a><\/td>\n<\/tr>\n<\/tbody>\n<\/table>\n<table>\n<tbody>\n<tr>\n<td style=\"text-align: center;\"><img loading=\"lazy\" decoding=\"async\" class=\"size-full wp-image-4904 aligncenter\" src=\"https:\/\/ciofs.info\/wp-content\/uploads\/2023\/03\/1COVER-FR-CIOFS-Vox-Franciscana-Hiver-Printemps-2023-230x298-1.jpg\" alt=\"cover HIVER-PRINTEMPS 2023\" width=\"230\" height=\"298\" \/><a href=\"https:\/\/ciofs.info\/fr\/news\/vox-franciscana\/winter-spring-2023\/\">HIVER\/PRINTEMPS 202<\/a><strong>3\u00a0<\/strong><\/td>\n<td>\n<p style=\"font-weight: 400; text-align: center;\"><a href=\"https:\/\/ciofs.info\/fr\/news\/vox-franciscana\/summer-autumn-2022\/\"><img loading=\"lazy\" decoding=\"async\" class=\"aligncenter wp-image-4606 size-full\" src=\"https:\/\/ciofs.info\/wp-content\/uploads\/2022\/11\/1Cover-FR-CIOFS-Vox-Franciscana-ete-automne-2022-230x298-1.jpg\" alt=\"COVER \u00c9T\u00c9-AUTOMNE 2022\" width=\"230\" height=\"298\" \/><\/a><a href=\"https:\/\/ciofs.info\/fr\/news\/vox-franciscana\/summer-autumn-2022\/\">E\u0301TE\u0301-AUTOMNE 2022<\/a><\/p>\n<\/td>\n<td style=\"text-align: center;\"><a href=\"https:\/\/ciofs.info\/fr\/news\/vox-franciscana\/winter-2021-2022\/\"><img loading=\"lazy\" decoding=\"async\" class=\"aligncenter size-full wp-image-4315\" src=\"https:\/\/ciofs.info\/wp-content\/uploads\/2022\/02\/1FR-Cover-FR-CIOFS-Vox-Franciscana-Hiver2021-2022-1.jpg\" alt=\"COVER\" width=\"230\" height=\"299\" \/><\/a><a href=\"https:\/\/ciofs.info\/fr\/news\/vox-franciscana\/winter-2021-2022\/\">HIVER 2021=2022<\/a><\/td>\n<\/tr>\n<tr>\n<td style=\"text-align: center;\" width=\"208\"><strong><img loading=\"lazy\" decoding=\"async\" class=\"alignnone size-medium wp-image-3868\" src=\"https:\/\/ciofs.info\/wp-content\/uploads\/2021\/11\/1-FR-CIOFS-Vox-Franciscana-E\u0301TE\u0301-AUTOMNE-2021-600px-230x300.jpg\" alt=\"Cover AUTOMNE 2021\" width=\"230\" height=\"300\" srcset=\"https:\/\/ciofs.info\/wp-content\/uploads\/2021\/11\/1-FR-CIOFS-Vox-Franciscana-E\u0301TE\u0301-AUTOMNE-2021-600px-230x300.jpg 230w, https:\/\/ciofs.info\/wp-content\/uploads\/2021\/11\/1-FR-CIOFS-Vox-Franciscana-E\u0301TE\u0301-AUTOMNE-2021-600px.jpg 600w\" sizes=\"(max-width: 230px) 100vw, 230px\" \/><br \/>\n<a href=\"https:\/\/ciofs.info\/wp-content\/uploads\/2021\/11\/FR-CIOFS-Vox-Franciscana-E\u0301TE\u0301-AUTOMNE-2021.pdf\">\u00c9T\u00c9-AUTOMNE 2021<\/a><br \/>\n<\/strong><\/td>\n<td width=\"208\">\n<p style=\"text-align: center;\"><img loading=\"lazy\" decoding=\"async\" class=\"alignnone size-medium wp-image-2878\" src=\"https:\/\/ciofs.info\/wp-content\/uploads\/2020\/10\/1Cover-FR-CIOFS-Vox-Franciscana-ete-automne-2020-230x300.jpg\" alt=\"Cover-Vox-Franciscana-ete-automne-2020\" width=\"230\" height=\"300\" srcset=\"https:\/\/ciofs.info\/wp-content\/uploads\/2020\/10\/1Cover-FR-CIOFS-Vox-Franciscana-ete-automne-2020-230x300.jpg 230w, https:\/\/ciofs.info\/wp-content\/uploads\/2020\/10\/1Cover-FR-CIOFS-Vox-Franciscana-ete-automne-2020.jpg 232w\" sizes=\"(max-width: 230px) 100vw, 230px\" \/><br \/>\n<a href=\"https:\/\/ciofs.info\/wp-content\/uploads\/2020\/10\/FR-CIOFS-Vox-Franciscana-e\u0301te\u0301-automne-2020.pdf\"><strong>E\u0301TE\u0301-AUTOMNE 2020<\/strong><\/a><\/p>\n<\/td>\n<td style=\"text-align: center;\" width=\"208\"><img loading=\"lazy\" decoding=\"async\" class=\"alignnone size-medium wp-image-1107\" src=\"https:\/\/ciofs.info\/wp-content\/uploads\/2020\/03\/Cover-FR-CIOFS-Vox-Franciscana-HIVER-2019-2020a-232x300.jpg\" alt=\"Cover HIVER-2019-2020\" width=\"232\" height=\"300\" srcset=\"https:\/\/ciofs.info\/wp-content\/uploads\/2020\/03\/Cover-FR-CIOFS-Vox-Franciscana-HIVER-2019-2020a-232x300.jpg 232w, https:\/\/ciofs.info\/wp-content\/uploads\/2020\/03\/Cover-FR-CIOFS-Vox-Franciscana-HIVER-2019-2020a.jpg 580w\" sizes=\"(max-width: 232px) 100vw, 232px\" \/><br \/>\n<a href=\"https:\/\/ciofs.info\/wp-content\/uploads\/2020\/03\/FR-CIOFS-Vox-Franciscana-HIVER-2019-2020a.pdf\"><strong>HIVER 2019-2020<\/strong><\/a><\/td>\n<\/tr>\n<tr>\n<td style=\"text-align: center;\" width=\"208\"><img loading=\"lazy\" decoding=\"async\" class=\"alignnone size-medium wp-image-1108\" src=\"https:\/\/ciofs.info\/wp-content\/uploads\/2020\/03\/COVER-FR-CIOFS-Vox-Franciscana-e\u0301te\u0301-2019a-232x300.jpg\" alt=\"Cover e\u0301te\u0301 2019\" width=\"232\" height=\"300\" srcset=\"https:\/\/ciofs.info\/wp-content\/uploads\/2020\/03\/COVER-FR-CIOFS-Vox-Franciscana-e\u0301te\u0301-2019a-232x300.jpg 232w, https:\/\/ciofs.info\/wp-content\/uploads\/2020\/03\/COVER-FR-CIOFS-Vox-Franciscana-e\u0301te\u0301-2019a.jpg 580w\" sizes=\"(max-width: 232px) 100vw, 232px\" \/><br \/>\n<a href=\"https:\/\/ciofs.info\/wp-content\/uploads\/2020\/03\/FR-CIOFS-Vox-Franciscana-e\u0301te\u0301-2019sm1.pdf\"><strong>\u00c9T\u00c9 2019<\/strong><\/a><\/td>\n<td style=\"text-align: center;\" width=\"208\"><img loading=\"lazy\" decoding=\"async\" class=\"alignnone size-medium wp-image-1111\" src=\"https:\/\/ciofs.info\/wp-content\/uploads\/2020\/03\/Cover-FR-CIOFS-Vox-Franciscana-hiver-2018-2019a-232x300.jpg\" alt=\"Cover HIVER 2018=2019\" width=\"232\" height=\"300\" srcset=\"https:\/\/ciofs.info\/wp-content\/uploads\/2020\/03\/Cover-FR-CIOFS-Vox-Franciscana-hiver-2018-2019a-232x300.jpg 232w, https:\/\/ciofs.info\/wp-content\/uploads\/2020\/03\/Cover-FR-CIOFS-Vox-Franciscana-hiver-2018-2019a.jpg 580w\" sizes=\"(max-width: 232px) 100vw, 232px\" \/><br \/>\n<a href=\"https:\/\/ciofs.info\/wp-content\/uploads\/2020\/03\/FR-CIOFS-Vox-Franciscana-hiver-2018-2019sm.pdf\"><strong>HIVER 2018-2019<\/strong><\/a><\/td>\n<td style=\"text-align: center;\" width=\"208\"><img loading=\"lazy\" decoding=\"async\" class=\"alignnone size-medium wp-image-1112\" src=\"https:\/\/ciofs.info\/wp-content\/uploads\/2020\/03\/Cover-FR-CIOFS-Vox-Franciscana-Summer-2018a-232x300.jpg\" alt=\"Cover \u00c9T\u00c9 2018\" width=\"232\" height=\"300\" srcset=\"https:\/\/ciofs.info\/wp-content\/uploads\/2020\/03\/Cover-FR-CIOFS-Vox-Franciscana-Summer-2018a-232x300.jpg 232w, https:\/\/ciofs.info\/wp-content\/uploads\/2020\/03\/Cover-FR-CIOFS-Vox-Franciscana-Summer-2018a.jpg 580w\" sizes=\"(max-width: 232px) 100vw, 232px\" \/><br \/>\n<a href=\"https:\/\/ciofs.info\/wp-content\/uploads\/2020\/03\/FR-CIOFS-Vox-Franciscana-Ete-2018a.pdf\"><strong>\u00c9T\u00c9 2018<\/strong><\/a><\/td>\n<\/tr>\n<tr>\n<td style=\"text-align: center;\" width=\"208\"><img loading=\"lazy\" decoding=\"async\" class=\"alignnone size-medium wp-image-1114\" src=\"https:\/\/ciofs.info\/wp-content\/uploads\/2020\/03\/Cover-FR-VoX-Franciscana-Hiver-2017-2018a-232x300.jpg\" alt=\"Cover HIVER 2017-2018\" width=\"232\" height=\"300\" srcset=\"https:\/\/ciofs.info\/wp-content\/uploads\/2020\/03\/Cover-FR-VoX-Franciscana-Hiver-2017-2018a-232x300.jpg 232w, https:\/\/ciofs.info\/wp-content\/uploads\/2020\/03\/Cover-FR-VoX-Franciscana-Hiver-2017-2018a.jpg 580w\" sizes=\"(max-width: 232px) 100vw, 232px\" \/><br \/>\n<a href=\"https:\/\/ciofs.info\/wp-content\/uploads\/2020\/03\/FR-VoX-Franciscana-Hiver-2017-2018.pdf\"><strong>HIVER 2017-2018<\/strong><\/a><\/td>\n<td style=\"text-align: center;\" width=\"208\"><img loading=\"lazy\" decoding=\"async\" class=\"alignnone size-medium wp-image-1116\" src=\"https:\/\/ciofs.info\/wp-content\/uploads\/2020\/03\/COVER-FR_Vox_Franciscana_-_Printemps_2017-232x300.jpg\" alt=\"Cover Printemps_2017\" width=\"232\" height=\"300\" srcset=\"https:\/\/ciofs.info\/wp-content\/uploads\/2020\/03\/COVER-FR_Vox_Franciscana_-_Printemps_2017-232x300.jpg 232w, https:\/\/ciofs.info\/wp-content\/uploads\/2020\/03\/COVER-FR_Vox_Franciscana_-_Printemps_2017.jpg 580w\" sizes=\"(max-width: 232px) 100vw, 232px\" \/><br \/>\n<a href=\"https:\/\/ciofs.info\/wp-content\/uploads\/2020\/03\/FR_Vox_Franciscana_-_Printemps_2017.pdf\"><strong>PRINTEMPS 2017<\/strong><\/a><\/td>\n<td style=\"text-align: center;\" width=\"208\"><img loading=\"lazy\" decoding=\"async\" class=\"alignnone size-medium wp-image-1117\" src=\"https:\/\/ciofs.info\/wp-content\/uploads\/2020\/03\/Cover-FR-CIOFS-VOX-Franciscana-Automne2016a-232x300.jpg\" alt=\"COVER Automne2016\" width=\"232\" height=\"300\" srcset=\"https:\/\/ciofs.info\/wp-content\/uploads\/2020\/03\/Cover-FR-CIOFS-VOX-Franciscana-Automne2016a-232x300.jpg 232w, https:\/\/ciofs.info\/wp-content\/uploads\/2020\/03\/Cover-FR-CIOFS-VOX-Franciscana-Automne2016a.jpg 580w\" sizes=\"(max-width: 232px) 100vw, 232px\" \/><br \/>\n<a href=\"https:\/\/ciofs.info\/wp-content\/uploads\/2020\/03\/FR-CIOFS-VOX-Franciscana-Automne2016.pdf\"><strong>AUTOMNE 2016<\/strong><\/a><\/td>\n<\/tr>\n<\/tbody>\n<\/table>\n","protected":false},"excerpt":{"rendered":"<p>Vox Franciscana (Voix Franciscaine) est publi\u00e9 deux fois par an. N. 1 | 2025 num\u00e9ro 2 | 2024 HIVER\/PRINTEMPS 2024-1 \u00c9TE \/ AUTOMNE 2023 HIVER\/PRINTEMPS 2023\u00a0 E\u0301TE\u0301-AUTOMNE 2022 HIVER 2021=2022 \u00c9T\u00c9-AUTOMNE 2021 E\u0301TE\u0301-AUTOMNE 2020 HIVER 2019-2020 \u00c9T\u00c9 2019 HIVER 2018-2019 \u00c9T\u00c9 2018 HIVER 2017-2018 PRINTEMPS 2017 AUTOMNE 2016<\/p>\n","protected":false},"author":2,"featured_media":0,"parent":315,"menu_order":0,"comment_status":"closed","ping_status":"closed","template":"","meta":{"site-sidebar-layout":"no-sidebar","site-content-layout":"default","ast-site-content-layout":"default","site-content-style":"default","site-sidebar-style":"default","ast-global-header-display":"","ast-banner-title-visibility":"","ast-main-header-display":"","ast-hfb-above-header-display":"","ast-hfb-below-header-display":"","ast-hfb-mobile-header-display":"","site-post-title":"","ast-breadcrumbs-content":"","ast-featured-img":"","footer-sml-layout":"","ast-disable-related-posts":"","theme-transparent-header-meta":"default","adv-header-id-meta":"","stick-header-meta":"","header-above-stick-meta":"","header-main-stick-meta":"","header-below-stick-meta":"","astra-migrate-meta-layouts":"default","ast-page-background-enabled":"default","ast-page-background-meta":{"desktop":{"background-color":"","background-image":"","background-repeat":"repeat","background-position":"center center","background-size":"auto","background-attachment":"scroll","background-type":"","background-media":"","overlay-type":"","overlay-color":"","overlay-opacity":"","overlay-gradient":""},"tablet":{"background-color":"","background-image":"","background-repeat":"repeat","background-position":"center center","background-size":"auto","background-attachment":"scroll","background-type":"","background-media":"","overlay-type":"","overlay-color":"","overlay-opacity":"","overlay-gradient":""},"mobile":{"background-color":"","background-image":"","background-repeat":"repeat","background-position":"center center","background-size":"auto","background-attachment":"scroll","background-type":"","background-media":"","overlay-type":"","overlay-color":"","overlay-opacity":"","overlay-gradient":""}},"ast-content-background-meta":{"desktop":{"background-color":"var(--ast-global-color-5)","background-image":"","background-repeat":"repeat","background-position":"center center","background-size":"auto","background-attachment":"scroll","background-type":"","background-media":"","overlay-type":"","overlay-color":"","overlay-opacity":"","overlay-gradient":""},"tablet":{"background-color":"var(--ast-global-color-5)","background-image":"","background-repeat":"repeat","background-position":"center center","background-size":"auto","background-attachment":"scroll","background-type":"","background-media":"","overlay-type":"","overlay-color":"","overlay-opacity":"","overlay-gradient":""},"mobile":{"background-color":"var(--ast-global-color-5)","background-image":"","background-repeat":"repeat","background-position":"center center","background-size":"auto","background-attachment":"scroll","background-type":"","background-media":"","overlay-type":"","overlay-color":"","overlay-opacity":"","overlay-gradient":""}},"footnotes":""},"class_list":["post-317","page","type-page","status-publish","hentry"],"translation":{"provider":"WPGlobus","version":"3.0.2","language":"fr","enabled_languages":["en","it","es","fr"],"languages":{"en":{"title":true,"content":true,"excerpt":false},"it":{"title":true,"content":true,"excerpt":false},"es":{"title":true,"content":true,"excerpt":false},"fr":{"title":true,"content":true,"excerpt":false}}},"rttpg_featured_image_url":null,"rttpg_author":{"display_name":"Luk\u00e1\u0161 Erlebach","author_link":"https:\/\/ciofs.info\/fr\/author\/lukas\/"},"rttpg_comment":0,"rttpg_category":null,"rttpg_excerpt":"Vox Franciscana (Voix Franciscaine) est publi\u00e9 deux fois par an. N. 1 | 2025 num\u00e9ro 2 | 2024 HIVER\/PRINTEMPS 2024-1 \u00c9TE \/ AUTOMNE 2023 HIVER\/PRINTEMPS 2023\u00a0 E\u0301TE\u0301-AUTOMNE 2022 HIVER 2021=2022 \u00c9T\u00c9-AUTOMNE 2021 E\u0301TE\u0301-AUTOMNE 2020 HIVER 2019-2020 \u00c9T\u00c9 2019 HIVER 2018-2019 \u00c9T\u00c9 2018 HIVER 2017-2018 PRINTEMPS 2017 AUTOMNE 2016","_links":{"self":[{"href":"https:\/\/ciofs.info\/fr\/wp-json\/wp\/v2\/pages\/317","targetHints":{"allow":["GET"]}}],"collection":[{"href":"https:\/\/ciofs.info\/fr\/wp-json\/wp\/v2\/pages"}],"about":[{"href":"https:\/\/ciofs.info\/fr\/wp-json\/wp\/v2\/types\/page"}],"author":[{"embeddable":true,"href":"https:\/\/ciofs.info\/fr\/wp-json\/wp\/v2\/users\/2"}],"replies":[{"embeddable":true,"href":"https:\/\/ciofs.info\/fr\/wp-json\/wp\/v2\/comments?post=317"}],"version-history":[{"count":140,"href":"https:\/\/ciofs.info\/fr\/wp-json\/wp\/v2\/pages\/317\/revisions"}],"predecessor-version":[{"id":5724,"href":"https:\/\/ciofs.info\/fr\/wp-json\/wp\/v2\/pages\/317\/revisions\/5724"}],"up":[{"embeddable":true,"href":"https:\/\/ciofs.info\/fr\/wp-json\/wp\/v2\/pages\/315"}],"wp:attachment":[{"href":"https:\/\/ciofs.info\/fr\/wp-json\/wp\/v2\/media?parent=317"}],"curies":[{"name":"wp","href":"https:\/\/api.w.org\/{rel}","templated":true}]}}