{"id":2461,"date":"2020-05-18T18:36:56","date_gmt":"2020-05-18T18:36:56","guid":{"rendered":"https:\/\/ciofs.info\/?page_id=2461"},"modified":"2024-04-15T02:46:33","modified_gmt":"2024-04-15T02:46:33","slug":"links","status":"publish","type":"page","link":"https:\/\/ciofs.info\/fr\/contact\/links\/","title":{"rendered":"LIENS"},"content":{"rendered":"<h6><strong><span class=\"tlid-translation translation\" lang=\"fr\"><span class=\"\" title=\"\">ORDRES FRANCISCAINS<\/span><\/span><\/strong><\/h6>\n<ul>\n<li>OFM | Ordre des Fr\u00e8res Mineurs <a href=\"https:\/\/ofm.org\/\" target=\"_blank\" rel=\"noopener noreferrer\">(Ordo Fratrum Minorum)<\/a><\/li>\n<li>OFM Conv. | Fr\u00e8res conventuels <a href=\"https:\/\/www.ofmconv.net\/en\/\" target=\"_blank\" rel=\"noopener noreferrer\">(Ordo Fratrum Minorum Conventualium)<\/a><\/li>\n<li>OFM Cap. | Fr\u00e8res capucins (<a href=\"https:\/\/www.ofmcap.org\/fr\/\" target=\"_blank\" rel=\"noopener noreferrer\">Ordo Fratrum Minorum Capuccinorum<\/a>)<\/li>\n<li>TOR | Fr\u00e8res r\u00e9guliers du troisi\u00e8me ordre <a href=\"http:\/\/francescanitor.org\/language\/en\/\" target=\"_blank\" rel=\"noopener noreferrer\">(Tertius Ordo Regularis S. Francisci)<\/a><\/li>\n<\/ul>\n<h6><strong>JUENESSE FRANCISCANE<\/strong><\/h6>\n<ul>\n<li>JeFra | <a href=\"https:\/\/youfra.net\/fr\/accueil\/\" target=\"_blank\" rel=\"noopener noreferrer\">Jeunesse franciscaine internationale<\/a><\/li>\n<\/ul>\n<p><strong><span class=\"tlid-translation translation\" lang=\"fr\"><span class=\"\" title=\"\">FRATERNIT\u00c9S NATIONALES OFS<\/span><\/span><\/strong><\/p>\n<ul>\n<li>Angola \u00a0\u00a0\u00a0\u00a0\u00a0\u00a0\u00a0\u00a0\u00a0\u00a0\u00a0\u00a0\u00a0\u00a0\u00a0\u00a0\u00a0\u00a0\u00a0\u00a0\u00a0\u00a0\u00a0\u00a0\u00a0\u00a0\u00a0\u00a0\u00a0\u00a0\u00a0\u00a0\u00a0\u00a0\u00a0\u00a0\u00a0\u00a0\u00a0\u00a0\u00a0\u00a0\u00a0 <a href=\"https:\/\/www.facebook.com\/ofsangola.cnofs\" target=\"_blank\" rel=\"noopener noreferrer\">https:\/\/www.facebook.com\/ofsangola.cnofs<\/a><\/li>\n<li>Argentine\u00a0\u00a0\u00a0\u00a0\u00a0\u00a0\u00a0\u00a0\u00a0\u00a0\u00a0\u00a0\u00a0\u00a0\u00a0\u00a0\u00a0\u00a0\u00a0\u00a0\u00a0\u00a0\u00a0\u00a0\u00a0\u00a0\u00a0\u00a0\u00a0\u00a0\u00a0\u00a0\u00a0\u00a0\u00a0\u00a0\u00a0\u00a0\u00a0\u00a0 <a href=\"http:\/\/ofs.org.ar\/\" target=\"_blank\" rel=\"noopener noreferrer\">http:\/\/ofs.org.ar\/<\/a><\/li>\n<li>Australie \u00a0\u00a0\u00a0\u00a0\u00a0\u00a0\u00a0\u00a0\u00a0\u00a0\u00a0\u00a0\u00a0\u00a0\u00a0\u00a0\u00a0\u00a0\u00a0\u00a0\u00a0\u00a0\u00a0\u00a0\u00a0\u00a0\u00a0\u00a0\u00a0\u00a0\u00a0\u00a0\u00a0\u00a0\u00a0\u00a0\u00a0\u00a0\u00a0\u00a0 <a href=\"http:\/\/www.ofsaustralia.org.au\/\">www.ofsaustralia.org.au<\/a><\/li>\n<li>Bolivie \u00a0\u00a0\u00a0\u00a0\u00a0\u00a0\u00a0\u00a0\u00a0\u00a0\u00a0\u00a0\u00a0\u00a0\u00a0\u00a0\u00a0\u00a0\u00a0\u00a0\u00a0\u00a0\u00a0\u00a0\u00a0\u00a0\u00a0\u00a0\u00a0\u00a0\u00a0\u00a0\u00a0\u00a0\u00a0\u00a0\u00a0\u00a0\u00a0\u00a0\u00a0\u00a0\u00a0 <a href=\"https:\/\/www.facebook.com\/orden.franciscanaseglarbolivia\/\" target=\"_blank\" rel=\"noopener noreferrer\">https:\/\/www.facebook.com\/orden.franciscanaseglarbolivia\/<\/a><\/li>\n<li>Br\u00e9sil\u00a0\u00a0\u00a0\u00a0\u00a0\u00a0\u00a0\u00a0\u00a0\u00a0\u00a0\u00a0\u00a0\u00a0\u00a0\u00a0\u00a0\u00a0\u00a0\u00a0\u00a0\u00a0\u00a0\u00a0\u00a0\u00a0\u00a0\u00a0\u00a0\u00a0\u00a0\u00a0\u00a0\u00a0\u00a0\u00a0\u00a0\u00a0\u00a0\u00a0\u00a0\u00a0\u00a0\u00a0\u00a0\u00a0 <a href=\"http:\/\/www.ofs.org.br\/\" target=\"_blank\" rel=\"noopener noreferrer\">http:\/\/www.ofs.org.br\/<\/a><\/li>\n<li>Bulgarie \u00a0\u00a0\u00a0\u00a0\u00a0\u00a0\u00a0\u00a0\u00a0\u00a0\u00a0\u00a0\u00a0\u00a0\u00a0\u00a0\u00a0\u00a0\u00a0\u00a0\u00a0\u00a0\u00a0\u00a0\u00a0\u00a0\u00a0\u00a0\u00a0\u00a0\u00a0\u00a0\u00a0\u00a0\u00a0\u00a0\u00a0\u00a0\u00a0\u00a0 <a href=\"https:\/\/sofia.capucini.bg\/\">https:\/\/sofia.capucini.bg\/<\/a><\/li>\n<li>Canada \u00a0 \u00a0 \u00a0 \u00a0 \u00a0 \u00a0 \u00a0 \u00a0 \u00a0 \u00a0 \u00a0 \u00a0 \u00a0 \u00a0 \u00a0 \u00a0 \u00a0 \u00a0 \u00a0 \u00a0 \u00a0 <a href=\"https:\/\/www.ofscanada.ca\/\" target=\"_blank\" rel=\"noopener\">https:\/\/www.ofscanada.ca\/<\/a><\/li>\n<li>Cap-Vert\u00a0\u00a0\u00a0\u00a0\u00a0\u00a0\u00a0\u00a0\u00a0\u00a0\u00a0\u00a0\u00a0\u00a0\u00a0\u00a0\u00a0\u00a0\u00a0\u00a0\u00a0\u00a0\u00a0\u00a0\u00a0\u00a0\u00a0\u00a0\u00a0\u00a0\u00a0\u00a0\u00a0\u00a0\u00a0\u00a0\u00a0\u00a0\u00a0<a href=\"http:\/\/www.capuchinhoscv.org\/index.php\/a-ordem\/familia-franciscana\/ofs\" target=\"_blank\" rel=\"noopener noreferrer\">http:\/\/www.capuchinhoscv.org\/index.php\/a-ordem\/familia-franciscana\/ofs<\/a><\/li>\n<li>Chili\u00a0\u00a0\u00a0\u00a0\u00a0\u00a0\u00a0\u00a0\u00a0\u00a0\u00a0\u00a0\u00a0\u00a0\u00a0\u00a0\u00a0\u00a0\u00a0\u00a0\u00a0\u00a0\u00a0\u00a0\u00a0\u00a0\u00a0\u00a0\u00a0\u00a0\u00a0\u00a0\u00a0\u00a0\u00a0\u00a0\u00a0\u00a0\u00a0\u00a0\u00a0\u00a0\u00a0\u00a0\u00a0\u00a0\u00a0\u00a0 <a href=\"https:\/\/www.ofschile.cl\/\" target=\"_blank\" rel=\"noopener noreferrer\">https:\/\/www.ofschile.cl<\/a><\/li>\n<li>Cor\u00e9e\u00a0\u00a0\u00a0\u00a0\u00a0\u00a0\u00a0\u00a0\u00a0\u00a0\u00a0\u00a0\u00a0\u00a0\u00a0\u00a0\u00a0\u00a0\u00a0\u00a0\u00a0\u00a0\u00a0\u00a0\u00a0\u00a0\u00a0\u00a0\u00a0\u00a0\u00a0\u00a0\u00a0\u00a0\u00a0\u00a0\u00a0\u00a0\u00a0\u00a0\u00a0\u00a0\u00a0\u00a0\u00a0\u00a0\u00a0<a href=\"http:\/\/www.ofskorea.org\/\" target=\"_blank\" rel=\"noopener noreferrer\">http:\/\/www.ofskorea.org\/<\/a><\/li>\n<li>Croatie \u00a0\u00a0\u00a0\u00a0\u00a0\u00a0\u00a0\u00a0\u00a0\u00a0\u00a0\u00a0\u00a0\u00a0\u00a0\u00a0\u00a0\u00a0\u00a0\u00a0\u00a0\u00a0\u00a0\u00a0\u00a0\u00a0\u00a0\u00a0\u00a0\u00a0\u00a0\u00a0\u00a0\u00a0\u00a0\u00a0\u00a0\u00a0\u00a0\u00a0\u00a0\u00a0\u00a0 <a href=\"http:\/\/www.ofs.hr\">www.ofs.hr<\/a><\/li>\n<li>Danemark\u00a0\u00a0\u00a0\u00a0\u00a0\u00a0\u00a0\u00a0\u00a0 \u00a0\u00a0\u00a0\u00a0\u00a0\u00a0\u00a0\u00a0\u00a0\u00a0\u00a0\u00a0\u00a0\u00a0\u00a0\u00a0\u00a0\u00a0\u00a0\u00a0\u00a0\u00a0\u00a0\u00a0\u00a0\u00a0\u00a0\u00a0\u00a0<a href=\"https:\/\/franciskansk.dk\/\" target=\"_blank\" rel=\"noopener noreferrer\">www.franciskansk.dk<\/a><\/li>\n<li>les \u00c9tats-Unis d&#8217;Am\u00e9rique \u00a0\u00a0\u00a0\u00a0\u00a0\u00a0\u00a0\u00a0\u00a0\u00a0 <a href=\"https:\/\/secularfranciscansusa.org\/\">https:\/\/secularfranciscansusa.org\/<\/a><\/li>\n<li>France\u00a0\u00a0\u00a0\u00a0\u00a0\u00a0\u00a0\u00a0\u00a0\u00a0\u00a0\u00a0\u00a0\u00a0\u00a0\u00a0\u00a0\u00a0\u00a0\u00a0\u00a0\u00a0\u00a0\u00a0\u00a0\u00a0\u00a0\u00a0\u00a0\u00a0\u00a0\u00a0\u00a0\u00a0\u00a0\u00a0\u00a0\u00a0\u00a0\u00a0\u00a0\u00a0\u00a0\u00a0\u00a0 <a href=\"https:\/\/fraternite-franciscaine.fr\/\" target=\"_blank\" rel=\"noopener noreferrer\">https:\/\/fraternite-franciscaine.fr\/<\/a><\/li>\n<li>R\u00e9publique Tch\u00e8que \u00a0\u00a0\u00a0\u00a0\u00a0\u00a0\u00a0\u00a0\u00a0\u00a0\u00a0\u00a0\u00a0\u00a0\u00a0\u00a0\u00a0\u00a0\u00a0 <a href=\"http:\/\/www.sfr.cz\">www.sfr.cz<\/a><\/li>\n<li>Grande Bretagne\u00a0\u00a0\u00a0\u00a0\u00a0\u00a0\u00a0\u00a0\u00a0\u00a0\u00a0\u00a0\u00a0\u00a0\u00a0\u00a0\u00a0\u00a0\u00a0\u00a0\u00a0\u00a0\u00a0\u00a0\u00a0\u00a0\u00a0 <a href=\"https:\/\/ofsgb.org\/\">https:\/\/ofsgb.org\/<\/a><\/li>\n<li>Hongrie \u00a0\u00a0\u00a0\u00a0\u00a0\u00a0\u00a0\u00a0\u00a0\u00a0\u00a0\u00a0\u00a0\u00a0\u00a0\u00a0\u00a0\u00a0\u00a0\u00a0\u00a0\u00a0\u00a0\u00a0\u00a0\u00a0\u00a0\u00a0\u00a0\u00a0\u00a0\u00a0\u00a0\u00a0\u00a0\u00a0\u00a0\u00a0\u00a0\u00a0\u00a0<a href=\"http:\/\/www.fvr.hu\/\" target=\"_blank\" rel=\"noopener noreferrer\"> http:\/\/www.fvr.hu\/<\/a><\/li>\n<li>Italie \u00a0\u00a0\u00a0\u00a0\u00a0\u00a0\u00a0\u00a0\u00a0\u00a0\u00a0\u00a0\u00a0\u00a0\u00a0\u00a0\u00a0\u00a0\u00a0\u00a0\u00a0\u00a0\u00a0\u00a0\u00a0\u00a0\u00a0\u00a0\u00a0\u00a0\u00a0\u00a0\u00a0\u00a0\u00a0\u00a0\u00a0\u00a0\u00a0\u00a0\u00a0\u00a0\u00a0\u00a0\u00a0\u00a0\u00a0 <a href=\"http:\/\/www.ofs.it\">www.ofs.it<\/a><\/li>\n<li>Irlande \u00a0 \u00a0 \u00a0 \u00a0 \u00a0 \u00a0 \u00a0 \u00a0 \u00a0 \u00a0 \u00a0 \u00a0 \u00a0 \u00a0 \u00a0 \u00a0 \u00a0 \u00a0 \u00a0 \u00a0 \u00a0 \u00a0 <a href=\"https:\/\/ofsireland.org\/\" target=\"_blank\" rel=\"noopener noreferrer\">https:\/\/ofsireland.org\/<\/a><\/li>\n<li>Lituanie \u00a0\u00a0\u00a0\u00a0\u00a0\u00a0\u00a0\u00a0\u00a0\u00a0\u00a0\u00a0\u00a0\u00a0\u00a0\u00a0\u00a0\u00a0\u00a0\u00a0\u00a0\u00a0\u00a0\u00a0\u00a0\u00a0\u00a0\u00a0\u00a0\u00a0\u00a0\u00a0\u00a0\u00a0\u00a0\u00a0\u00a0\u00a0 \u00a0\u00a0 <a href=\"https:\/\/ofs.lt\/\">https:\/\/ofs.lt\/<\/a><\/li>\n<li>Nouvelle-Z\u00e9lande \u00a0\u00a0\u00a0\u00a0\u00a0\u00a0\u00a0\u00a0\u00a0\u00a0\u00a0\u00a0\u00a0\u00a0\u00a0\u00a0\u00a0\u00a0\u00a0\u00a0\u00a0\u00a0\u00a0 <a href=\"http:\/\/www.secularfranciscans.nz\/\" target=\"_blank\" rel=\"noopener noreferrer\">http:\/\/www.secularfranciscans.nz\/<\/a><\/li>\n<li>les Pays-Bas \u00a0\u00a0 \u00a0\u00a0\u00a0\u00a0\u00a0\u00a0\u00a0\u00a0\u00a0\u00a0\u00a0\u00a0\u00a0\u00a0\u00a0\u00a0\u00a0\u00a0\u00a0\u00a0\u00a0\u00a0\u00a0\u00a0\u00a0 \u00a0 \u00a0\u00a0 <a href=\"http:\/\/www.ofsnederland.nl\">www.ofsnederland.nl<\/a><\/li>\n<li>Paraguay \u00a0\u00a0\u00a0\u00a0\u00a0\u00a0\u00a0\u00a0\u00a0\u00a0\u00a0\u00a0\u00a0\u00a0\u00a0\u00a0\u00a0\u00a0\u00a0\u00a0\u00a0\u00a0\u00a0\u00a0\u00a0\u00a0\u00a0\u00a0\u00a0\u00a0\u00a0\u00a0\u00a0\u00a0\u00a0\u00a0\u00a0\u00a0\u00a0\u00a0 <a href=\"https:\/\/www.facebook.com\/OFSParaguay\/\" target=\"_blank\" rel=\"noopener noreferrer\">https:\/\/www.facebook.com\/OFSParaguay\/<\/a><\/li>\n<li>le Portugal\u00a0\u00a0\u00a0\u00a0\u00a0\u00a0\u00a0\u00a0\u00a0\u00a0\u00a0\u00a0\u00a0\u00a0\u00a0\u00a0\u00a0\u00a0\u00a0\u00a0\u00a0\u00a0\u00a0\u00a0\u00a0\u00a0\u00a0\u00a0\u00a0\u00a0\u00a0\u00a0\u00a0\u00a0\u00a0\u00a0\u00a0\u00a0 <a href=\"https:\/\/www.ofs.pt\/\" target=\"_blank\" rel=\"noopener noreferrer\">https:\/\/www.ofs.pt\/<\/a><\/li>\n<li>Pologne \u00a0\u00a0\u00a0\u00a0\u00a0\u00a0\u00a0\u00a0\u00a0\u00a0\u00a0\u00a0\u00a0\u00a0\u00a0\u00a0\u00a0\u00a0\u00a0\u00a0\u00a0\u00a0\u00a0\u00a0\u00a0\u00a0\u00a0\u00a0\u00a0\u00a0\u00a0\u00a0\u00a0\u00a0\u00a0\u00a0\u00a0\u00a0\u00a0\u00a0 <a href=\"http:\/\/www.fzspolska.pl\" target=\"_blank\" rel=\"noopener\">www.fzspolska.pl\u00a0<\/a><\/li>\n<li>Slovaquie \u00a0\u00a0\u00a0\u00a0\u00a0\u00a0\u00a0\u00a0\u00a0\u00a0\u00a0\u00a0\u00a0\u00a0\u00a0\u00a0\u00a0\u00a0\u00a0\u00a0\u00a0\u00a0\u00a0\u00a0\u00a0\u00a0\u00a0\u00a0\u00a0\u00a0\u00a0\u00a0\u00a0\u00a0\u00a0\u00a0\u00a0\u00a0 <a href=\"https:\/\/ofs.assisi.sk\/\">https:\/\/ofs.assisi.sk\/<\/a><\/li>\n<li>Slov\u00e9nie \u00a0\u00a0\u00a0\u00a0\u00a0\u00a0\u00a0\u00a0\u00a0\u00a0\u00a0\u00a0\u00a0\u00a0\u00a0\u00a0\u00a0\u00a0\u00a0\u00a0\u00a0\u00a0\u00a0\u00a0\u00a0\u00a0\u00a0\u00a0\u00a0\u00a0\u00a0\u00a0\u00a0\u00a0\u00a0\u00a0\u00a0\u00a0\u00a0\u00a0\u00a0 <a href=\"https:\/\/www.ofs.si\/\">https:\/\/www.ofs.si\/<\/a><\/li>\n<li>Ukraine\u00a0\u00a0\u00a0\u00a0\u00a0\u00a0\u00a0\u00a0\u00a0\u00a0\u00a0\u00a0\u00a0\u00a0\u00a0\u00a0\u00a0\u00a0\u00a0\u00a0\u00a0\u00a0\u00a0\u00a0\u00a0\u00a0\u00a0\u00a0\u00a0\u00a0\u00a0\u00a0\u00a0\u00a0\u00a0\u00a0\u00a0\u00a0\u00a0\u00a0\u00a0\u00a0\u00a0 <a href=\"https:\/\/ofs.org.ua\/\">https:\/\/ofs.org.ua\/<\/a><\/li>\n<\/ul>\n<p><em><span class=\"tlid-translation translation\" lang=\"fr\"><span class=\"\" title=\"\">Les fraternit\u00e9s nationales peuvent contacter le <span class=\"tlid-translation translation\" lang=\"it\"><a href=\"mailto: webmeister@ciofs.info\">webmeister<\/a><\/span> pour r\u00e9pertorier ou mettre \u00e0 jour leurs adresses de sites Web.<\/span><\/span><\/em><\/p>\n<p>&nbsp;<\/p>\n","protected":false},"excerpt":{"rendered":"<p>ORDRES FRANCISCAINS OFM | Ordre des Fr\u00e8res Mineurs (Ordo Fratrum Minorum) OFM Conv. | Fr\u00e8res conventuels (Ordo Fratrum Minorum Conventualium) OFM Cap. | Fr\u00e8res capucins (Ordo Fratrum Minorum Capuccinorum) TOR | Fr\u00e8res r\u00e9guliers du troisi\u00e8me ordre (Tertius Ordo Regularis S. Francisci) JUENESSE FRANCISCANE JeFra | Jeunesse franciscaine internationale FRATERNIT\u00c9S NATIONALES OFS Angola \u00a0\u00a0\u00a0\u00a0\u00a0\u00a0\u00a0\u00a0\u00a0\u00a0\u00a0\u00a0\u00a0\u00a0\u00a0\u00a0\u00a0\u00a0\u00a0\u00a0\u00a0\u00a0\u00a0\u00a0\u00a0\u00a0\u00a0\u00a0\u00a0\u00a0\u00a0\u00a0\u00a0\u00a0\u00a0\u00a0\u00a0\u00a0\u00a0\u00a0\u00a0\u00a0\u00a0 https:\/\/www.facebook.com\/ofsangola.cnofs Argentine\u00a0\u00a0\u00a0\u00a0\u00a0\u00a0\u00a0\u00a0\u00a0\u00a0\u00a0\u00a0\u00a0\u00a0\u00a0\u00a0\u00a0\u00a0\u00a0\u00a0\u00a0\u00a0\u00a0\u00a0\u00a0\u00a0\u00a0\u00a0\u00a0\u00a0\u00a0\u00a0\u00a0\u00a0\u00a0\u00a0\u00a0\u00a0\u00a0\u00a0 [&hellip;]<\/p>\n","protected":false},"author":1,"featured_media":2522,"parent":21,"menu_order":0,"comment_status":"closed","ping_status":"closed","template":"","meta":{"site-sidebar-layout":"no-sidebar","site-content-layout":"default","ast-site-content-layout":"default","site-content-style":"default","site-sidebar-style":"default","ast-global-header-display":"","ast-banner-title-visibility":"","ast-main-header-display":"","ast-hfb-above-header-display":"","ast-hfb-below-header-display":"","ast-hfb-mobile-header-display":"","site-post-title":"","ast-breadcrumbs-content":"","ast-featured-img":"","footer-sml-layout":"","ast-disable-related-posts":"","theme-transparent-header-meta":"default","adv-header-id-meta":"","stick-header-meta":"","header-above-stick-meta":"","header-main-stick-meta":"","header-below-stick-meta":"","astra-migrate-meta-layouts":"default","ast-page-background-enabled":"default","ast-page-background-meta":{"desktop":{"background-color":"","background-image":"","background-repeat":"repeat","background-position":"center center","background-size":"auto","background-attachment":"scroll","background-type":"","background-media":"","overlay-type":"","overlay-color":"","overlay-opacity":"","overlay-gradient":""},"tablet":{"background-color":"","background-image":"","background-repeat":"repeat","background-position":"center center","background-size":"auto","background-attachment":"scroll","background-type":"","background-media":"","overlay-type":"","overlay-color":"","overlay-opacity":"","overlay-gradient":""},"mobile":{"background-color":"","background-image":"","background-repeat":"repeat","background-position":"center center","background-size":"auto","background-attachment":"scroll","background-type":"","background-media":"","overlay-type":"","overlay-color":"","overlay-opacity":"","overlay-gradient":""}},"ast-content-background-meta":{"desktop":{"background-color":"var(--ast-global-color-5)","background-image":"","background-repeat":"repeat","background-position":"center center","background-size":"auto","background-attachment":"scroll","background-type":"","background-media":"","overlay-type":"","overlay-color":"","overlay-opacity":"","overlay-gradient":""},"tablet":{"background-color":"var(--ast-global-color-5)","background-image":"","background-repeat":"repeat","background-position":"center center","background-size":"auto","background-attachment":"scroll","background-type":"","background-media":"","overlay-type":"","overlay-color":"","overlay-opacity":"","overlay-gradient":""},"mobile":{"background-color":"var(--ast-global-color-5)","background-image":"","background-repeat":"repeat","background-position":"center center","background-size":"auto","background-attachment":"scroll","background-type":"","background-media":"","overlay-type":"","overlay-color":"","overlay-opacity":"","overlay-gradient":""}},"footnotes":""},"class_list":["post-2461","page","type-page","status-publish","has-post-thumbnail","hentry"],"translation":{"provider":"WPGlobus","version":"3.0.2","language":"fr","enabled_languages":["en","it","es","fr"],"languages":{"en":{"title":true,"content":true,"excerpt":false},"it":{"title":true,"content":true,"excerpt":false},"es":{"title":true,"content":true,"excerpt":false},"fr":{"title":true,"content":true,"excerpt":false}}},"rttpg_featured_image_url":{"full":["https:\/\/ciofs.info\/wp-content\/uploads\/2020\/05\/1Basilica-Assisi-sunset-626119898.jpg",1600,587,false],"landscape":["https:\/\/ciofs.info\/wp-content\/uploads\/2020\/05\/1Basilica-Assisi-sunset-626119898.jpg",1600,587,false],"portraits":["https:\/\/ciofs.info\/wp-content\/uploads\/2020\/05\/1Basilica-Assisi-sunset-626119898.jpg",1600,587,false],"thumbnail":["https:\/\/ciofs.info\/wp-content\/uploads\/2020\/05\/1Basilica-Assisi-sunset-626119898-150x150.jpg",150,150,true],"medium":["https:\/\/ciofs.info\/wp-content\/uploads\/2020\/05\/1Basilica-Assisi-sunset-626119898-300x110.jpg",300,110,true],"large":["https:\/\/ciofs.info\/wp-content\/uploads\/2020\/05\/1Basilica-Assisi-sunset-626119898-1024x376.jpg",1024,376,true],"1536x1536":["https:\/\/ciofs.info\/wp-content\/uploads\/2020\/05\/1Basilica-Assisi-sunset-626119898-1536x564.jpg",1536,564,true],"2048x2048":["https:\/\/ciofs.info\/wp-content\/uploads\/2020\/05\/1Basilica-Assisi-sunset-626119898.jpg",1600,587,false],"alm-thumbnail":["https:\/\/ciofs.info\/wp-content\/uploads\/2020\/05\/1Basilica-Assisi-sunset-626119898.jpg",150,55,false]},"rttpg_author":{"display_name":"robert","author_link":"https:\/\/ciofs.info\/fr\/author\/robert\/"},"rttpg_comment":0,"rttpg_category":null,"rttpg_excerpt":"ORDRES FRANCISCAINS OFM | Ordre des Fr\u00e8res Mineurs (Ordo Fratrum Minorum) OFM Conv. | Fr\u00e8res conventuels (Ordo Fratrum Minorum Conventualium) OFM Cap. | Fr\u00e8res capucins (Ordo Fratrum Minorum Capuccinorum) TOR | Fr\u00e8res r\u00e9guliers du troisi\u00e8me ordre (Tertius Ordo Regularis S. Francisci) JUENESSE FRANCISCANE JeFra | Jeunesse franciscaine internationale FRATERNIT\u00c9S NATIONALES OFS Angola \u00a0\u00a0\u00a0\u00a0\u00a0\u00a0\u00a0\u00a0\u00a0\u00a0\u00a0\u00a0\u00a0\u00a0\u00a0\u00a0\u00a0\u00a0\u00a0\u00a0\u00a0\u00a0\u00a0\u00a0\u00a0\u00a0\u00a0\u00a0\u00a0\u00a0\u00a0\u00a0\u00a0\u00a0\u00a0\u00a0\u00a0\u00a0\u00a0\u00a0\u00a0\u00a0\u00a0 https:\/\/www.facebook.com\/ofsangola.cnofs Argentine\u00a0\u00a0\u00a0\u00a0\u00a0\u00a0\u00a0\u00a0\u00a0\u00a0\u00a0\u00a0\u00a0\u00a0\u00a0\u00a0\u00a0\u00a0\u00a0\u00a0\u00a0\u00a0\u00a0\u00a0\u00a0\u00a0\u00a0\u00a0\u00a0\u00a0\u00a0\u00a0\u00a0\u00a0\u00a0\u00a0\u00a0\u00a0\u00a0\u00a0&hellip;","_links":{"self":[{"href":"https:\/\/ciofs.info\/fr\/wp-json\/wp\/v2\/pages\/2461","targetHints":{"allow":["GET"]}}],"collection":[{"href":"https:\/\/ciofs.info\/fr\/wp-json\/wp\/v2\/pages"}],"about":[{"href":"https:\/\/ciofs.info\/fr\/wp-json\/wp\/v2\/types\/page"}],"author":[{"embeddable":true,"href":"https:\/\/ciofs.info\/fr\/wp-json\/wp\/v2\/users\/1"}],"replies":[{"embeddable":true,"href":"https:\/\/ciofs.info\/fr\/wp-json\/wp\/v2\/comments?post=2461"}],"version-history":[{"count":103,"href":"https:\/\/ciofs.info\/fr\/wp-json\/wp\/v2\/pages\/2461\/revisions"}],"predecessor-version":[{"id":5548,"href":"https:\/\/ciofs.info\/fr\/wp-json\/wp\/v2\/pages\/2461\/revisions\/5548"}],"up":[{"embeddable":true,"href":"https:\/\/ciofs.info\/fr\/wp-json\/wp\/v2\/pages\/21"}],"wp:featuredmedia":[{"embeddable":true,"href":"https:\/\/ciofs.info\/fr\/wp-json\/wp\/v2\/media\/2522"}],"wp:attachment":[{"href":"https:\/\/ciofs.info\/fr\/wp-json\/wp\/v2\/media?parent=2461"}],"curies":[{"name":"wp","href":"https:\/\/api.w.org\/{rel}","templated":true}]}}