{"id":2129,"date":"2020-04-09T04:04:39","date_gmt":"2020-04-09T04:04:39","guid":{"rendered":"https:\/\/ciofs.info\/?page_id=2129"},"modified":"2020-04-09T04:04:39","modified_gmt":"2020-04-09T04:04:39","slug":"2011-general-chapter","status":"publish","type":"page","link":"https:\/\/ciofs.info\/fr\/news\/gen-chapter\/2011-general-chapter\/","title":{"rendered":"CHAPITRE G\u00c9N\u00c9RAL 2011"},"content":{"rendered":"<p><span class=\"tlid-translation translation\" lang=\"fr\"><span style=\"font-size: 14pt;\"><strong><span title=\"\">XIIIe Chapitre g\u00e9n\u00e9ral de l&#8217;Ordre franciscain s\u00e9culier<\/span><\/strong><\/span><br \/>\n<span style=\"font-size: 14pt;\"><strong><span title=\"\">22 au 29 octobre 2011 \u2022 Sao Paulo, Br\u00e9sil<\/span><\/strong><\/span><\/span><\/p>\n<p><span title=\"\">PR\u00c9SENTATIONS<\/span><\/p>\n<ul>\n<li><a href=\"https:\/\/ciofs.info\/wp-content\/uploads\/2020\/04\/FR_VOCATION_SPECIFIQUE.pdf\">FR_Benedetto Lino, &#8220;Vocation specifique pour une mission particuliere<\/a><img fetchpriority=\"high\" decoding=\"async\" class=\"alignright wp-image-2169\" src=\"https:\/\/ciofs.info\/wp-content\/uploads\/2020\/04\/2011-Chapter-logo-155x300.jpg\" alt=\"2011 General Chapter logo\" width=\"230\" height=\"446\" srcset=\"https:\/\/ciofs.info\/wp-content\/uploads\/2020\/04\/2011-Chapter-logo-155x300.jpg 155w, https:\/\/ciofs.info\/wp-content\/uploads\/2020\/04\/2011-Chapter-logo-528x1024.jpg 528w, https:\/\/ciofs.info\/wp-content\/uploads\/2020\/04\/2011-Chapter-logo.jpg 546w\" sizes=\"(max-width: 230px) 100vw, 230px\" \/><a href=\"https:\/\/ciofs.info\/wp-content\/uploads\/2020\/04\/FR_VOCATION_SPECIFIQUE.pdf\">&#8220;<\/a><\/li>\n<li><a href=\"https:\/\/ciofs.info\/wp-content\/uploads\/2020\/04\/FR_Fr-Fernando-Ventura-E\u0301vange\u0301lise\u0301s-pour-e\u0301vange\u0301liser.pdf\">FR_Fr Fernando Ventura, &#8220;E\u0301vange\u0301lise\u0301s pour e\u0301vange\u0301liser&#8221;<\/a><\/li>\n<li><a href=\"https:\/\/ciofs.info\/wp-content\/uploads\/2020\/04\/FR-15-Jeunesse-Franciscaine-Aujordhui.pdf\">FR_Ana Fruk, &#8220;Jeunesse Franciscaine Aujord&#8217;hui&#8221;<\/a><\/li>\n<\/ul>\n<p><span class=\"tlid-translation translation\" lang=\"fr\"><span class=\"\" title=\"\">DOCUMENTS<\/span><\/span><\/p>\n<ul>\n<li><a href=\"https:\/\/ciofs.info\/wp-content\/uploads\/2020\/04\/FR-6-CAS-rapports.pdf\">FR CAS rapports<\/a><\/li>\n<li><a href=\"https:\/\/ciofs.info\/wp-content\/uploads\/2020\/04\/FR-7-Importance-de-la-famille-pour-lOFS.pdf\">FR Importance de la famille pour l&#8217;OFS<\/a><\/li>\n<li><a href=\"https:\/\/ciofs.info\/wp-content\/uploads\/2020\/04\/FR-8-ciofs_Ro\u0302le-et-devoirs-du-Conseiller-International-.pdf\">FR 8 ciofs_Ro\u0302le et devoirs du Conseiller International<\/a><\/li>\n<li><a href=\"https:\/\/ciofs.info\/wp-content\/uploads\/2020\/04\/FR-9-Utilisation-et-traduction-du-nom-de-l\u2019ordre.pdf\">FR Utilisation et traduction du nom de l\u2019ordre<\/a><\/li>\n<li><a href=\"https:\/\/ciofs.info\/wp-content\/uploads\/2020\/04\/FR-10-Decision-sur-l\u2019usage-de-l\u2019-habit.pdf\">FR Decision sur l\u2019usage de l\u2019 habit<\/a><\/li>\n<li><a href=\"https:\/\/ciofs.info\/wp-content\/uploads\/2020\/04\/FR-11-De\u0301cision-sur-les-visites-conjointes.pdf\">FR De\u0301cision sur les visites conjointes<\/a><\/li>\n<li><a href=\"https:\/\/ciofs.info\/wp-content\/uploads\/2020\/04\/FR-12-message-aux-S\u0153urs-Clarisas.pdf\">FR message aux S\u0153urs Clarisas<\/a><\/li>\n<li><a href=\"https:\/\/ciofs.info\/wp-content\/uploads\/2020\/04\/FR-13-Conclusions-ChapGBresil.pdf\">FR Conclusions <\/a><\/li>\n<li><a href=\"https:\/\/ciofs.info\/wp-content\/uploads\/2020\/04\/FR-14-Message-du-chapitre.pdf\">FR Message du chapitre<\/a><\/li>\n<li><a href=\"https:\/\/ciofs.info\/wp-content\/uploads\/2020\/04\/FR_34-Circulaire-post-chapitre.pdf\">FR Circulaire post-chapitre<\/a><\/li>\n<\/ul>\n","protected":false},"excerpt":{"rendered":"<p>XIIIe Chapitre g\u00e9n\u00e9ral de l&#8217;Ordre franciscain s\u00e9culier 22 au 29 octobre 2011 \u2022 Sao Paulo, Br\u00e9sil PR\u00c9SENTATIONS FR_Benedetto Lino, &#8220;Vocation specifique pour une mission particuliere&#8220; FR_Fr Fernando Ventura, &#8220;E\u0301vange\u0301lise\u0301s pour e\u0301vange\u0301liser&#8221; FR_Ana Fruk, &#8220;Jeunesse Franciscaine Aujord&#8217;hui&#8221; DOCUMENTS FR CAS rapports FR Importance de la famille pour l&#8217;OFS FR 8 ciofs_Ro\u0302le et devoirs du Conseiller International [&hellip;]<\/p>\n","protected":false},"author":1,"featured_media":2217,"parent":323,"menu_order":0,"comment_status":"closed","ping_status":"closed","template":"","meta":{"site-sidebar-layout":"no-sidebar","site-content-layout":"default","ast-site-content-layout":"default","site-content-style":"default","site-sidebar-style":"default","ast-global-header-display":"","ast-banner-title-visibility":"","ast-main-header-display":"","ast-hfb-above-header-display":"","ast-hfb-below-header-display":"","ast-hfb-mobile-header-display":"","site-post-title":"","ast-breadcrumbs-content":"","ast-featured-img":"","footer-sml-layout":"","ast-disable-related-posts":"","theme-transparent-header-meta":"default","adv-header-id-meta":"","stick-header-meta":"","header-above-stick-meta":"","header-main-stick-meta":"","header-below-stick-meta":"","astra-migrate-meta-layouts":"default","ast-page-background-enabled":"default","ast-page-background-meta":{"desktop":{"background-color":"","background-image":"","background-repeat":"repeat","background-position":"center center","background-size":"auto","background-attachment":"scroll","background-type":"","background-media":"","overlay-type":"","overlay-color":"","overlay-opacity":"","overlay-gradient":""},"tablet":{"background-color":"","background-image":"","background-repeat":"repeat","background-position":"center center","background-size":"auto","background-attachment":"scroll","background-type":"","background-media":"","overlay-type":"","overlay-color":"","overlay-opacity":"","overlay-gradient":""},"mobile":{"background-color":"","background-image":"","background-repeat":"repeat","background-position":"center center","background-size":"auto","background-attachment":"scroll","background-type":"","background-media":"","overlay-type":"","overlay-color":"","overlay-opacity":"","overlay-gradient":""}},"ast-content-background-meta":{"desktop":{"background-color":"var(--ast-global-color-5)","background-image":"","background-repeat":"repeat","background-position":"center center","background-size":"auto","background-attachment":"scroll","background-type":"","background-media":"","overlay-type":"","overlay-color":"","overlay-opacity":"","overlay-gradient":""},"tablet":{"background-color":"var(--ast-global-color-5)","background-image":"","background-repeat":"repeat","background-position":"center center","background-size":"auto","background-attachment":"scroll","background-type":"","background-media":"","overlay-type":"","overlay-color":"","overlay-opacity":"","overlay-gradient":""},"mobile":{"background-color":"var(--ast-global-color-5)","background-image":"","background-repeat":"repeat","background-position":"center center","background-size":"auto","background-attachment":"scroll","background-type":"","background-media":"","overlay-type":"","overlay-color":"","overlay-opacity":"","overlay-gradient":""}},"footnotes":""},"class_list":["post-2129","page","type-page","status-publish","has-post-thumbnail","hentry"],"translation":{"provider":"WPGlobus","version":"3.0.2","language":"fr","enabled_languages":["en","it","es","fr"],"languages":{"en":{"title":true,"content":true,"excerpt":false},"it":{"title":true,"content":true,"excerpt":false},"es":{"title":true,"content":true,"excerpt":false},"fr":{"title":true,"content":true,"excerpt":false}}},"rttpg_featured_image_url":{"full":["https:\/\/ciofs.info\/wp-content\/uploads\/2020\/04\/capitologenerale_big.jpg",905,295,false],"landscape":["https:\/\/ciofs.info\/wp-content\/uploads\/2020\/04\/capitologenerale_big.jpg",905,295,false],"portraits":["https:\/\/ciofs.info\/wp-content\/uploads\/2020\/04\/capitologenerale_big.jpg",905,295,false],"thumbnail":["https:\/\/ciofs.info\/wp-content\/uploads\/2020\/04\/capitologenerale_big-150x150.jpg",150,150,true],"medium":["https:\/\/ciofs.info\/wp-content\/uploads\/2020\/04\/capitologenerale_big-300x98.jpg",300,98,true],"large":["https:\/\/ciofs.info\/wp-content\/uploads\/2020\/04\/capitologenerale_big.jpg",905,295,false],"1536x1536":["https:\/\/ciofs.info\/wp-content\/uploads\/2020\/04\/capitologenerale_big.jpg",905,295,false],"2048x2048":["https:\/\/ciofs.info\/wp-content\/uploads\/2020\/04\/capitologenerale_big.jpg",905,295,false],"alm-thumbnail":["https:\/\/ciofs.info\/wp-content\/uploads\/2020\/04\/capitologenerale_big.jpg",150,49,false]},"rttpg_author":{"display_name":"robert","author_link":"https:\/\/ciofs.info\/fr\/author\/robert\/"},"rttpg_comment":0,"rttpg_category":null,"rttpg_excerpt":"XIIIe Chapitre g\u00e9n\u00e9ral de l&#8217;Ordre franciscain s\u00e9culier 22 au 29 octobre 2011 \u2022 Sao Paulo, Br\u00e9sil PR\u00c9SENTATIONS FR_Benedetto Lino, &#8220;Vocation specifique pour une mission particuliere&#8220; FR_Fr Fernando Ventura, &#8220;E\u0301vange\u0301lise\u0301s pour e\u0301vange\u0301liser&#8221; FR_Ana Fruk, &#8220;Jeunesse Franciscaine Aujord&#8217;hui&#8221; DOCUMENTS FR CAS rapports FR Importance de la famille pour l&#8217;OFS FR 8 ciofs_Ro\u0302le et devoirs du Conseiller International&hellip;","_links":{"self":[{"href":"https:\/\/ciofs.info\/fr\/wp-json\/wp\/v2\/pages\/2129","targetHints":{"allow":["GET"]}}],"collection":[{"href":"https:\/\/ciofs.info\/fr\/wp-json\/wp\/v2\/pages"}],"about":[{"href":"https:\/\/ciofs.info\/fr\/wp-json\/wp\/v2\/types\/page"}],"author":[{"embeddable":true,"href":"https:\/\/ciofs.info\/fr\/wp-json\/wp\/v2\/users\/1"}],"replies":[{"embeddable":true,"href":"https:\/\/ciofs.info\/fr\/wp-json\/wp\/v2\/comments?post=2129"}],"version-history":[{"count":30,"href":"https:\/\/ciofs.info\/fr\/wp-json\/wp\/v2\/pages\/2129\/revisions"}],"predecessor-version":[{"id":2216,"href":"https:\/\/ciofs.info\/fr\/wp-json\/wp\/v2\/pages\/2129\/revisions\/2216"}],"up":[{"embeddable":true,"href":"https:\/\/ciofs.info\/fr\/wp-json\/wp\/v2\/pages\/323"}],"wp:featuredmedia":[{"embeddable":true,"href":"https:\/\/ciofs.info\/fr\/wp-json\/wp\/v2\/media\/2217"}],"wp:attachment":[{"href":"https:\/\/ciofs.info\/fr\/wp-json\/wp\/v2\/media?parent=2129"}],"curies":[{"name":"wp","href":"https:\/\/api.w.org\/{rel}","templated":true}]}}