{"id":1808,"date":"2020-04-08T08:58:10","date_gmt":"2020-04-08T08:58:10","guid":{"rendered":"https:\/\/ciofs.info\/?page_id=1808"},"modified":"2020-04-14T11:02:51","modified_gmt":"2020-04-14T11:02:51","slug":"saint-francis-of-assisi","status":"publish","type":"page","link":"https:\/\/ciofs.info\/fr\/history\/saint-francis-of-assisi\/","title":{"rendered":"SAINT FRAN\u00c7OIS D\u2019ASSISE"},"content":{"rendered":"<h2>Saint Fran\u00e7ois d\u2019Assise<br \/>en un coup d\u2019\u0153il<\/h2>\n<p>\t\t\t\t\t\t\t\t\t\t<img fetchpriority=\"high\" decoding=\"async\" width=\"240\" height=\"243\" src=\"https:\/\/ciofs.info\/wp-content\/uploads\/2019\/08\/francis.jpg\" alt=\"\" \/>\t\t\t\t\t\t\t\t\t\t\t<\/p>\n<p><strong>Sa Jeunesse<\/strong><br \/>Fran\u00e7ois est n\u00e9 \u00e0 Assise, en Italie, en 1182. Il a grandi en vivant une vie privil\u00e9gi\u00e9e en tant que fils d&#8217;un riche marchand de tissus. Fran\u00e7ois aimait apprendre et chanter des chansons quand il \u00e9tait petit. Son p\u00e8re voulait qu&#8217;il devienne homme d&#8217;affaires et lui a enseign\u00e9 la culture fran\u00e7aise.<\/p>\n<p style=\"text-align: right;\"><strong>Aller au combat <\/strong><br \/>Vers l&#8217;\u00e2ge de dix-neuf ans, Fran\u00e7ois r\u00eavait d&#8217;une action h\u00e9ro\u00efque, comme des chevaliers d&#8217;autrefois, et partit combattre avec l&#8217;arm\u00e9e d&#8217;Assise contre la ville voisine de P\u00e9rouse. Apr\u00e8s la d\u00e9faite d\u2019Assise, Fran\u00e7ois a \u00e9t\u00e9 captur\u00e9 et rentre en prison. Il a \u00e9t\u00e9 d\u00e9tenu dans un cachot pendant un an jusqu&#8217;\u00e0 ce que son p\u00e8re paie une ran\u00e7on. <\/p>\n<p>\t\t\t\t\t\t\t\t\t\t<img decoding=\"async\" src=\"https:\/\/ciofs.info\/wp-content\/uploads\/elementor\/thumbs\/Statue-Francis-on-horse_2446-500px-onqt4kqcv97pmjcj4scgbfuz311vlnjopwu8l3agnk.jpg\" title=\"Statue-Francis-on-horse_2446-500px\" alt=\"Statue of Francis on horse\" \/><br \/>\n\t\t\t\t\t\t\t\t\t\t<img decoding=\"async\" width=\"300\" height=\"247\" src=\"https:\/\/ciofs.info\/wp-content\/uploads\/2020\/04\/Francis-statue-basilica-Assisi_6636-534px-300x247.jpg\" alt=\"Statue of Francis\" srcset=\"https:\/\/ciofs.info\/wp-content\/uploads\/2020\/04\/Francis-statue-basilica-Assisi_6636-534px-300x247.jpg 300w, https:\/\/ciofs.info\/wp-content\/uploads\/2020\/04\/Francis-statue-basilica-Assisi_6636-534px.jpg 537w\" sizes=\"(max-width: 300px) 100vw, 300px\" \/>\t\t\t\t\t\t\t\t\t\t\t<\/p>\n<p><strong>Visions de Dieu<\/strong> <br \/>Au cours des ann\u00e9es suivantes, Fran\u00e7ois a commenc\u00e9 \u00e0 voir des visions de Dieu qui ont chang\u00e9 sa vie. La premi\u00e8re vision \u00e9tait quand il \u00e9tait malade avec une forte fi\u00e8vre. Sa premi\u00e8re r\u00e9action fut que Dieu l&#8217;avait appel\u00e9 \u00e0 combattre dans les croisades. Cependant, il avait une autre vision qui lui disait d&#8217;aider les malades. Enfin, en priant dans une \u00e9glise, Fran\u00e7ois a entendu Dieu lui dire\u00a0: &#8220;R\u00e9pare mon \u00e9glise qui tombe en ruine&#8221;.<\/p>\n<p>Alors, Fran\u00e7ois, contre la volont\u00e9 de son p\u00e8re, a donn\u00e9 tout son argent \u00e0 l&#8217;\u00e9glise. Pour cette raison, son p\u00e8re est tomb\u00e9 tr\u00e8s en col\u00e8re contre lui. Fran\u00e7ois a ensuite quitt\u00e9 la maison de son p\u00e8re et a fait v\u0153u de pauvret\u00e9.<\/p>\n<p style=\"text-align: right;\"><strong>L\u2019ordre Franciscain <br \/><\/strong>Apr\u00e8s que Fran\u00e7ois a commenc\u00e9 \u00e0 vivre sa vie de pauvret\u00e9 et \u00e0 pr\u00eacher sur la vie de J\u00e9sus-Christ, les gens ont commenc\u00e9 \u00e0 le suivre. En 1209, il comptait environ 11 adeptes. Il avait une r\u00e8gle de base qui \u00e9tait \u00abde suivre les enseignements de notre Seigneur J\u00e9sus-Christ et de marcher sur ses traces\u00a0\u00bb.<\/p>\n<p style=\"text-align: right;\">Fran\u00e7ois \u00e9tait un adepte d\u00e9vou\u00e9 de l&#8217;\u00c9glise catholique. Lui et ses disciples se sont rendus \u00e0 Rome pour obtenir l&#8217;approbation du Pape pour leur ordre religieux et leur r\u00e8gle de vie. Au d\u00e9but, le pape \u00e9tait r\u00e9ticent car il voyait devant lui des hommes sales et pauvres. Cependant, il a fini par comprendre leur v\u0153u de pauvret\u00e9 et a b\u00e9ni l&#8217;ordre.<\/p>\n<p>\t\t\t\t\t\t\t\t\t\t<img decoding=\"async\" src=\"https:\/\/ciofs.info\/wp-content\/uploads\/elementor\/thumbs\/Francis-fresco-at-Subiaco_8998-onrbwhieu9yzqlqzb3elfh4f7bu8xyvs03n7nu7jea.jpg\" title=\"Francis-fresco-at-Subiaco_8998\" alt=\"Francis fresco\" \/><br \/>\n\t\t\t\t\t\t\t\t\t\t<img decoding=\"async\" width=\"252\" height=\"300\" src=\"https:\/\/ciofs.info\/wp-content\/uploads\/2020\/04\/St-Clare-stainglass-500px-252x300.jpg\" alt=\"\" srcset=\"https:\/\/ciofs.info\/wp-content\/uploads\/2020\/04\/St-Clare-stainglass-500px-252x300.jpg 252w, https:\/\/ciofs.info\/wp-content\/uploads\/2020\/04\/St-Clare-stainglass-500px.jpg 500w\" sizes=\"(max-width: 252px) 100vw, 252px\" \/>\t\t\t\t\t\t\t\t\t\t\t<\/p>\n<p><strong>Autres ordres <\/strong><br \/>L&#8217;Ordre franciscain se d\u00e9veloppe rapidement et de nombreux hommes rejoignent les premiers disciples et prononcent des v\u0153ux de pauvret\u00e9. \u00c0 un certain moment, m\u00eame une femme d&#8217;Assise, Claire Offreducci, a voulu suivre le mod\u00e8le de vie et faire les m\u00eames v\u0153ux. Fran\u00e7ois l&#8217;a soutenue et l&#8217;a aid\u00e9e \u00e0 d\u00e9marrer l&#8217;Ordre des Pauvres Dames (Ordre de Sainte Claire ou Pauvre Claire).<\/p>\n<p>Il a \u00e9galement commenc\u00e9 un autre ordre, les Fr\u00e8res et S\u0153urs de P\u00e9nitence (plus tard appel\u00e9 le Troisi\u00e8me Ordre de Saint Fran\u00e7ois) qui \u00e9tait pour les hommes et les femmes qui ne faisaient pas de v\u0153ux ou ne quittaient pas leur travail, mais vivaient les principes de l&#8217;Ordre franciscain dans leur vie quotidienne. <strong>Ce troisi\u00e8me ordre la\u00efque est maintenant connu sous le nom de l\u2019Ordre franciscain s\u00e9culier.<\/strong><\/p>\n<p style=\"text-align: right;\"><strong>L\u2019amour de la nature <br \/><\/strong>Fran\u00e7ois \u00e9tait connu pour son amour de la nature et des animaux. Il y a beaucoup d&#8217;histoires sur Saint Fran\u00e7ois et sa pr\u00e9dication aux animaux. On raconte qu&#8217;un jour il parlait \u00e0 quelques oiseaux quand ils ont commenc\u00e9 \u00e0 chanter ensemble. Puis ils ont vol\u00e9 dans le ciel et ont form\u00e9 le signe d&#8217;une croix.<\/p>\n<p style=\"text-align: right;\">Il a \u00e9galement \u00e9t\u00e9 dit que Fran\u00e7ois pouvait apprivoiser les animaux sauvages. Une histoire c\u00e9l\u00e8bre raconte un loup vicieux dans la ville de Gubbio qui tuait des gens et des moutons. Les gens de la ville avaient peur et ne savaient pas quoi faire. \u00c0 leur demande, Fran\u00e7ois s&#8217;est rendu en ville pour affronter le loup. Au d\u00e9but, le loup grogna sur Fran\u00e7ois et se pr\u00e9para \u00e0 l&#8217;attaquer. Cependant, Fran\u00e7ois a fait le signe de la croix et a dit au loup de ne blesser plus personne. Apr\u00e8s la rencontre, le loup a chang\u00e9 et est devenu docile, vivant dans la ville en harmonie avec les habitants.<\/p>\n<p>\t\t\t\t\t\t\t\t\t\t<img decoding=\"async\" src=\"https:\/\/ciofs.info\/wp-content\/uploads\/elementor\/thumbs\/St-Francis-and-wolf-49219-500px-onqtk5w214qjkqy0qe7hc4ipa2jg8l90or6vbdw9ik.jpg\" title=\"St-Francis-and-wolf-49219-500px\" alt=\"St-Francis-and-wolf-49219-500px\" \/>\t\t\t\t\t\t\t\t\t\t\t<\/p>\n<p><strong>Sa mort <\/strong><br \/>Au cours des derni\u00e8res ann\u00e9es de sa vie, Fran\u00e7ois a souffert de nombreuses maladies et est finalement devenu aveugle. Il mourut en 1226 en chantant le Psaume 141. Il fut d\u00e9clar\u00e9 saint de l&#8217;\u00c9glise catholique deux ans seulement apr\u00e8s sa mort.<\/p>\n","protected":false},"excerpt":{"rendered":"<p>Saint Fran\u00e7ois d\u2019Assiseen un coup d\u2019\u0153il Sa JeunesseFran\u00e7ois est n\u00e9 \u00e0 Assise, en Italie, en 1182. Il a grandi en vivant une vie privil\u00e9gi\u00e9e en tant que fils d&#8217;un riche marchand de tissus. Fran\u00e7ois aimait apprendre et chanter des chansons quand il \u00e9tait petit. Son p\u00e8re voulait qu&#8217;il devienne homme d&#8217;affaires et lui a enseign\u00e9 [&hellip;]<\/p>\n","protected":false},"author":1,"featured_media":0,"parent":335,"menu_order":0,"comment_status":"closed","ping_status":"closed","template":"","meta":{"site-sidebar-layout":"no-sidebar","site-content-layout":"page-builder","ast-site-content-layout":"default","site-content-style":"default","site-sidebar-style":"default","ast-global-header-display":"","ast-banner-title-visibility":"","ast-main-header-display":"","ast-hfb-above-header-display":"","ast-hfb-below-header-display":"","ast-hfb-mobile-header-display":"","site-post-title":"disabled","ast-breadcrumbs-content":"","ast-featured-img":"disabled","footer-sml-layout":"","ast-disable-related-posts":"","theme-transparent-header-meta":"default","adv-header-id-meta":"","stick-header-meta":"","header-above-stick-meta":"","header-main-stick-meta":"","header-below-stick-meta":"","astra-migrate-meta-layouts":"default","ast-page-background-enabled":"default","ast-page-background-meta":{"desktop":{"background-color":"","background-image":"","background-repeat":"repeat","background-position":"center center","background-size":"auto","background-attachment":"scroll","background-type":"","background-media":"","overlay-type":"","overlay-color":"","overlay-opacity":"","overlay-gradient":""},"tablet":{"background-color":"","background-image":"","background-repeat":"repeat","background-position":"center center","background-size":"auto","background-attachment":"scroll","background-type":"","background-media":"","overlay-type":"","overlay-color":"","overlay-opacity":"","overlay-gradient":""},"mobile":{"background-color":"","background-image":"","background-repeat":"repeat","background-position":"center center","background-size":"auto","background-attachment":"scroll","background-type":"","background-media":"","overlay-type":"","overlay-color":"","overlay-opacity":"","overlay-gradient":""}},"ast-content-background-meta":{"desktop":{"background-color":"var(--ast-global-color-5)","background-image":"","background-repeat":"repeat","background-position":"center center","background-size":"auto","background-attachment":"scroll","background-type":"","background-media":"","overlay-type":"","overlay-color":"","overlay-opacity":"","overlay-gradient":""},"tablet":{"background-color":"var(--ast-global-color-5)","background-image":"","background-repeat":"repeat","background-position":"center center","background-size":"auto","background-attachment":"scroll","background-type":"","background-media":"","overlay-type":"","overlay-color":"","overlay-opacity":"","overlay-gradient":""},"mobile":{"background-color":"var(--ast-global-color-5)","background-image":"","background-repeat":"repeat","background-position":"center center","background-size":"auto","background-attachment":"scroll","background-type":"","background-media":"","overlay-type":"","overlay-color":"","overlay-opacity":"","overlay-gradient":""}},"footnotes":""},"class_list":["post-1808","page","type-page","status-publish","hentry"],"translation":{"provider":"WPGlobus","version":"3.0.2","language":"fr","enabled_languages":["en","it","es","fr"],"languages":{"en":{"title":true,"content":true,"excerpt":false},"it":{"title":true,"content":true,"excerpt":false},"es":{"title":true,"content":true,"excerpt":false},"fr":{"title":true,"content":true,"excerpt":false}}},"rttpg_featured_image_url":null,"rttpg_author":{"display_name":"robert","author_link":"https:\/\/ciofs.info\/fr\/author\/robert\/"},"rttpg_comment":0,"rttpg_category":null,"rttpg_excerpt":"Saint Fran\u00e7ois d\u2019Assiseen un coup d\u2019\u0153il Sa JeunesseFran\u00e7ois est n\u00e9 \u00e0 Assise, en Italie, en 1182. Il a grandi en vivant une vie privil\u00e9gi\u00e9e en tant que fils d&#8217;un riche marchand de tissus. Fran\u00e7ois aimait apprendre et chanter des chansons quand il \u00e9tait petit. Son p\u00e8re voulait qu&#8217;il devienne homme d&#8217;affaires et lui a enseign\u00e9&hellip;","_links":{"self":[{"href":"https:\/\/ciofs.info\/fr\/wp-json\/wp\/v2\/pages\/1808","targetHints":{"allow":["GET"]}}],"collection":[{"href":"https:\/\/ciofs.info\/fr\/wp-json\/wp\/v2\/pages"}],"about":[{"href":"https:\/\/ciofs.info\/fr\/wp-json\/wp\/v2\/types\/page"}],"author":[{"embeddable":true,"href":"https:\/\/ciofs.info\/fr\/wp-json\/wp\/v2\/users\/1"}],"replies":[{"embeddable":true,"href":"https:\/\/ciofs.info\/fr\/wp-json\/wp\/v2\/comments?post=1808"}],"version-history":[{"count":17,"href":"https:\/\/ciofs.info\/fr\/wp-json\/wp\/v2\/pages\/1808\/revisions"}],"predecessor-version":[{"id":2262,"href":"https:\/\/ciofs.info\/fr\/wp-json\/wp\/v2\/pages\/1808\/revisions\/2262"}],"up":[{"embeddable":true,"href":"https:\/\/ciofs.info\/fr\/wp-json\/wp\/v2\/pages\/335"}],"wp:attachment":[{"href":"https:\/\/ciofs.info\/fr\/wp-json\/wp\/v2\/media?parent=1808"}],"curies":[{"name":"wp","href":"https:\/\/api.w.org\/{rel}","templated":true}]}}