{"id":1466,"date":"2020-03-28T11:43:41","date_gmt":"2020-03-28T11:43:41","guid":{"rendered":"https:\/\/ciofs.info\/?page_id=1466"},"modified":"2020-03-28T14:01:10","modified_gmt":"2020-03-28T14:01:10","slug":"2nd-european-congress","status":"publish","type":"page","link":"https:\/\/ciofs.info\/fr\/news\/congresses\/2nd-european-congress\/","title":{"rendered":"LE DEUXI\u00c8ME CONGR\u00c8S EUROP\u00c9EN"},"content":{"rendered":"<h3>17-23 ao\u00fbt 2015 en Bosnie-Herz\u00e9govine<\/h3>\n<h4><em>\u00abVivez une vie digne de l&#8217;appel que vous avez re\u00e7u!\u00bb (\u00c9ph\u00e9siens 4,1)<\/em><\/h4>\n<p>En 2012, l&#8217;OFS et la JeFra ont c\u00e9l\u00e9br\u00e9 leur premier congr\u00e8s europ\u00e9en commun \u00e0 Lisieux, la ville fran\u00e7aise c\u00e9l\u00e8bre pour sainte Th\u00e9r\u00e8se de l&#8217;Enfant-J\u00e9sus. C&#8217;\u00e9tait une sorte de moment historique car ils ont d\u00e9cid\u00e9 de continuer sur la m\u00eame voie ensemble et d&#8217;organiser le deuxi\u00e8me congr\u00e8s europ\u00e9en OFS-YouFra en Bosnie-Herz\u00e9govine en 2015 dans la ville de Mostar. C&#8217;est ainsi que la Fraternit\u00e9 nationale de Bosnie-Herz\u00e9govine a organis\u00e9 ce congr\u00e8s.<\/p>\n<p><a href=\"https:\/\/ciofs.info\/wp-content\/uploads\/2020\/03\/Message-du-Cardinal-Peter-Erdo-FR.pdf\" target=\"_blank\" rel=\"noopener noreferrer\">Message du Cardinal Peter Erdo <\/a>\u00a0| <a href=\"https:\/\/ciofs.info\/wp-content\/uploads\/2020\/03\/Europe-Congre\u0300s-conclusions-FR.pdf\" target=\"_blank\" rel=\"noopener noreferrer\">Europe Congre\u0300s conclusions<\/a> | <a href=\"https:\/\/drive.google.com\/drive\/folders\/0Bxi-vRhsmDD5fk9mWVMwMnJ5RUJRa010ZVFJTXp6VDR6N002XzRQLWJYbklNd3dnNDlyRWs\" target=\"_blank\" rel=\"noopener noreferrer\">Photos<\/a> (Google Drive de Drazen Alpeza)<\/p>\n","protected":false},"excerpt":{"rendered":"<p>17-23 ao\u00fbt 2015 en Bosnie-Herz\u00e9govine \u00abVivez une vie digne de l&#8217;appel que vous avez re\u00e7u!\u00bb (\u00c9ph\u00e9siens 4,1) En 2012, l&#8217;OFS et la JeFra ont c\u00e9l\u00e9br\u00e9 leur premier congr\u00e8s europ\u00e9en commun \u00e0 Lisieux, la ville fran\u00e7aise c\u00e9l\u00e8bre pour sainte Th\u00e9r\u00e8se de l&#8217;Enfant-J\u00e9sus. C&#8217;\u00e9tait une sorte de moment historique car ils ont d\u00e9cid\u00e9 de continuer sur la [&hellip;]<\/p>\n","protected":false},"author":1,"featured_media":1472,"parent":325,"menu_order":0,"comment_status":"closed","ping_status":"closed","template":"","meta":{"site-sidebar-layout":"no-sidebar","site-content-layout":"default","ast-site-content-layout":"default","site-content-style":"default","site-sidebar-style":"default","ast-global-header-display":"","ast-banner-title-visibility":"","ast-main-header-display":"","ast-hfb-above-header-display":"","ast-hfb-below-header-display":"","ast-hfb-mobile-header-display":"","site-post-title":"","ast-breadcrumbs-content":"","ast-featured-img":"","footer-sml-layout":"","ast-disable-related-posts":"","theme-transparent-header-meta":"default","adv-header-id-meta":"","stick-header-meta":"","header-above-stick-meta":"","header-main-stick-meta":"","header-below-stick-meta":"","astra-migrate-meta-layouts":"default","ast-page-background-enabled":"default","ast-page-background-meta":{"desktop":{"background-color":"","background-image":"","background-repeat":"repeat","background-position":"center center","background-size":"auto","background-attachment":"scroll","background-type":"","background-media":"","overlay-type":"","overlay-color":"","overlay-opacity":"","overlay-gradient":""},"tablet":{"background-color":"","background-image":"","background-repeat":"repeat","background-position":"center center","background-size":"auto","background-attachment":"scroll","background-type":"","background-media":"","overlay-type":"","overlay-color":"","overlay-opacity":"","overlay-gradient":""},"mobile":{"background-color":"","background-image":"","background-repeat":"repeat","background-position":"center center","background-size":"auto","background-attachment":"scroll","background-type":"","background-media":"","overlay-type":"","overlay-color":"","overlay-opacity":"","overlay-gradient":""}},"ast-content-background-meta":{"desktop":{"background-color":"var(--ast-global-color-5)","background-image":"","background-repeat":"repeat","background-position":"center center","background-size":"auto","background-attachment":"scroll","background-type":"","background-media":"","overlay-type":"","overlay-color":"","overlay-opacity":"","overlay-gradient":""},"tablet":{"background-color":"var(--ast-global-color-5)","background-image":"","background-repeat":"repeat","background-position":"center center","background-size":"auto","background-attachment":"scroll","background-type":"","background-media":"","overlay-type":"","overlay-color":"","overlay-opacity":"","overlay-gradient":""},"mobile":{"background-color":"var(--ast-global-color-5)","background-image":"","background-repeat":"repeat","background-position":"center center","background-size":"auto","background-attachment":"scroll","background-type":"","background-media":"","overlay-type":"","overlay-color":"","overlay-opacity":"","overlay-gradient":""}},"footnotes":""},"class_list":["post-1466","page","type-page","status-publish","has-post-thumbnail","hentry"],"translation":{"provider":"WPGlobus","version":"3.0.2","language":"fr","enabled_languages":["en","it","es","fr"],"languages":{"en":{"title":true,"content":true,"excerpt":false},"it":{"title":true,"content":true,"excerpt":false},"es":{"title":true,"content":true,"excerpt":false},"fr":{"title":true,"content":true,"excerpt":false}}},"rttpg_featured_image_url":{"full":["https:\/\/ciofs.info\/wp-content\/uploads\/2020\/03\/2ndEuropeanCongress_0216-1200px.jpg",1200,354,false],"landscape":["https:\/\/ciofs.info\/wp-content\/uploads\/2020\/03\/2ndEuropeanCongress_0216-1200px.jpg",1200,354,false],"portraits":["https:\/\/ciofs.info\/wp-content\/uploads\/2020\/03\/2ndEuropeanCongress_0216-1200px.jpg",1200,354,false],"thumbnail":["https:\/\/ciofs.info\/wp-content\/uploads\/2020\/03\/2ndEuropeanCongress_0216-1200px-150x150.jpg",150,150,true],"medium":["https:\/\/ciofs.info\/wp-content\/uploads\/2020\/03\/2ndEuropeanCongress_0216-1200px-300x89.jpg",300,89,true],"large":["https:\/\/ciofs.info\/wp-content\/uploads\/2020\/03\/2ndEuropeanCongress_0216-1200px-1024x302.jpg",1024,302,true],"1536x1536":["https:\/\/ciofs.info\/wp-content\/uploads\/2020\/03\/2ndEuropeanCongress_0216-1200px.jpg",1200,354,false],"2048x2048":["https:\/\/ciofs.info\/wp-content\/uploads\/2020\/03\/2ndEuropeanCongress_0216-1200px.jpg",1200,354,false],"alm-thumbnail":["https:\/\/ciofs.info\/wp-content\/uploads\/2020\/03\/2ndEuropeanCongress_0216-1200px.jpg",150,44,false]},"rttpg_author":{"display_name":"robert","author_link":"https:\/\/ciofs.info\/fr\/author\/robert\/"},"rttpg_comment":0,"rttpg_category":null,"rttpg_excerpt":"17-23 ao\u00fbt 2015 en Bosnie-Herz\u00e9govine \u00abVivez une vie digne de l&#8217;appel que vous avez re\u00e7u!\u00bb (\u00c9ph\u00e9siens 4,1) En 2012, l&#8217;OFS et la JeFra ont c\u00e9l\u00e9br\u00e9 leur premier congr\u00e8s europ\u00e9en commun \u00e0 Lisieux, la ville fran\u00e7aise c\u00e9l\u00e8bre pour sainte Th\u00e9r\u00e8se de l&#8217;Enfant-J\u00e9sus. C&#8217;\u00e9tait une sorte de moment historique car ils ont d\u00e9cid\u00e9 de continuer sur la&hellip;","_links":{"self":[{"href":"https:\/\/ciofs.info\/fr\/wp-json\/wp\/v2\/pages\/1466","targetHints":{"allow":["GET"]}}],"collection":[{"href":"https:\/\/ciofs.info\/fr\/wp-json\/wp\/v2\/pages"}],"about":[{"href":"https:\/\/ciofs.info\/fr\/wp-json\/wp\/v2\/types\/page"}],"author":[{"embeddable":true,"href":"https:\/\/ciofs.info\/fr\/wp-json\/wp\/v2\/users\/1"}],"replies":[{"embeddable":true,"href":"https:\/\/ciofs.info\/fr\/wp-json\/wp\/v2\/comments?post=1466"}],"version-history":[{"count":16,"href":"https:\/\/ciofs.info\/fr\/wp-json\/wp\/v2\/pages\/1466\/revisions"}],"predecessor-version":[{"id":1494,"href":"https:\/\/ciofs.info\/fr\/wp-json\/wp\/v2\/pages\/1466\/revisions\/1494"}],"up":[{"embeddable":true,"href":"https:\/\/ciofs.info\/fr\/wp-json\/wp\/v2\/pages\/325"}],"wp:featuredmedia":[{"embeddable":true,"href":"https:\/\/ciofs.info\/fr\/wp-json\/wp\/v2\/media\/1472"}],"wp:attachment":[{"href":"https:\/\/ciofs.info\/fr\/wp-json\/wp\/v2\/media?parent=1466"}],"curies":[{"name":"wp","href":"https:\/\/api.w.org\/{rel}","templated":true}]}}