{"id":1440,"date":"2020-03-27T19:14:58","date_gmt":"2020-03-27T19:14:58","guid":{"rendered":"https:\/\/ciofs.info\/?page_id=1440"},"modified":"2020-03-27T20:07:52","modified_gmt":"2020-03-27T20:07:52","slug":"3rd-european-congress","status":"publish","type":"page","link":"https:\/\/ciofs.info\/fr\/news\/congresses\/3rd-european-congress\/","title":{"rendered":"3\u00e8me CONGR\u00c8S EUROPEEN"},"content":{"rendered":"<h5><img fetchpriority=\"high\" decoding=\"async\" class=\"alignright size-medium wp-image-1444\" src=\"https:\/\/ciofs.info\/wp-content\/uploads\/2020\/03\/3rdEuropeanCongressLogo-281x300.png\" alt=\"3\u00b0 Congresso Europeo logo\" width=\"281\" height=\"300\" srcset=\"https:\/\/ciofs.info\/wp-content\/uploads\/2020\/03\/3rdEuropeanCongressLogo-281x300.png 281w, https:\/\/ciofs.info\/wp-content\/uploads\/2020\/03\/3rdEuropeanCongressLogo-768x821.png 768w, https:\/\/ciofs.info\/wp-content\/uploads\/2020\/03\/3rdEuropeanCongressLogo-958x1024.png 958w, https:\/\/ciofs.info\/wp-content\/uploads\/2020\/03\/3rdEuropeanCongressLogo.png 1350w\" sizes=\"(max-width: 281px) 100vw, 281px\" \/>Il y a eu un temps pour la pri\u00e8re, pour le service sociale, pour l\u2019\u00e9vang\u00e9lisation, pour la collecte de fonds pour creuser des puits en Afrique. C\u2019\u00e9tait le 3\u00e8me congr\u00e8s OFS-JEFRA qui s\u2019est d\u00e9roul\u00e9 en Lituanie du 20 au 26 ao\u00fbt 2018. 126 participants de 23 fraternit\u00e9s nationales se sont retrouv\u00e9es \u00e0 Kaunas avec 30 organisateurs et b\u00e9n\u00e9voles de Lituanie.<\/h5>\n<p><strong><a href=\"https:\/\/ciofs.info\/wp-content\/uploads\/2020\/03\/FR-3e\u0300me-congre\u0300s-europeen-2018.pdf\" target=\"_blank\" rel=\"noopener noreferrer\">RAPPORT COMPLET<\/a><\/strong> (par Monika Midveryte, OFS) |\u00a0<strong><a href=\"https:\/\/ciofs.info\/wp-content\/uploads\/2020\/03\/FR_Message_Final_Congres_2018.pdf\" target=\"_blank\" rel=\"noopener noreferrer\">MESSAGE FINAL<\/a><\/strong><\/p>\n","protected":false},"excerpt":{"rendered":"<p>Il y a eu un temps pour la pri\u00e8re, pour le service sociale, pour l\u2019\u00e9vang\u00e9lisation, pour la collecte de fonds pour creuser des puits en Afrique. C\u2019\u00e9tait le 3\u00e8me congr\u00e8s OFS-JEFRA qui s\u2019est d\u00e9roul\u00e9 en Lituanie du 20 au 26 ao\u00fbt 2018. 126 participants de 23 fraternit\u00e9s nationales se sont retrouv\u00e9es \u00e0 Kaunas avec 30 [&hellip;]<\/p>\n","protected":false},"author":1,"featured_media":1441,"parent":325,"menu_order":0,"comment_status":"closed","ping_status":"closed","template":"","meta":{"site-sidebar-layout":"no-sidebar","site-content-layout":"default","ast-site-content-layout":"default","site-content-style":"default","site-sidebar-style":"default","ast-global-header-display":"","ast-banner-title-visibility":"","ast-main-header-display":"","ast-hfb-above-header-display":"","ast-hfb-below-header-display":"","ast-hfb-mobile-header-display":"","site-post-title":"","ast-breadcrumbs-content":"","ast-featured-img":"","footer-sml-layout":"","ast-disable-related-posts":"","theme-transparent-header-meta":"default","adv-header-id-meta":"","stick-header-meta":"","header-above-stick-meta":"","header-main-stick-meta":"","header-below-stick-meta":"","astra-migrate-meta-layouts":"default","ast-page-background-enabled":"default","ast-page-background-meta":{"desktop":{"background-color":"","background-image":"","background-repeat":"repeat","background-position":"center center","background-size":"auto","background-attachment":"scroll","background-type":"","background-media":"","overlay-type":"","overlay-color":"","overlay-opacity":"","overlay-gradient":""},"tablet":{"background-color":"","background-image":"","background-repeat":"repeat","background-position":"center center","background-size":"auto","background-attachment":"scroll","background-type":"","background-media":"","overlay-type":"","overlay-color":"","overlay-opacity":"","overlay-gradient":""},"mobile":{"background-color":"","background-image":"","background-repeat":"repeat","background-position":"center center","background-size":"auto","background-attachment":"scroll","background-type":"","background-media":"","overlay-type":"","overlay-color":"","overlay-opacity":"","overlay-gradient":""}},"ast-content-background-meta":{"desktop":{"background-color":"var(--ast-global-color-5)","background-image":"","background-repeat":"repeat","background-position":"center center","background-size":"auto","background-attachment":"scroll","background-type":"","background-media":"","overlay-type":"","overlay-color":"","overlay-opacity":"","overlay-gradient":""},"tablet":{"background-color":"var(--ast-global-color-5)","background-image":"","background-repeat":"repeat","background-position":"center center","background-size":"auto","background-attachment":"scroll","background-type":"","background-media":"","overlay-type":"","overlay-color":"","overlay-opacity":"","overlay-gradient":""},"mobile":{"background-color":"var(--ast-global-color-5)","background-image":"","background-repeat":"repeat","background-position":"center center","background-size":"auto","background-attachment":"scroll","background-type":"","background-media":"","overlay-type":"","overlay-color":"","overlay-opacity":"","overlay-gradient":""}},"footnotes":""},"class_list":["post-1440","page","type-page","status-publish","has-post-thumbnail","hentry"],"translation":{"provider":"WPGlobus","version":"3.0.2","language":"fr","enabled_languages":["en","it","es","fr"],"languages":{"en":{"title":true,"content":true,"excerpt":false},"it":{"title":true,"content":true,"excerpt":false},"es":{"title":true,"content":true,"excerpt":false},"fr":{"title":true,"content":true,"excerpt":false}}},"rttpg_featured_image_url":{"full":["https:\/\/ciofs.info\/wp-content\/uploads\/2020\/03\/3rdEuropeanCogress-pilgrimageDay_0301.jpg",1200,313,false],"landscape":["https:\/\/ciofs.info\/wp-content\/uploads\/2020\/03\/3rdEuropeanCogress-pilgrimageDay_0301.jpg",1200,313,false],"portraits":["https:\/\/ciofs.info\/wp-content\/uploads\/2020\/03\/3rdEuropeanCogress-pilgrimageDay_0301.jpg",1200,313,false],"thumbnail":["https:\/\/ciofs.info\/wp-content\/uploads\/2020\/03\/3rdEuropeanCogress-pilgrimageDay_0301-150x150.jpg",150,150,true],"medium":["https:\/\/ciofs.info\/wp-content\/uploads\/2020\/03\/3rdEuropeanCogress-pilgrimageDay_0301-300x78.jpg",300,78,true],"large":["https:\/\/ciofs.info\/wp-content\/uploads\/2020\/03\/3rdEuropeanCogress-pilgrimageDay_0301-1024x267.jpg",1024,267,true],"1536x1536":["https:\/\/ciofs.info\/wp-content\/uploads\/2020\/03\/3rdEuropeanCogress-pilgrimageDay_0301.jpg",1200,313,false],"2048x2048":["https:\/\/ciofs.info\/wp-content\/uploads\/2020\/03\/3rdEuropeanCogress-pilgrimageDay_0301.jpg",1200,313,false],"alm-thumbnail":["https:\/\/ciofs.info\/wp-content\/uploads\/2020\/03\/3rdEuropeanCogress-pilgrimageDay_0301.jpg",150,39,false]},"rttpg_author":{"display_name":"robert","author_link":"https:\/\/ciofs.info\/fr\/author\/robert\/"},"rttpg_comment":0,"rttpg_category":null,"rttpg_excerpt":"Il y a eu un temps pour la pri\u00e8re, pour le service sociale, pour l\u2019\u00e9vang\u00e9lisation, pour la collecte de fonds pour creuser des puits en Afrique. C\u2019\u00e9tait le 3\u00e8me congr\u00e8s OFS-JEFRA qui s\u2019est d\u00e9roul\u00e9 en Lituanie du 20 au 26 ao\u00fbt 2018. 126 participants de 23 fraternit\u00e9s nationales se sont retrouv\u00e9es \u00e0 Kaunas avec 30&hellip;","_links":{"self":[{"href":"https:\/\/ciofs.info\/fr\/wp-json\/wp\/v2\/pages\/1440","targetHints":{"allow":["GET"]}}],"collection":[{"href":"https:\/\/ciofs.info\/fr\/wp-json\/wp\/v2\/pages"}],"about":[{"href":"https:\/\/ciofs.info\/fr\/wp-json\/wp\/v2\/types\/page"}],"author":[{"embeddable":true,"href":"https:\/\/ciofs.info\/fr\/wp-json\/wp\/v2\/users\/1"}],"replies":[{"embeddable":true,"href":"https:\/\/ciofs.info\/fr\/wp-json\/wp\/v2\/comments?post=1440"}],"version-history":[{"count":10,"href":"https:\/\/ciofs.info\/fr\/wp-json\/wp\/v2\/pages\/1440\/revisions"}],"predecessor-version":[{"id":1459,"href":"https:\/\/ciofs.info\/fr\/wp-json\/wp\/v2\/pages\/1440\/revisions\/1459"}],"up":[{"embeddable":true,"href":"https:\/\/ciofs.info\/fr\/wp-json\/wp\/v2\/pages\/325"}],"wp:featuredmedia":[{"embeddable":true,"href":"https:\/\/ciofs.info\/fr\/wp-json\/wp\/v2\/media\/1441"}],"wp:attachment":[{"href":"https:\/\/ciofs.info\/fr\/wp-json\/wp\/v2\/media?parent=1440"}],"curies":[{"name":"wp","href":"https:\/\/api.w.org\/{rel}","templated":true}]}}