{"id":13,"date":"2018-10-27T22:43:56","date_gmt":"2018-10-27T22:43:56","guid":{"rendered":"https:\/\/ciofs.info\/wp\/?page_id=13"},"modified":"2020-04-02T16:49:24","modified_gmt":"2020-04-02T16:49:24","slug":"cause-of-saints","status":"publish","type":"page","link":"https:\/\/ciofs.info\/fr\/projects\/cause-of-saints\/","title":{"rendered":"CAUSE DES SAINTS"},"content":{"rendered":"<style type='text\/css' media='all'>#rt-tpg-container-4280270745 .rt-holder .rt-woo-info .price{color:#0367bf;}body .rt-tpg-container .rt-tpg-isotope-buttons .selected,\n\t\t\t\t\t#rt-tpg-container-4280270745 .layout12 .rt-holder:hover .rt-detail,\n\t\t\t\t\t#rt-tpg-container-4280270745 .isotope8 .rt-holder:hover .rt-detail,\n\t\t\t\t\t#rt-tpg-container-4280270745 .carousel8 .rt-holder:hover .rt-detail,\n\t\t\t\t\t#rt-tpg-container-4280270745 .layout13 .rt-holder .overlay .post-info,\n\t\t\t\t\t#rt-tpg-container-4280270745 .isotope9 .rt-holder .overlay .post-info,\n\t\t\t\t\t#rt-tpg-container-4280270745.rt-tpg-container .layout4 .rt-holder .rt-detail,\n\t\t\t\t\t.rt-modal-4280270745 .md-content,\n\t\t\t\t\t.rt-modal-4280270745 .md-content > .rt-md-content-holder .rt-md-content,\n\t\t\t\t\t.rt-popup-wrap-4280270745.rt-popup-wrap .rt-popup-navigation-wrap,\n\t\t\t\t\t#rt-tpg-container-4280270745 .carousel9 .rt-holder .overlay .post-info{background-color:#0367bf;}#rt-tpg-container-4280270745 .layout5 .rt-holder .overlay, #rt-tpg-container-4280270745 .isotope2 .rt-holder .overlay, #rt-tpg-container-4280270745 .carousel2 .rt-holder .overlay,#rt-tpg-container-4280270745 .layout15 .rt-holder h3, #rt-tpg-container-4280270745 .isotope11 .rt-holder h3, #rt-tpg-container-4280270745 .carousel11 .rt-holder h3, #rt-tpg-container-4280270745 .layout16 .rt-holder h3,\n\t\t\t\t\t#rt-tpg-container-4280270745 .isotope12 .rt-holder h3, #rt-tpg-container-4280270745 .carousel12 .rt-holder h3 {background-color:rgba(3,103,191,0.8);}#rt-tpg-container-4280270745 .read-more a{border-radius:px;}#rt-tpg-container-4280270745 .rt-img-holder img.rt-img-responsive,#rt-tpg-container-4280270745 .rt-img-holder,\n\t\t\t\t\t#rt-tpg-container-4280270745 .rt-post-overlay .post-img,\n\t\t\t\t\t#rt-tpg-container-4280270745 .post-sm .post-img,\n\t\t\t\t\t#rt-tpg-container-4280270745 .rt-post-grid .post-img,\n\t\t\t\t\t#rt-tpg-container-4280270745 .post-img img {border-radius:px;}<\/style><div class='rt-container-fluid rt-tpg-container tpg-shortcode-main-wrapper ' id='rt-tpg-container-4280270745'   data-layout='layout3' data-grid-style='even' data-desktop-col='1'  data-tab-col='2'  data-mobile-col='1' data-sc-id='569'><div data-title='Loading ...' class='rt-row rt-content-loader   layout3 tpg-even '><div class=\"rt-col-md-12 rt-col-sm-6 rt-col-xs-12 even-grid-item rt-grid-item\" data-id=\"6933\"><div class=\"rt-holder\"><div class=\"rt-row\"><div class='rt-col-sm-3 rt-col-xs-12 '><div class=\"rt-img-holder\"><a data-id='6933' class=' rounded' href='https:\/\/ciofs.info\/fr\/2025\/11\/01\/november-2025-blessed-teresa-manganiello-1849-1876\/'><img decoding=\"async\" width=\"150\" height=\"79\" src=\"https:\/\/ciofs.info\/wp-content\/uploads\/2025\/11\/teresa-manganiello-0-150x79.webp\" class=\"rt-img-responsive \" alt=\"Teresa Manganiello\" \/><\/a><\/div><\/div><div class='rt-col-sm-9 rt-col-xs-12 '><div class='rt-detail'><h2 class=\"entry-title\"><a data-id=\"6933\" class=\"\" href=\"https:\/\/ciofs.info\/fr\/2025\/11\/01\/november-2025-blessed-teresa-manganiello-1849-1876\/\">Novembre 2025 : Bienheureuse Teresa Manganiello (1849-1876)<\/a><\/h2><div class='post-meta-user '><span class='date-meta'><i class='far fa-calendar-alt '><\/i>November 1, 2025<\/span><span class='author'><i class='fa fa-user '><\/i><a href=\"https:\/\/ciofs.info\/fr\/author\/robert\/\">robert<\/a><\/span><span class='categories-links'><i class='fas fa-folder-open '><\/i><a class=\"cause-of-saints\" href=\"https:\/\/ciofs.info\/fr\/category\/projects\/cause-of-saints\/\" rel=\"tag\">Cause of Saints<\/a><span class=\"rt-separator\">,<\/span><a class=\"main-page\" href=\"https:\/\/ciofs.info\/fr\/category\/main-page\/\" rel=\"tag\">Main Page<\/a><span class=\"rt-separator\">,<\/span><a class=\"saint-of-month\" href=\"https:\/\/ciofs.info\/fr\/category\/projects\/saint-of-month\/\" rel=\"tag\">Saint of Month<\/a><\/span><span class=\"comment-count\"><i class='fas fa-comments '><\/i>(0)<\/span><\/div><div class='post-content'><p>Teresa Manganiello est n\u00e9e le 1er janvier 1849 \u00e0 Montefusco, dans l\u2019archidioc\u00e8se de B\u00e9n\u00e9vent. Onzi\u00e8me enfant d\u2019une famille de paysans, et paysanne elle-m\u00eame, elle connut la souffrance d\u00e8s son enfance et son adolescence, qu\u2019elle passa entre les t\u00e2ches domestiques et le travail aux champs. Priv\u00e9e des joies de l\u2019enfance, elle manifesta une droiture de caract\u00e8re...<\/p><\/div><span class='read-more '><a data-id='6933' class='' href='https:\/\/ciofs.info\/fr\/2025\/11\/01\/november-2025-blessed-teresa-manganiello-1849-1876\/'>Read More<\/a><\/span><\/div><\/div><\/div><\/div><\/div><div class=\"rt-col-md-12 rt-col-sm-6 rt-col-xs-12 even-grid-item rt-grid-item\" data-id=\"6531\"><div class=\"rt-holder\"><div class=\"rt-row\"><div class='rt-col-sm-3 rt-col-xs-12 '><div class=\"rt-img-holder\"><a data-id='6531' class=' rounded' href='https:\/\/ciofs.info\/fr\/2025\/03\/02\/canonization-of-blessed-jose-gregorio-hernandez-cisneros\/'><img decoding=\"async\" width=\"150\" height=\"150\" src=\"https:\/\/ciofs.info\/wp-content\/uploads\/2021\/04\/1Jose\u0301_Gregorio_Herna\u0301ndez-crop-150x150.jpg\" class=\"rt-img-responsive \" alt=\"Jose\u0301_Gregorio_Herna\u0301ndez\" \/><\/a><\/div><\/div><div class='rt-col-sm-9 rt-col-xs-12 '><div class='rt-detail'><h2 class=\"entry-title\"><a data-id=\"6531\" class=\"\" href=\"https:\/\/ciofs.info\/fr\/2025\/03\/02\/canonization-of-blessed-jose-gregorio-hernandez-cisneros\/\">Canonisation du bienheureux Jos\u00e9 Gregorio Hern\u00e1ndez Cisneros<\/a><\/h2><div class='post-meta-user '><span class='date-meta'><i class='far fa-calendar-alt '><\/i>March 2, 2025<\/span><span class='author'><i class='fa fa-user '><\/i><a href=\"https:\/\/ciofs.info\/fr\/author\/robert\/\">robert<\/a><\/span><span class='categories-links'><i class='fas fa-folder-open '><\/i><a class=\"cause-of-saints\" href=\"https:\/\/ciofs.info\/fr\/category\/projects\/cause-of-saints\/\" rel=\"tag\">Cause of Saints<\/a><span class=\"rt-separator\">,<\/span><a class=\"main-page\" href=\"https:\/\/ciofs.info\/fr\/category\/main-page\/\" rel=\"tag\">Main Page<\/a><span class=\"rt-separator\">,<\/span><a class=\"news\" href=\"https:\/\/ciofs.info\/fr\/category\/news\/\" rel=\"tag\">News<\/a><\/span><span class=\"comment-count\"><i class='fas fa-comments '><\/i>(0)<\/span><\/div><div class='post-content'><p>Le 25 f\u00e9vrier 2025, le pape Fran\u00e7ois a annonc\u00e9 la canonisation de Jos\u00e9 Gregorio Hern\u00e1ndez Cisneros, m\u00e9decin, scientifique et homme de foi profonde, connu sous le nom de \u00ab\u00a0Docteur des pauvres\u00a0\u00bb. La date de la c\u00e9l\u00e9bration devrait \u00eatre fix\u00e9e dans les prochains mois. La canonisation de Jos\u00e9 Gregorio Hern\u00e1ndez Cisneros est un \u00e9v\u00e9nement important non...<\/p><\/div><span class='read-more '><a data-id='6531' class='' href='https:\/\/ciofs.info\/fr\/2025\/03\/02\/canonization-of-blessed-jose-gregorio-hernandez-cisneros\/'>Read More<\/a><\/span><\/div><\/div><\/div><\/div><\/div><div class=\"rt-col-md-12 rt-col-sm-6 rt-col-xs-12 even-grid-item rt-grid-item\" data-id=\"6370\"><div class=\"rt-holder\"><div class=\"rt-row\"><div class='rt-col-sm-3 rt-col-xs-12 '><div class=\"rt-img-holder\"><a data-id='6370' class=' rounded' href='https:\/\/ciofs.info\/fr\/2025\/01\/07\/intercessions-for-liturgy-of-the-hours-for-the-cause-of-saints\/'><img decoding=\"async\" width=\"150\" height=\"98\" src=\"https:\/\/ciofs.info\/wp-content\/uploads\/2025\/01\/1Couple-prayer-books-in-church-173863988-1200px-150x98.jpg\" class=\"rt-img-responsive \" alt=\"Couple praying in church\" \/><\/a><\/div><\/div><div class='rt-col-sm-9 rt-col-xs-12 '><div class='rt-detail'><h2 class=\"entry-title\"><a data-id=\"6370\" class=\"\" href=\"https:\/\/ciofs.info\/fr\/2025\/01\/07\/intercessions-for-liturgy-of-the-hours-for-the-cause-of-saints\/\">INTERCESSIONS POUR LA LITURGIE DES HEURES<\/a><\/h2><div class='post-meta-user '><span class='date-meta'><i class='far fa-calendar-alt '><\/i>January 7, 2025<\/span><span class='author'><i class='fa fa-user '><\/i><a href=\"https:\/\/ciofs.info\/fr\/author\/robert\/\">robert<\/a><\/span><span class='categories-links'><i class='fas fa-folder-open '><\/i><a class=\"cause-of-saints\" href=\"https:\/\/ciofs.info\/fr\/category\/projects\/cause-of-saints\/\" rel=\"tag\">Cause of Saints<\/a><span class=\"rt-separator\">,<\/span><a class=\"main-page\" href=\"https:\/\/ciofs.info\/fr\/category\/main-page\/\" rel=\"tag\">Main Page<\/a><span class=\"rt-separator\">,<\/span><a class=\"news\" href=\"https:\/\/ciofs.info\/fr\/category\/news\/\" rel=\"tag\">News<\/a><\/span><span class=\"comment-count\"><i class='fas fa-comments '><\/i>(0)<\/span><\/div><div class='post-content'><p>Nous offrons les intercessions de la Liturgie des Heures pr\u00e9par\u00e9es par la Commission pour la Cause des Saints et approuv\u00e9es par la Pr\u00e9sidence pour \u00eatre utilis\u00e9es dans la pri\u00e8re individuelle ou au cours des r\u00e9unions fraternelles. FR INTERCESSIONS POUR LA LITURGIE DES HEURES (PDF)...<\/p><\/div><span class='read-more '><a data-id='6370' class='' href='https:\/\/ciofs.info\/fr\/2025\/01\/07\/intercessions-for-liturgy-of-the-hours-for-the-cause-of-saints\/'>Read More<\/a><\/span><\/div><\/div><\/div><\/div><\/div><div class=\"rt-col-md-12 rt-col-sm-6 rt-col-xs-12 even-grid-item rt-grid-item\" data-id=\"3435\"><div class=\"rt-holder\"><div class=\"rt-row\"><div class='rt-col-sm-3 rt-col-xs-12 '><div class=\"rt-img-holder\"><a data-id='3435' class=' rounded' href='https:\/\/ciofs.info\/fr\/2021\/04\/22\/the-beatification-of-dr-jose-gregorio-hernandez-member-of-the-ofs-venezuela\/'><img decoding=\"async\" width=\"150\" height=\"150\" src=\"https:\/\/ciofs.info\/wp-content\/uploads\/2021\/04\/1Jose\u0301_Gregorio_Herna\u0301ndez-crop-150x150.jpg\" class=\"rt-img-responsive \" alt=\"Jose\u0301_Gregorio_Herna\u0301ndez\" \/><\/a><\/div><\/div><div class='rt-col-sm-9 rt-col-xs-12 '><div class='rt-detail'><h2 class=\"entry-title\"><a data-id=\"3435\" class=\"\" href=\"https:\/\/ciofs.info\/fr\/2021\/04\/22\/the-beatification-of-dr-jose-gregorio-hernandez-member-of-the-ofs-venezuela\/\">LA BEATIFICATION DU DR. JOS\u00c9 GREGORIO HERN\u00c1NDEZ, membre de l&#8217;OFS Venezuela<\/a><\/h2><div class='post-meta-user '><span class='date-meta'><i class='far fa-calendar-alt '><\/i>April 22, 2021<\/span><span class='author'><i class='fa fa-user '><\/i><a href=\"https:\/\/ciofs.info\/fr\/author\/robert\/\">robert<\/a><\/span><span class='categories-links'><i class='fas fa-folder-open '><\/i><a class=\"cause-of-saints\" href=\"https:\/\/ciofs.info\/fr\/category\/projects\/cause-of-saints\/\" rel=\"tag\">Cause of Saints<\/a><span class=\"rt-separator\">,<\/span><a class=\"main-page\" href=\"https:\/\/ciofs.info\/fr\/category\/main-page\/\" rel=\"tag\">Main Page<\/a><span class=\"rt-separator\">,<\/span><a class=\"news\" href=\"https:\/\/ciofs.info\/fr\/category\/news\/\" rel=\"tag\">News<\/a><\/span><span class=\"comment-count\"><i class='fas fa-comments '><\/i>(0)<\/span><\/div><div class='post-content'><p>Le 30 avril 2021 sera c\u00e9l\u00e9br\u00e9e la b\u00e9atification du Dr Jos\u00e9 Gregorio Hern\u00e1ndez, m\u00e9decin v\u00e9n\u00e9zu\u00e9lien (1864-1919), membre de l&#8217;Ordre franciscain s\u00e9culier depuis 1899. Sauf au Venezuela, Jos\u00e9 Gregorio est largement connu, respect\u00e9 et v\u00e9n\u00e9r\u00e9 dans de nombreux pays. Un t\u00e9moignage de saintet\u00e9 dans sa condition de la\u00efque. C&#8217;\u00e9tait un homme plein de vertus avec une...<\/p><\/div><span class='read-more '><a data-id='3435' class='' href='https:\/\/ciofs.info\/fr\/2021\/04\/22\/the-beatification-of-dr-jose-gregorio-hernandez-member-of-the-ofs-venezuela\/'>Read More<\/a><\/span><\/div><\/div><\/div><\/div><\/div><div class=\"rt-col-md-12 rt-col-sm-6 rt-col-xs-12 even-grid-item rt-grid-item\" data-id=\"2647\"><div class=\"rt-holder\"><div class=\"rt-row\"><div class='rt-col-sm-3 rt-col-xs-12 '><div class=\"rt-img-holder\"><a data-id='2647' class=' rounded' href='https:\/\/ciofs.info\/fr\/2020\/07\/11\/help-us-to-drill-water-borehole-in-mutemwa-leprosy-care-centre-zimbabwe\/'><img loading=\"lazy\" decoding=\"async\" width=\"150\" height=\"150\" src=\"https:\/\/ciofs.info\/wp-content\/uploads\/2020\/07\/jbmsbanner-150x150.jpg\" class=\"rt-img-responsive \" alt=\"Photo from John Bradburne Memorial Society\" \/><\/a><\/div><\/div><div class='rt-col-sm-9 rt-col-xs-12 '><div class='rt-detail'><h2 class=\"entry-title\"><a data-id=\"2647\" class=\"\" href=\"https:\/\/ciofs.info\/fr\/2020\/07\/11\/help-us-to-drill-water-borehole-in-mutemwa-leprosy-care-centre-zimbabwe\/\">Help us to drill water borehole in Mutemwa Leprosy Care Centre, Zimbabwe<\/a><\/h2><div class='post-meta-user '><span class='date-meta'><i class='far fa-calendar-alt '><\/i>July 11, 2020<\/span><span class='author'><i class='fa fa-user '><\/i><a href=\"https:\/\/ciofs.info\/fr\/author\/robert\/\">robert<\/a><\/span><span class='categories-links'><i class='fas fa-folder-open '><\/i><a class=\"cause-of-saints\" href=\"https:\/\/ciofs.info\/fr\/category\/projects\/cause-of-saints\/\" rel=\"tag\">Cause of Saints<\/a><span class=\"rt-separator\">,<\/span><a class=\"news\" href=\"https:\/\/ciofs.info\/fr\/category\/news\/\" rel=\"tag\">News<\/a><span class=\"rt-separator\">,<\/span><a class=\"well4africa\" href=\"https:\/\/ciofs.info\/fr\/category\/projects\/well4africa\/\" rel=\"tag\">Well4Africa<\/a><\/span><span class=\"comment-count\"><i class='fas fa-comments '><\/i>(0)<\/span><\/div><div class='post-content'><p>Situ\u00e9 dans le Mashonaland, dans la province orientale du Zimbabwe, Mutemwa est un endroit vraiment unique. Le franciscain s\u00e9culier anglais, John Bradburne, y a pass\u00e9 les 10 derni\u00e8res ann\u00e9es de sa vie, se consacrant aux r\u00e9sidants de la l\u00e9proserie oubli\u00e9s de tous. John a \u00e9t\u00e9 assassin\u00e9 pendant la guerre d&#8217;ind\u00e9pendance du Zimbabwe en 1979 et...<\/p><\/div><span class='read-more '><a data-id='2647' class='' href='https:\/\/ciofs.info\/fr\/2020\/07\/11\/help-us-to-drill-water-borehole-in-mutemwa-leprosy-care-centre-zimbabwe\/'>Read More<\/a><\/span><\/div><\/div><\/div><\/div><\/div><\/div><\/div>\n","protected":false},"excerpt":{"rendered":"","protected":false},"author":2,"featured_media":0,"parent":327,"menu_order":0,"comment_status":"closed","ping_status":"closed","template":"","meta":{"site-sidebar-layout":"no-sidebar","site-content-layout":"default","ast-site-content-layout":"default","site-content-style":"default","site-sidebar-style":"default","ast-global-header-display":"","ast-banner-title-visibility":"","ast-main-header-display":"","ast-hfb-above-header-display":"","ast-hfb-below-header-display":"","ast-hfb-mobile-header-display":"","site-post-title":"","ast-breadcrumbs-content":"","ast-featured-img":"disabled","footer-sml-layout":"","ast-disable-related-posts":"","theme-transparent-header-meta":"default","adv-header-id-meta":"","stick-header-meta":"","header-above-stick-meta":"","header-main-stick-meta":"","header-below-stick-meta":"","astra-migrate-meta-layouts":"default","ast-page-background-enabled":"default","ast-page-background-meta":{"desktop":{"background-color":"","background-image":"","background-repeat":"repeat","background-position":"center center","background-size":"auto","background-attachment":"scroll","background-type":"","background-media":"","overlay-type":"","overlay-color":"","overlay-opacity":"","overlay-gradient":""},"tablet":{"background-color":"","background-image":"","background-repeat":"repeat","background-position":"center center","background-size":"auto","background-attachment":"scroll","background-type":"","background-media":"","overlay-type":"","overlay-color":"","overlay-opacity":"","overlay-gradient":""},"mobile":{"background-color":"","background-image":"","background-repeat":"repeat","background-position":"center center","background-size":"auto","background-attachment":"scroll","background-type":"","background-media":"","overlay-type":"","overlay-color":"","overlay-opacity":"","overlay-gradient":""}},"ast-content-background-meta":{"desktop":{"background-color":"var(--ast-global-color-5)","background-image":"","background-repeat":"repeat","background-position":"center center","background-size":"auto","background-attachment":"scroll","background-type":"","background-media":"","overlay-type":"","overlay-color":"","overlay-opacity":"","overlay-gradient":""},"tablet":{"background-color":"var(--ast-global-color-5)","background-image":"","background-repeat":"repeat","background-position":"center center","background-size":"auto","background-attachment":"scroll","background-type":"","background-media":"","overlay-type":"","overlay-color":"","overlay-opacity":"","overlay-gradient":""},"mobile":{"background-color":"var(--ast-global-color-5)","background-image":"","background-repeat":"repeat","background-position":"center center","background-size":"auto","background-attachment":"scroll","background-type":"","background-media":"","overlay-type":"","overlay-color":"","overlay-opacity":"","overlay-gradient":""}},"footnotes":""},"class_list":["post-13","page","type-page","status-publish","hentry"],"translation":{"provider":"WPGlobus","version":"3.0.2","language":"fr","enabled_languages":["en","it","es","fr"],"languages":{"en":{"title":true,"content":true,"excerpt":false},"it":{"title":true,"content":false,"excerpt":false},"es":{"title":true,"content":false,"excerpt":false},"fr":{"title":true,"content":false,"excerpt":false}}},"rttpg_featured_image_url":null,"rttpg_author":{"display_name":"Luk\u00e1\u0161 Erlebach","author_link":"https:\/\/ciofs.info\/fr\/author\/lukas\/"},"rttpg_comment":0,"rttpg_category":"","rttpg_excerpt":null,"_links":{"self":[{"href":"https:\/\/ciofs.info\/fr\/wp-json\/wp\/v2\/pages\/13","targetHints":{"allow":["GET"]}}],"collection":[{"href":"https:\/\/ciofs.info\/fr\/wp-json\/wp\/v2\/pages"}],"about":[{"href":"https:\/\/ciofs.info\/fr\/wp-json\/wp\/v2\/types\/page"}],"author":[{"embeddable":true,"href":"https:\/\/ciofs.info\/fr\/wp-json\/wp\/v2\/users\/2"}],"replies":[{"embeddable":true,"href":"https:\/\/ciofs.info\/fr\/wp-json\/wp\/v2\/comments?post=13"}],"version-history":[{"count":9,"href":"https:\/\/ciofs.info\/fr\/wp-json\/wp\/v2\/pages\/13\/revisions"}],"predecessor-version":[{"id":1905,"href":"https:\/\/ciofs.info\/fr\/wp-json\/wp\/v2\/pages\/13\/revisions\/1905"}],"up":[{"embeddable":true,"href":"https:\/\/ciofs.info\/fr\/wp-json\/wp\/v2\/pages\/327"}],"wp:attachment":[{"href":"https:\/\/ciofs.info\/fr\/wp-json\/wp\/v2\/media?parent=13"}],"curies":[{"name":"wp","href":"https:\/\/api.w.org\/{rel}","templated":true}]}}