{"id":6112,"date":"2024-11-10T14:50:22","date_gmt":"2024-11-10T14:50:22","guid":{"rendered":"https:\/\/ciofs.info\/?page_id=6112"},"modified":"2026-02-04T15:56:57","modified_gmt":"2026-02-04T15:56:57","slug":"2024-general-chapter","status":"publish","type":"page","link":"https:\/\/ciofs.info\/es\/news\/gen-chapter\/2024-general-chapter\/","title":{"rendered":"2024 CAPITULO GENERAL"},"content":{"rendered":"<p>Galer\u00eda de fotos en Flickr | <a href=\"https:\/\/www.flickr.com\/photos\/ordo_franciscanus_saecularis\/albums\" target=\"_blank\" rel=\"noopener\">https:\/\/www.flickr.com\/photos\/ordo_franciscanus_saecularis\/albums<\/a><\/p>\n<p>Diario en v\u00eddeo en YouTube | <a href=\"https:\/\/youtu.be\/P2xtljkhjmk?si=Qw5-06KRZLZCtW4M\" target=\"_blank\" rel=\"noopener\">D\u00eda 1<\/a> | <a href=\"https:\/\/www.youtube.com\/watch?v=8rxg39zIlgM\" target=\"_blank\" rel=\"noopener\">D\u00eda 2<\/a> | <a href=\"https:\/\/www.youtube.com\/watch?v=O2rXitMYkm8\" target=\"_blank\" rel=\"noopener\">D\u00eda 3<\/a> |\u00a0<a href=\"https:\/\/youtu.be\/lFsocXPDSOI?si=3aoTNoSfxY4w_loT\" target=\"_blank\" rel=\"noopener\">D\u00eda 4<\/a> | <a href=\"https:\/\/youtu.be\/xjUoviT1aPw?si=swKlW5fzmyIbXcY8\" target=\"_blank\" rel=\"noopener\">D\u00eda 5<\/a> | <a href=\"https:\/\/www.youtube.com\/watch?v=onsTVghBc_0&amp;t=1s\" target=\"_blank\" rel=\"noopener\">D\u00eda 6<\/a> | <a href=\"https:\/\/www.youtube.com\/watch?v=bEbKSrgQyP0\" target=\"_blank\" rel=\"noopener\">D\u00eda 7<\/a> | <a href=\"https:\/\/www.youtube.com\/watch?v=yi_t7K1tbr0\" target=\"_blank\" rel=\"noopener\">D\u00eda 8<\/a> | <a href=\"https:\/\/www.youtube.com\/watch?v=28TDkC4_oZs\" target=\"_blank\" rel=\"noopener\">D\u00eda 9<\/a> |<\/p>\n<style type='text\/css' media='all'>#rt-tpg-container-2311961820 .rt-holder .rt-woo-info .price{color:#0367bf;}body .rt-tpg-container .rt-tpg-isotope-buttons .selected,\n\t\t\t\t\t#rt-tpg-container-2311961820 .layout12 .rt-holder:hover .rt-detail,\n\t\t\t\t\t#rt-tpg-container-2311961820 .isotope8 .rt-holder:hover .rt-detail,\n\t\t\t\t\t#rt-tpg-container-2311961820 .carousel8 .rt-holder:hover .rt-detail,\n\t\t\t\t\t#rt-tpg-container-2311961820 .layout13 .rt-holder .overlay .post-info,\n\t\t\t\t\t#rt-tpg-container-2311961820 .isotope9 .rt-holder .overlay .post-info,\n\t\t\t\t\t#rt-tpg-container-2311961820.rt-tpg-container .layout4 .rt-holder .rt-detail,\n\t\t\t\t\t.rt-modal-2311961820 .md-content,\n\t\t\t\t\t.rt-modal-2311961820 .md-content > .rt-md-content-holder .rt-md-content,\n\t\t\t\t\t.rt-popup-wrap-2311961820.rt-popup-wrap .rt-popup-navigation-wrap,\n\t\t\t\t\t#rt-tpg-container-2311961820 .carousel9 .rt-holder .overlay .post-info{background-color:#0367bf;}#rt-tpg-container-2311961820 .layout5 .rt-holder .overlay, #rt-tpg-container-2311961820 .isotope2 .rt-holder .overlay, #rt-tpg-container-2311961820 .carousel2 .rt-holder .overlay,#rt-tpg-container-2311961820 .layout15 .rt-holder h3, #rt-tpg-container-2311961820 .isotope11 .rt-holder h3, #rt-tpg-container-2311961820 .carousel11 .rt-holder h3, #rt-tpg-container-2311961820 .layout16 .rt-holder h3,\n\t\t\t\t\t#rt-tpg-container-2311961820 .isotope12 .rt-holder h3, #rt-tpg-container-2311961820 .carousel12 .rt-holder h3 {background-color:rgba(3,103,191,0.8);}#rt-tpg-container-2311961820 .read-more a{border-radius:px;}#rt-tpg-container-2311961820 .rt-img-holder img.rt-img-responsive,#rt-tpg-container-2311961820 .rt-img-holder,\n\t\t\t\t\t#rt-tpg-container-2311961820 .rt-post-overlay .post-img,\n\t\t\t\t\t#rt-tpg-container-2311961820 .post-sm .post-img,\n\t\t\t\t\t#rt-tpg-container-2311961820 .rt-post-grid .post-img,\n\t\t\t\t\t#rt-tpg-container-2311961820 .post-img img {border-radius:px;}<\/style><div class='rt-container-fluid rt-tpg-container tpg-shortcode-main-wrapper ' id='rt-tpg-container-2311961820'   data-layout='layout5' data-grid-style='even' data-desktop-col='4'  data-tab-col='2'  data-mobile-col='1' data-sc-id='6114'><div data-title='Loading ...' class='rt-row rt-content-loader   layout5 tpg-even '><div class=\"rt-col-md-3 rt-col-sm-6 rt-col-xs-12 even-grid-item rt-grid-item\" data-id=\"7147\"><div class=\"rt-holder\"><div class=\"overlay\"><h3 class=\"entry-title\"><a data-id=\"7147\" class=\"\" href=\"https:\/\/ciofs.info\/es\/2026\/02\/03\/concluding-document-of-17th-general-chapter\/\">Documento concluyente del XVII Cap\u00edtulo General<\/a><\/h3><span class='post-meta-user '><span class='date-meta'><i class='far fa-calendar-alt '><\/i>February 3, 2026<\/span><\/span><div class='rt-detail'><div class='tpg-excerpt'>Documento conclusivo (PDF)...<\/div><div class='post-meta '><span class='read-more'><a data-id='7147' class='' href='https:\/\/ciofs.info\/es\/2026\/02\/03\/concluding-document-of-17th-general-chapter\/'>Read More<\/a><\/span><\/div><\/div><\/div> <a data-id='7147' class='' href='https:\/\/ciofs.info\/es\/2026\/02\/03\/concluding-document-of-17th-general-chapter\/'><img fetchpriority=\"high\" decoding=\"async\" width=\"1507\" height=\"621\" src=\"https:\/\/ciofs.info\/wp-content\/uploads\/2026\/02\/1Chapter-Theme-Sign9836crp-1500px.jpg\" class=\"rt-img-responsive \" alt=\"Chapter theme sign\" \/><\/a><\/div><\/div><div class=\"rt-col-md-3 rt-col-sm-6 rt-col-xs-12 even-grid-item rt-grid-item\" data-id=\"6269\"><div class=\"rt-holder\"><div class=\"overlay\"><h3 class=\"entry-title\"><a data-id=\"6269\" class=\"\" href=\"https:\/\/ciofs.info\/es\/2024\/11\/23\/work-for-peace-when-the-words-of-the-gospel-make-you-hurt-pray\/\">TRABAJAR POR LA PAZ: Cuando te duelan las palabras del Evangelio, reza&#8230;<\/a><\/h3><span class='post-meta-user '><span class='date-meta'><i class='far fa-calendar-alt '><\/i>November 23, 2024<\/span><\/span><div class='rt-detail'><div class='tpg-excerpt'>El tema fue \u201cTrabajar por la Paz\u201d, y Dina Shabalina, OFS, lo discuti\u00f3 desde una...<\/div><div class='post-meta '><span class='read-more'><a data-id='6269' class='' href='https:\/\/ciofs.info\/es\/2024\/11\/23\/work-for-peace-when-the-words-of-the-gospel-make-you-hurt-pray\/'>Read More<\/a><\/span><\/div><\/div><\/div> <a data-id='6269' class='' href='https:\/\/ciofs.info\/es\/2024\/11\/23\/work-for-peace-when-the-words-of-the-gospel-make-you-hurt-pray\/'><img decoding=\"async\" width=\"1600\" height=\"1067\" src=\"https:\/\/ciofs.info\/wp-content\/uploads\/2024\/11\/1IMG_8873-1600px1.jpg\" class=\"rt-img-responsive \" alt=\"Dina Shabalina\" \/><\/a><\/div><\/div><div class=\"rt-col-md-3 rt-col-sm-6 rt-col-xs-12 even-grid-item rt-grid-item\" data-id=\"6255\"><div class=\"rt-holder\"><div class=\"overlay\"><h3 class=\"entry-title\"><a data-id=\"6255\" class=\"\" href=\"https:\/\/ciofs.info\/es\/2024\/11\/23\/a-day-for-peace\/\">Un d\u00eda para la paz<\/a><\/h3><span class='post-meta-user '><span class='date-meta'><i class='far fa-calendar-alt '><\/i>November 23, 2024<\/span><\/span><div class='rt-detail'><div class='tpg-excerpt'>Se podr\u00eda decir que el 16 de noviembre fue un d\u00eda de paz, justicia y...<\/div><div class='post-meta '><span class='read-more'><a data-id='6255' class='' href='https:\/\/ciofs.info\/es\/2024\/11\/23\/a-day-for-peace\/'>Read More<\/a><\/span><\/div><\/div><\/div> <a data-id='6255' class='' href='https:\/\/ciofs.info\/es\/2024\/11\/23\/a-day-for-peace\/'><img decoding=\"async\" width=\"1500\" height=\"750\" src=\"https:\/\/ciofs.info\/wp-content\/uploads\/2024\/11\/1IMG_8892crp-1500px.jpg\" class=\"rt-img-responsive \" alt=\"Peace and disarmament speaker\" \/><\/a><\/div><\/div><div class=\"rt-col-md-3 rt-col-sm-6 rt-col-xs-12 even-grid-item rt-grid-item\" data-id=\"6263\"><div class=\"rt-holder\"><div class=\"overlay\"><h3 class=\"entry-title\"><a data-id=\"6263\" class=\"\" href=\"https:\/\/ciofs.info\/es\/2024\/11\/23\/3-year-budget-approved\/\">Aprobado el presupuesto trienal<\/a><\/h3><span class='post-meta-user '><span class='date-meta'><i class='far fa-calendar-alt '><\/i>November 23, 2024<\/span><\/span><div class='rt-detail'><div class='tpg-excerpt'>ROMA \u2013 El Cap\u00edtulo General aprob\u00f3 por abrumadora mayor\u00eda el 16 de noviembre un presupuesto...<\/div><div class='post-meta '><span class='read-more'><a data-id='6263' class='' href='https:\/\/ciofs.info\/es\/2024\/11\/23\/3-year-budget-approved\/'>Read More<\/a><\/span><\/div><\/div><\/div> <a data-id='6263' class='' href='https:\/\/ciofs.info\/es\/2024\/11\/23\/3-year-budget-approved\/'><img loading=\"lazy\" decoding=\"async\" width=\"1500\" height=\"759\" src=\"https:\/\/ciofs.info\/wp-content\/uploads\/2024\/11\/1IMG_8818crp-1500.jpg\" class=\"rt-img-responsive \" alt=\"Treasurer Roberto\" \/><\/a><\/div><\/div><div class=\"rt-col-md-3 rt-col-sm-6 rt-col-xs-12 even-grid-item rt-grid-item\" data-id=\"6277\"><div class=\"rt-holder\"><div class=\"overlay\"><h3 class=\"entry-title\"><a data-id=\"6277\" class=\"\" href=\"https:\/\/ciofs.info\/es\/2024\/11\/23\/a-vocation-to-be-with-and-among-people-an-untiring-prayer\/\">La vocaci\u00f3n de estar con y entre la gente, una oraci\u00f3n incansable<\/a><\/h3><span class='post-meta-user '><span class='date-meta'><i class='far fa-calendar-alt '><\/i>November 23, 2024<\/span><\/span><div class='rt-detail'><div class='tpg-excerpt'>Fr. Massimo Fusarelli, ministro general de los frailes OFM, comenz\u00f3 su homil\u00eda del Cap\u00edtulo General...<\/div><div class='post-meta '><span class='read-more'><a data-id='6277' class='' href='https:\/\/ciofs.info\/es\/2024\/11\/23\/a-vocation-to-be-with-and-among-people-an-untiring-prayer\/'>Read More<\/a><\/span><\/div><\/div><\/div> <a data-id='6277' class='' href='https:\/\/ciofs.info\/es\/2024\/11\/23\/a-vocation-to-be-with-and-among-people-an-untiring-prayer\/'><img loading=\"lazy\" decoding=\"async\" width=\"1500\" height=\"1000\" src=\"https:\/\/ciofs.info\/wp-content\/uploads\/2024\/11\/1IMG_8801-1500px.jpg\" class=\"rt-img-responsive \" alt=\"Fr Massimo Fusarelli\" \/><\/a><\/div><\/div><div class=\"rt-col-md-3 rt-col-sm-6 rt-col-xs-12 even-grid-item rt-grid-item\" data-id=\"6244\"><div class=\"rt-holder\"><div class=\"overlay\"><h3 class=\"entry-title\"><a data-id=\"6244\" class=\"\" href=\"https:\/\/ciofs.info\/es\/2024\/11\/16\/friar-praises-ofs-while-youfra-spreads-joy\/\">Un fraile elogia a la OFS mientras la JuFra contagia alegr\u00eda<\/a><\/h3><span class='post-meta-user '><span class='date-meta'><i class='far fa-calendar-alt '><\/i>November 16, 2024<\/span><\/span><div class='rt-detail'><div class='tpg-excerpt'>El d\u00eda comenz\u00f3 con entusiasmo y un sentido compartido de esperanza y misi\u00f3n, gracias en...<\/div><div class='post-meta '><span class='read-more'><a data-id='6244' class='' href='https:\/\/ciofs.info\/es\/2024\/11\/16\/friar-praises-ofs-while-youfra-spreads-joy\/'>Read More<\/a><\/span><\/div><\/div><\/div> <a data-id='6244' class='' href='https:\/\/ciofs.info\/es\/2024\/11\/16\/friar-praises-ofs-while-youfra-spreads-joy\/'><img loading=\"lazy\" decoding=\"async\" width=\"1500\" height=\"607\" src=\"https:\/\/ciofs.info\/wp-content\/uploads\/2024\/11\/1YouFra-FrCarlos-featured-pic-1500x607-1.jpg\" class=\"rt-img-responsive \" alt=\"YouFra and Fr Carlos\" \/><\/a><\/div><\/div><div class=\"rt-col-md-3 rt-col-sm-6 rt-col-xs-12 even-grid-item rt-grid-item\" data-id=\"6222\"><div class=\"rt-holder\"><div class=\"overlay\"><h3 class=\"entry-title\"><a data-id=\"6222\" class=\"\" href=\"https:\/\/ciofs.info\/es\/2024\/11\/15\/panelists-love-of-god-love-for-others-love-of-self\/\">Panelistas: Amor a Dios, Amor a los dem\u00e1s, Amor a s\u00ed mismo<\/a><\/h3><span class='post-meta-user '><span class='date-meta'><i class='far fa-calendar-alt '><\/i>November 15, 2024<\/span><\/span><div class='rt-detail'><div class='tpg-excerpt'>AMOR A DIOS ROMA &#8212; Una mesa redonda sobre los distintos tipos de amor fue...<\/div><div class='post-meta '><span class='read-more'><a data-id='6222' class='' href='https:\/\/ciofs.info\/es\/2024\/11\/15\/panelists-love-of-god-love-for-others-love-of-self\/'>Read More<\/a><\/span><\/div><\/div><\/div> <a data-id='6222' class='' href='https:\/\/ciofs.info\/es\/2024\/11\/15\/panelists-love-of-god-love-for-others-love-of-self\/'><img loading=\"lazy\" decoding=\"async\" width=\"1500\" height=\"608\" src=\"https:\/\/ciofs.info\/wp-content\/uploads\/2024\/11\/1Panelists-Ricardo-Michel-Stefania_7997-1500x407px.jpg\" class=\"rt-img-responsive \" alt=\"Panelists\" \/><\/a><\/div><\/div><div class=\"rt-col-md-3 rt-col-sm-6 rt-col-xs-12 even-grid-item rt-grid-item\" data-id=\"6238\"><div class=\"rt-holder\"><div class=\"overlay\"><h3 class=\"entry-title\"><a data-id=\"6238\" class=\"\" href=\"https:\/\/ciofs.info\/es\/2024\/11\/15\/singing-friar-urges-ofs-to-be-counter-cultural\/\">Un fraile cantante insta a la OFS a ser contracultural<\/a><\/h3><span class='post-meta-user '><span class='date-meta'><i class='far fa-calendar-alt '><\/i>November 15, 2024<\/span><\/span><div class='rt-detail'><div class='tpg-excerpt'>Adem\u00e1s de ministro general de la Tercera Orden Regular, Amando Trujillo Cano, TOR, es cantautor...<\/div><div class='post-meta '><span class='read-more'><a data-id='6238' class='' href='https:\/\/ciofs.info\/es\/2024\/11\/15\/singing-friar-urges-ofs-to-be-counter-cultural\/'>Read More<\/a><\/span><\/div><\/div><\/div> <a data-id='6238' class='' href='https:\/\/ciofs.info\/es\/2024\/11\/15\/singing-friar-urges-ofs-to-be-counter-cultural\/'><img loading=\"lazy\" decoding=\"async\" width=\"1500\" height=\"730\" src=\"https:\/\/ciofs.info\/wp-content\/uploads\/2024\/11\/1Fr-Amando_4942-3-1500x730px.jpg\" class=\"rt-img-responsive \" alt=\"Fr Amando\" \/><\/a><\/div><\/div><div class=\"rt-col-md-3 rt-col-sm-6 rt-col-xs-12 even-grid-item rt-grid-item\" data-id=\"6187\"><div class=\"rt-holder\"><div class=\"overlay\"><h3 class=\"entry-title\"><a data-id=\"6187\" class=\"\" href=\"https:\/\/ciofs.info\/es\/2024\/11\/14\/keynote-presentation-addresses-our-response-to-gods-love\/\">La presentaci\u00f3n principal aborda nuestra respuesta al amor de Dios<\/a><\/h3><span class='post-meta-user '><span class='date-meta'><i class='far fa-calendar-alt '><\/i>November 14, 2024<\/span><\/span><div class='rt-detail'><div class='tpg-excerpt'>Al pronunciar el discurso principal del Cap\u00edtulo General, Mich\u00e8le Altmeyer, OFS, se refiri\u00f3 en primer...<\/div><div class='post-meta '><span class='read-more'><a data-id='6187' class='' href='https:\/\/ciofs.info\/es\/2024\/11\/14\/keynote-presentation-addresses-our-response-to-gods-love\/'>Read More<\/a><\/span><\/div><\/div><\/div> <a data-id='6187' class='' href='https:\/\/ciofs.info\/es\/2024\/11\/14\/keynote-presentation-addresses-our-response-to-gods-love\/'><img loading=\"lazy\" decoding=\"async\" width=\"1500\" height=\"607\" src=\"https:\/\/ciofs.info\/wp-content\/uploads\/2024\/11\/1IMG_4608-1500x607a.jpg\" class=\"rt-img-responsive \" alt=\"Mich\u00e8le Altmeyer\" \/><\/a><\/div><\/div><\/div><div class='rt-pagination-wrap' data-total-pages='2' data-posts-per-page='9' data-type='pagination'  ><div class=\"rt-pagination\" ><ul class=\"pagination-list\"><li class=\"active\"><span>1<\/span><\/li><li><a data-paged='2' href='https:\/\/ciofs.info\/es\/wp-json\/wp\/v2\/pages\/6112\/page\/2\/'>2<\/a><\/li><\/ul><\/div><\/div><\/div>\n","protected":false},"excerpt":{"rendered":"<p>Galer\u00eda de fotos en Flickr | https:\/\/www.flickr.com\/photos\/ordo_franciscanus_saecularis\/albums Diario en v\u00eddeo en YouTube | D\u00eda 1 | D\u00eda 2 | D\u00eda 3 |\u00a0D\u00eda 4 | D\u00eda 5 | D\u00eda 6 | D\u00eda 7 | D\u00eda 8 | D\u00eda 9 |<\/p>\n","protected":false},"author":1,"featured_media":6275,"parent":323,"menu_order":0,"comment_status":"closed","ping_status":"closed","template":"","meta":{"site-sidebar-layout":"no-sidebar","site-content-layout":"default","ast-site-content-layout":"default","site-content-style":"default","site-sidebar-style":"default","ast-global-header-display":"","ast-banner-title-visibility":"","ast-main-header-display":"","ast-hfb-above-header-display":"","ast-hfb-below-header-display":"","ast-hfb-mobile-header-display":"","site-post-title":"","ast-breadcrumbs-content":"","ast-featured-img":"","footer-sml-layout":"","ast-disable-related-posts":"","theme-transparent-header-meta":"default","adv-header-id-meta":"","stick-header-meta":"","header-above-stick-meta":"","header-main-stick-meta":"","header-below-stick-meta":"","astra-migrate-meta-layouts":"set","ast-page-background-enabled":"default","ast-page-background-meta":{"desktop":{"background-color":"","background-image":"","background-repeat":"repeat","background-position":"center center","background-size":"auto","background-attachment":"scroll","background-type":"","background-media":"","overlay-type":"","overlay-color":"","overlay-opacity":"","overlay-gradient":""},"tablet":{"background-color":"","background-image":"","background-repeat":"repeat","background-position":"center center","background-size":"auto","background-attachment":"scroll","background-type":"","background-media":"","overlay-type":"","overlay-color":"","overlay-opacity":"","overlay-gradient":""},"mobile":{"background-color":"","background-image":"","background-repeat":"repeat","background-position":"center center","background-size":"auto","background-attachment":"scroll","background-type":"","background-media":"","overlay-type":"","overlay-color":"","overlay-opacity":"","overlay-gradient":""}},"ast-content-background-meta":{"desktop":{"background-color":"var(--ast-global-color-5)","background-image":"","background-repeat":"repeat","background-position":"center center","background-size":"auto","background-attachment":"scroll","background-type":"","background-media":"","overlay-type":"","overlay-color":"","overlay-opacity":"","overlay-gradient":""},"tablet":{"background-color":"var(--ast-global-color-5)","background-image":"","background-repeat":"repeat","background-position":"center center","background-size":"auto","background-attachment":"scroll","background-type":"","background-media":"","overlay-type":"","overlay-color":"","overlay-opacity":"","overlay-gradient":""},"mobile":{"background-color":"var(--ast-global-color-5)","background-image":"","background-repeat":"repeat","background-position":"center center","background-size":"auto","background-attachment":"scroll","background-type":"","background-media":"","overlay-type":"","overlay-color":"","overlay-opacity":"","overlay-gradient":""}},"footnotes":""},"class_list":["post-6112","page","type-page","status-publish","has-post-thumbnail","hentry"],"translation":{"provider":"WPGlobus","version":"3.0.2","language":"es","enabled_languages":["en","it","es","fr"],"languages":{"en":{"title":true,"content":true,"excerpt":false},"it":{"title":true,"content":true,"excerpt":false},"es":{"title":true,"content":true,"excerpt":false},"fr":{"title":true,"content":true,"excerpt":false}}},"rttpg_featured_image_url":{"full":["https:\/\/ciofs.info\/wp-content\/uploads\/2024\/11\/IMG_8637crp-1500px.jpg",1500,665,false],"landscape":["https:\/\/ciofs.info\/wp-content\/uploads\/2024\/11\/IMG_8637crp-1500px.jpg",1500,665,false],"portraits":["https:\/\/ciofs.info\/wp-content\/uploads\/2024\/11\/IMG_8637crp-1500px.jpg",1500,665,false],"thumbnail":["https:\/\/ciofs.info\/wp-content\/uploads\/2024\/11\/IMG_8637crp-1500px-150x67.jpg",150,67,true],"medium":["https:\/\/ciofs.info\/wp-content\/uploads\/2024\/11\/IMG_8637crp-1500px-300x133.jpg",300,133,true],"large":["https:\/\/ciofs.info\/wp-content\/uploads\/2024\/11\/IMG_8637crp-1500px-1024x454.jpg",1024,454,true],"1536x1536":["https:\/\/ciofs.info\/wp-content\/uploads\/2024\/11\/IMG_8637crp-1500px.jpg",1500,665,false],"2048x2048":["https:\/\/ciofs.info\/wp-content\/uploads\/2024\/11\/IMG_8637crp-1500px.jpg",1500,665,false],"alm-thumbnail":["https:\/\/ciofs.info\/wp-content\/uploads\/2024\/11\/IMG_8637crp-1500px-150x150.jpg",150,150,true]},"rttpg_author":{"display_name":"robert","author_link":"https:\/\/ciofs.info\/es\/author\/robert\/"},"rttpg_comment":0,"rttpg_category":"","rttpg_excerpt":"Galer\u00eda de fotos en Flickr | https:\/\/www.flickr.com\/photos\/ordo_franciscanus_saecularis\/albums Diario en v\u00eddeo en YouTube | D\u00eda 1 | D\u00eda 2 | D\u00eda 3 |\u00a0D\u00eda 4 | D\u00eda 5 | D\u00eda 6 | D\u00eda 7 | D\u00eda 8 | D\u00eda 9 |","_links":{"self":[{"href":"https:\/\/ciofs.info\/es\/wp-json\/wp\/v2\/pages\/6112","targetHints":{"allow":["GET"]}}],"collection":[{"href":"https:\/\/ciofs.info\/es\/wp-json\/wp\/v2\/pages"}],"about":[{"href":"https:\/\/ciofs.info\/es\/wp-json\/wp\/v2\/types\/page"}],"author":[{"embeddable":true,"href":"https:\/\/ciofs.info\/es\/wp-json\/wp\/v2\/users\/1"}],"replies":[{"embeddable":true,"href":"https:\/\/ciofs.info\/es\/wp-json\/wp\/v2\/comments?post=6112"}],"version-history":[{"count":30,"href":"https:\/\/ciofs.info\/es\/wp-json\/wp\/v2\/pages\/6112\/revisions"}],"predecessor-version":[{"id":7166,"href":"https:\/\/ciofs.info\/es\/wp-json\/wp\/v2\/pages\/6112\/revisions\/7166"}],"up":[{"embeddable":true,"href":"https:\/\/ciofs.info\/es\/wp-json\/wp\/v2\/pages\/323"}],"wp:featuredmedia":[{"embeddable":true,"href":"https:\/\/ciofs.info\/es\/wp-json\/wp\/v2\/media\/6275"}],"wp:attachment":[{"href":"https:\/\/ciofs.info\/es\/wp-json\/wp\/v2\/media?parent=6112"}],"curies":[{"name":"wp","href":"https:\/\/api.w.org\/{rel}","templated":true}]}}