{"id":473,"date":"2019-10-28T04:53:43","date_gmt":"2019-10-28T04:53:43","guid":{"rendered":"https:\/\/ciofs.info\/?page_id=473"},"modified":"2024-11-07T09:50:03","modified_gmt":"2024-11-07T09:50:03","slug":"presidency","status":"publish","type":"page","link":"https:\/\/ciofs.info\/es\/offices\/presidency\/","title":{"rendered":"LA PRESIDENCIA"},"content":{"rendered":"<p><a href=\"https:\/\/ciofs.info\/offices\/presidency\/areas\/\"><span class=\"tlid-translation translation\" lang=\"es\"><span class=\"\" title=\"\">Zonas geogr\u00e1ficas<\/span><\/span><\/a><\/p>\n<p><span class=\"tlid-translation translation\" lang=\"es\"><span class=\"\" title=\"\">La Presidencia es el \u00f3rgano ejecutivo elegido y designado para el Consejo Internacional de la Orden Franciscana Seglar (Consilium Internationale Ordo Franciscanus Saecularis, o CIOFS). Los miembros son:<br \/><\/span><\/span><\/p>\n<p><span style=\"font-size: 14pt;\"><strong>2021-2027<\/strong><\/span><\/p>\n<p><strong>Ministro General<br \/><\/strong>Tibor Kauser, OFS<br \/>(Hungr\u00eda)<\/p>\n<p><strong>Vice-ministro General<br \/><\/strong>Mary T. (Maria Teresa) Stronach, OFS<br \/>(Estados Unidos de Am\u00e9rica(<\/p>\n<p><strong>Consejeros de la Presidencia<\/strong><\/p>\n<p>Francis Park, OFS<br \/>(Corea del Sur)<br \/>Asia-Ocean\u00eda<br \/>\u00a0<br \/>Adolph Assagba, OFS<br \/>(Togo)\u00c1<br \/>frica franc\u00f3fona e islas<br \/>\u00a0<br \/>Eremenciana Chinyama, OFS<br \/>(Zimbaue)<br \/>\u00c1frica de habla inglesa y portuguesa<br \/>\u00a0<br \/>Dina Shabalina, OFS<br \/>(Ucrania)<br \/>Europa del Norte<br \/>\u00a0<br \/>Noemi Paola Riccardi, OFS<br \/>(Italia)<br \/>Europa del Sur y Mediterr\u00e1neo<br \/>\u00a0<br \/>Ana Mar\u00eda Raffo, OFS<br \/>(Per\u00fa)<br \/>Am\u00e9rica Central y del Norte<br \/>\u00a0<br \/>Silvia Noem\u00ed Diana, OFS<br \/>(Argentina)<br \/>Sudam\u00e9rica<\/p>\n<p><strong>Juventud Franciscana Consejera<br \/><\/strong>Luis F\u00e9lix Chocojay, OFS<br \/>(Guatemala)<\/p>\n<p><strong>Asistentes espirituales generales<\/strong><\/p>\n<p>Fr. Pedro Zitha, OFM<br \/>Fr. Tom\u00e1s Ginga Panzo Suva, OFM Cap<br \/>Fr. \u0218tefan Acatrinei, OFM Conv<br \/>Fr. Carlos Gin\u00e9s Campos Julve, TOR<\/p>\n<p><strong>Secretaria<\/strong><br \/>Isabella Di Paola, OFS<\/p>\n<p><strong>Tesorero<\/strong><br \/>Roberto Falzago, OFS<\/p>\n<hr \/>\n<p><span style=\"font-size: 14pt;\"><strong>2014-2021<\/strong><\/span><\/p>\n<p><strong>Ministro General<br \/><\/strong>Tibor Kauser, OFS<br \/>Hungr\u00eda<\/p>\n<p><strong>Vice-ministro General<br \/><\/strong>Maria Consuelo de Nu\u00f1ez, OFS<br \/>Venezuela<\/p>\n<p><strong>Consejeros de la Presidencia<\/strong><\/p>\n<p>Ana Fruk, OFS<br \/>Croacia<\/p>\n<p>Anna Maria Raffo Laos, OFS<br \/>Per\u00fa<\/p>\n<p>Jenny Harrington, OFS<br \/>Sud\u00e1frica<\/p>\n<p>Silvia Diana, OFS<br \/>Argentina<\/p>\n<p>Attilio Galimberti, OFS<br \/>Italia<\/p>\n<p>Augustine Young Hak Yoon, OFS<br \/>Corea<\/p>\n<p>Michel Janian, OFS<br \/>L\u00edbano<\/p>\n<p><strong>Juventud Franciscana Consejera<br \/><\/strong>Andrea Odak Karlovi\u0107, OFS<br \/>Bosnia &amp; Herzegovina<\/p>\n<p><strong>Asistentes espirituales generales<\/strong><\/p>\n<p>Fr. Pedro Zitha, OFM<br \/>Fr. Francis Bongajum Dor, OFM Cap<br \/>Fr. Alfred Parambakathu, OFM Conv<br \/>Fr. Claudio Hern\u00e1n Eguzquiza Rodr\u00edguez, TOR<\/p>\n<p><strong>Secretaria<\/strong><br \/>Isabella Di Paola, OFS<\/p>\n<p><strong>Tesorero<\/strong><br \/>Lucio Monti, OFS<\/p>\n","protected":false},"excerpt":{"rendered":"<p>Zonas geogr\u00e1ficas La Presidencia es el \u00f3rgano ejecutivo elegido y designado para el Consejo Internacional de la Orden Franciscana Seglar (Consilium Internationale Ordo Franciscanus Saecularis, o CIOFS). Los miembros son: 2021-2027 Ministro GeneralTibor Kauser, OFS(Hungr\u00eda) Vice-ministro GeneralMary T. (Maria Teresa) Stronach, OFS(Estados Unidos de Am\u00e9rica( Consejeros de la Presidencia Francis Park, OFS(Corea del Sur)Asia-Ocean\u00eda\u00a0Adolph Assagba, [&hellip;]<\/p>\n","protected":false},"author":1,"featured_media":476,"parent":299,"menu_order":0,"comment_status":"closed","ping_status":"closed","template":"","meta":{"site-sidebar-layout":"no-sidebar","site-content-layout":"default","ast-site-content-layout":"default","site-content-style":"default","site-sidebar-style":"default","ast-global-header-display":"","ast-banner-title-visibility":"","ast-main-header-display":"","ast-hfb-above-header-display":"","ast-hfb-below-header-display":"","ast-hfb-mobile-header-display":"","site-post-title":"","ast-breadcrumbs-content":"","ast-featured-img":"","footer-sml-layout":"","ast-disable-related-posts":"","theme-transparent-header-meta":"default","adv-header-id-meta":"","stick-header-meta":"","header-above-stick-meta":"","header-main-stick-meta":"","header-below-stick-meta":"","astra-migrate-meta-layouts":"default","ast-page-background-enabled":"default","ast-page-background-meta":{"desktop":{"background-color":"","background-image":"","background-repeat":"repeat","background-position":"center center","background-size":"auto","background-attachment":"scroll","background-type":"","background-media":"","overlay-type":"","overlay-color":"","overlay-opacity":"","overlay-gradient":""},"tablet":{"background-color":"","background-image":"","background-repeat":"repeat","background-position":"center center","background-size":"auto","background-attachment":"scroll","background-type":"","background-media":"","overlay-type":"","overlay-color":"","overlay-opacity":"","overlay-gradient":""},"mobile":{"background-color":"","background-image":"","background-repeat":"repeat","background-position":"center center","background-size":"auto","background-attachment":"scroll","background-type":"","background-media":"","overlay-type":"","overlay-color":"","overlay-opacity":"","overlay-gradient":""}},"ast-content-background-meta":{"desktop":{"background-color":"var(--ast-global-color-5)","background-image":"","background-repeat":"repeat","background-position":"center center","background-size":"auto","background-attachment":"scroll","background-type":"","background-media":"","overlay-type":"","overlay-color":"","overlay-opacity":"","overlay-gradient":""},"tablet":{"background-color":"var(--ast-global-color-5)","background-image":"","background-repeat":"repeat","background-position":"center center","background-size":"auto","background-attachment":"scroll","background-type":"","background-media":"","overlay-type":"","overlay-color":"","overlay-opacity":"","overlay-gradient":""},"mobile":{"background-color":"var(--ast-global-color-5)","background-image":"","background-repeat":"repeat","background-position":"center center","background-size":"auto","background-attachment":"scroll","background-type":"","background-media":"","overlay-type":"","overlay-color":"","overlay-opacity":"","overlay-gradient":""}},"footnotes":""},"class_list":["post-473","page","type-page","status-publish","has-post-thumbnail","hentry"],"translation":{"provider":"WPGlobus","version":"3.0.2","language":"es","enabled_languages":["en","it","es","fr"],"languages":{"en":{"title":true,"content":true,"excerpt":false},"it":{"title":true,"content":true,"excerpt":false},"es":{"title":true,"content":true,"excerpt":false},"fr":{"title":true,"content":true,"excerpt":false}}},"rttpg_featured_image_url":{"full":["https:\/\/ciofs.info\/wp-content\/uploads\/2019\/10\/CIOFS-62crop.jpg",1920,759,false],"landscape":["https:\/\/ciofs.info\/wp-content\/uploads\/2019\/10\/CIOFS-62crop.jpg",1920,759,false],"portraits":["https:\/\/ciofs.info\/wp-content\/uploads\/2019\/10\/CIOFS-62crop.jpg",1920,759,false],"thumbnail":["https:\/\/ciofs.info\/wp-content\/uploads\/2019\/10\/CIOFS-62crop-150x150.jpg",150,150,true],"medium":["https:\/\/ciofs.info\/wp-content\/uploads\/2019\/10\/CIOFS-62crop-300x119.jpg",300,119,true],"large":["https:\/\/ciofs.info\/wp-content\/uploads\/2019\/10\/CIOFS-62crop-1024x405.jpg",1024,405,true],"1536x1536":["https:\/\/ciofs.info\/wp-content\/uploads\/2019\/10\/CIOFS-62crop.jpg",1536,607,false],"2048x2048":["https:\/\/ciofs.info\/wp-content\/uploads\/2019\/10\/CIOFS-62crop.jpg",1920,759,false],"alm-thumbnail":["https:\/\/ciofs.info\/wp-content\/uploads\/2019\/10\/CIOFS-62crop.jpg",150,59,false]},"rttpg_author":{"display_name":"robert","author_link":"https:\/\/ciofs.info\/es\/author\/robert\/"},"rttpg_comment":0,"rttpg_category":null,"rttpg_excerpt":"Zonas geogr\u00e1ficas La Presidencia es el \u00f3rgano ejecutivo elegido y designado para el Consejo Internacional de la Orden Franciscana Seglar (Consilium Internationale Ordo Franciscanus Saecularis, o CIOFS). Los miembros son: 2021-2027 Ministro GeneralTibor Kauser, OFS(Hungr\u00eda) Vice-ministro GeneralMary T. (Maria Teresa) Stronach, OFS(Estados Unidos de Am\u00e9rica( Consejeros de la Presidencia Francis Park, OFS(Corea del Sur)Asia-Ocean\u00eda\u00a0Adolph Assagba,&hellip;","_links":{"self":[{"href":"https:\/\/ciofs.info\/es\/wp-json\/wp\/v2\/pages\/473","targetHints":{"allow":["GET"]}}],"collection":[{"href":"https:\/\/ciofs.info\/es\/wp-json\/wp\/v2\/pages"}],"about":[{"href":"https:\/\/ciofs.info\/es\/wp-json\/wp\/v2\/types\/page"}],"author":[{"embeddable":true,"href":"https:\/\/ciofs.info\/es\/wp-json\/wp\/v2\/users\/1"}],"replies":[{"embeddable":true,"href":"https:\/\/ciofs.info\/es\/wp-json\/wp\/v2\/comments?post=473"}],"version-history":[{"count":57,"href":"https:\/\/ciofs.info\/es\/wp-json\/wp\/v2\/pages\/473\/revisions"}],"predecessor-version":[{"id":6084,"href":"https:\/\/ciofs.info\/es\/wp-json\/wp\/v2\/pages\/473\/revisions\/6084"}],"up":[{"embeddable":true,"href":"https:\/\/ciofs.info\/es\/wp-json\/wp\/v2\/pages\/299"}],"wp:featuredmedia":[{"embeddable":true,"href":"https:\/\/ciofs.info\/es\/wp-json\/wp\/v2\/media\/476"}],"wp:attachment":[{"href":"https:\/\/ciofs.info\/es\/wp-json\/wp\/v2\/media?parent=473"}],"curies":[{"name":"wp","href":"https:\/\/api.w.org\/{rel}","templated":true}]}}