{"id":3547,"date":"2021-05-30T00:30:33","date_gmt":"2021-05-30T00:30:33","guid":{"rendered":"https:\/\/ciofs.info\/?page_id=3547"},"modified":"2021-05-30T00:30:33","modified_gmt":"2021-05-30T00:30:33","slug":"photo-credits","status":"publish","type":"page","link":"https:\/\/ciofs.info\/es\/contact\/photo-credits\/","title":{"rendered":"Cr\u00e9ditos fotogr\u00e1ficos"},"content":{"rendered":"<h2><em><span class=\"tlid-translation translation\" lang=\"es\"><span class=\"\" title=\"\">Aviso sobre fotos<\/span><\/span><\/em><\/h2>\n<p><strong><span style=\"font-size: 14pt;\">No utilice im\u00e1genes de este sitio web sin permiso por escrito.<\/span><\/strong><\/p>\n<ul>\n<li><span class=\"tlid-translation translation\" lang=\"es\" style=\"font-size: 14pt;\"><span title=\"\">algunas im\u00e1genes tienen licencia a trav\u00e9s de iStockphoto;<\/span><\/span><\/li>\n<li><span class=\"tlid-translation translation\" lang=\"es\" style=\"font-size: 14pt;\"><span title=\"\">algunos son provistos por miembros de la Familia Franciscana y la Iglesia Cat\u00f3lica;<\/span><\/span><\/li>\n<li><span class=\"tlid-translation translation\" lang=\"es\" style=\"font-size: 14pt;\"><span title=\"\">algunos son de otras fuentes y se usan con permiso.<\/span><\/span><\/li>\n<\/ul>\n<p><span style=\"font-size: 14pt;\"><em>Consultas sobre el uso de contenido e im\u00e1genes:<\/em> webmeister@ciofs.info<\/span><\/p>\n","protected":false},"excerpt":{"rendered":"<p>Aviso sobre fotos No utilice im\u00e1genes de este sitio web sin permiso por escrito. algunas im\u00e1genes tienen licencia a trav\u00e9s de iStockphoto; algunos son provistos por miembros de la Familia Franciscana y la Iglesia Cat\u00f3lica; algunos son de otras fuentes y se usan con permiso. Consultas sobre el uso de contenido e im\u00e1genes: webmeister@ciofs.info<\/p>\n","protected":false},"author":1,"featured_media":1437,"parent":21,"menu_order":0,"comment_status":"closed","ping_status":"closed","template":"","meta":{"site-sidebar-layout":"no-sidebar","site-content-layout":"default","ast-site-content-layout":"default","site-content-style":"default","site-sidebar-style":"default","ast-global-header-display":"","ast-banner-title-visibility":"","ast-main-header-display":"","ast-hfb-above-header-display":"","ast-hfb-below-header-display":"","ast-hfb-mobile-header-display":"","site-post-title":"","ast-breadcrumbs-content":"","ast-featured-img":"","footer-sml-layout":"","ast-disable-related-posts":"","theme-transparent-header-meta":"default","adv-header-id-meta":"","stick-header-meta":"","header-above-stick-meta":"","header-main-stick-meta":"","header-below-stick-meta":"","astra-migrate-meta-layouts":"default","ast-page-background-enabled":"default","ast-page-background-meta":{"desktop":{"background-color":"","background-image":"","background-repeat":"repeat","background-position":"center center","background-size":"auto","background-attachment":"scroll","background-type":"","background-media":"","overlay-type":"","overlay-color":"","overlay-opacity":"","overlay-gradient":""},"tablet":{"background-color":"","background-image":"","background-repeat":"repeat","background-position":"center center","background-size":"auto","background-attachment":"scroll","background-type":"","background-media":"","overlay-type":"","overlay-color":"","overlay-opacity":"","overlay-gradient":""},"mobile":{"background-color":"","background-image":"","background-repeat":"repeat","background-position":"center center","background-size":"auto","background-attachment":"scroll","background-type":"","background-media":"","overlay-type":"","overlay-color":"","overlay-opacity":"","overlay-gradient":""}},"ast-content-background-meta":{"desktop":{"background-color":"var(--ast-global-color-5)","background-image":"","background-repeat":"repeat","background-position":"center center","background-size":"auto","background-attachment":"scroll","background-type":"","background-media":"","overlay-type":"","overlay-color":"","overlay-opacity":"","overlay-gradient":""},"tablet":{"background-color":"var(--ast-global-color-5)","background-image":"","background-repeat":"repeat","background-position":"center center","background-size":"auto","background-attachment":"scroll","background-type":"","background-media":"","overlay-type":"","overlay-color":"","overlay-opacity":"","overlay-gradient":""},"mobile":{"background-color":"var(--ast-global-color-5)","background-image":"","background-repeat":"repeat","background-position":"center center","background-size":"auto","background-attachment":"scroll","background-type":"","background-media":"","overlay-type":"","overlay-color":"","overlay-opacity":"","overlay-gradient":""}},"footnotes":""},"class_list":["post-3547","page","type-page","status-publish","has-post-thumbnail","hentry"],"translation":{"provider":"WPGlobus","version":"3.0.2","language":"es","enabled_languages":["en","it","es","fr"],"languages":{"en":{"title":true,"content":true,"excerpt":false},"it":{"title":true,"content":true,"excerpt":false},"es":{"title":true,"content":true,"excerpt":false},"fr":{"title":true,"content":true,"excerpt":false}}},"rttpg_featured_image_url":{"full":["https:\/\/ciofs.info\/wp-content\/uploads\/2020\/03\/CIOFS-presidency_a88f79041e_1200px.jpg",1200,264,false],"landscape":["https:\/\/ciofs.info\/wp-content\/uploads\/2020\/03\/CIOFS-presidency_a88f79041e_1200px.jpg",1200,264,false],"portraits":["https:\/\/ciofs.info\/wp-content\/uploads\/2020\/03\/CIOFS-presidency_a88f79041e_1200px.jpg",1200,264,false],"thumbnail":["https:\/\/ciofs.info\/wp-content\/uploads\/2020\/03\/CIOFS-presidency_a88f79041e_1200px-150x150.jpg",150,150,true],"medium":["https:\/\/ciofs.info\/wp-content\/uploads\/2020\/03\/CIOFS-presidency_a88f79041e_1200px-300x66.jpg",300,66,true],"large":["https:\/\/ciofs.info\/wp-content\/uploads\/2020\/03\/CIOFS-presidency_a88f79041e_1200px-1024x225.jpg",1024,225,true],"1536x1536":["https:\/\/ciofs.info\/wp-content\/uploads\/2020\/03\/CIOFS-presidency_a88f79041e_1200px.jpg",1200,264,false],"2048x2048":["https:\/\/ciofs.info\/wp-content\/uploads\/2020\/03\/CIOFS-presidency_a88f79041e_1200px.jpg",1200,264,false],"alm-thumbnail":["https:\/\/ciofs.info\/wp-content\/uploads\/2020\/03\/CIOFS-presidency_a88f79041e_1200px.jpg",150,33,false]},"rttpg_author":{"display_name":"robert","author_link":"https:\/\/ciofs.info\/es\/author\/robert\/"},"rttpg_comment":0,"rttpg_category":null,"rttpg_excerpt":"Aviso sobre fotos No utilice im\u00e1genes de este sitio web sin permiso por escrito. algunas im\u00e1genes tienen licencia a trav\u00e9s de iStockphoto; algunos son provistos por miembros de la Familia Franciscana y la Iglesia Cat\u00f3lica; algunos son de otras fuentes y se usan con permiso. Consultas sobre el uso de contenido e im\u00e1genes: webmeister@ciofs.info","_links":{"self":[{"href":"https:\/\/ciofs.info\/es\/wp-json\/wp\/v2\/pages\/3547","targetHints":{"allow":["GET"]}}],"collection":[{"href":"https:\/\/ciofs.info\/es\/wp-json\/wp\/v2\/pages"}],"about":[{"href":"https:\/\/ciofs.info\/es\/wp-json\/wp\/v2\/types\/page"}],"author":[{"embeddable":true,"href":"https:\/\/ciofs.info\/es\/wp-json\/wp\/v2\/users\/1"}],"replies":[{"embeddable":true,"href":"https:\/\/ciofs.info\/es\/wp-json\/wp\/v2\/comments?post=3547"}],"version-history":[{"count":9,"href":"https:\/\/ciofs.info\/es\/wp-json\/wp\/v2\/pages\/3547\/revisions"}],"predecessor-version":[{"id":3556,"href":"https:\/\/ciofs.info\/es\/wp-json\/wp\/v2\/pages\/3547\/revisions\/3556"}],"up":[{"embeddable":true,"href":"https:\/\/ciofs.info\/es\/wp-json\/wp\/v2\/pages\/21"}],"wp:featuredmedia":[{"embeddable":true,"href":"https:\/\/ciofs.info\/es\/wp-json\/wp\/v2\/media\/1437"}],"wp:attachment":[{"href":"https:\/\/ciofs.info\/es\/wp-json\/wp\/v2\/media?parent=3547"}],"curies":[{"name":"wp","href":"https:\/\/api.w.org\/{rel}","templated":true}]}}