{"id":315,"date":"2019-10-11T16:11:06","date_gmt":"2019-10-11T16:11:06","guid":{"rendered":"https:\/\/ciofs.info\/?page_id=315"},"modified":"2024-10-09T00:24:30","modified_gmt":"2024-10-09T00:24:30","slug":"news","status":"publish","type":"page","link":"https:\/\/ciofs.info\/es\/news\/","title":{"rendered":"NEWS"},"content":{"rendered":"\t\t<div data-elementor-type=\"wp-page\" data-elementor-id=\"315\" class=\"elementor elementor-315\" data-elementor-post-type=\"page\">\n\t\t\t\t\t\t<section class=\"elementor-section elementor-top-section elementor-element elementor-element-a2b14d6 elementor-section-boxed elementor-section-height-default elementor-section-height-default\" data-id=\"a2b14d6\" data-element_type=\"section\">\n\t\t\t\t\t\t<div class=\"elementor-container elementor-column-gap-default\">\n\t\t\t\t\t<div class=\"elementor-column elementor-col-100 elementor-top-column elementor-element elementor-element-8dd175f\" data-id=\"8dd175f\" data-element_type=\"column\">\n\t\t\t<div class=\"elementor-widget-wrap elementor-element-populated\">\n\t\t\t\t\t\t<div class=\"elementor-element elementor-element-1f429a6 elementor-widget-divider--view-line elementor-widget elementor-widget-divider\" data-id=\"1f429a6\" data-element_type=\"widget\" data-widget_type=\"divider.default\">\n\t\t\t\t<div class=\"elementor-widget-container\">\n\t\t\t\t\t\t\t<div class=\"elementor-divider\">\n\t\t\t<span class=\"elementor-divider-separator\">\n\t\t\t\t\t\t<\/span>\n\t\t<\/div>\n\t\t\t\t\t\t<\/div>\n\t\t\t\t<\/div>\n\t\t\t\t<div class=\"elementor-element elementor-element-01425d2 elementor-widget elementor-widget-heading\" data-id=\"01425d2\" data-element_type=\"widget\" data-widget_type=\"heading.default\">\n\t\t\t\t<div class=\"elementor-widget-container\">\n\t\t\t\t\t<h2 class=\"elementor-heading-title elementor-size-default\">Latest News<\/h2>\t\t\t\t<\/div>\n\t\t\t\t<\/div>\n\t\t\t\t\t<\/div>\n\t\t<\/div>\n\t\t\t\t\t<\/div>\n\t\t<\/section>\n\t\t\t\t<section class=\"elementor-section elementor-top-section elementor-element elementor-element-1c123d1 elementor-section-boxed elementor-section-height-default elementor-section-height-default\" data-id=\"1c123d1\" data-element_type=\"section\">\n\t\t\t\t\t\t<div class=\"elementor-container elementor-column-gap-default\">\n\t\t\t\t\t<div class=\"elementor-column elementor-col-100 elementor-top-column elementor-element elementor-element-7054a46\" data-id=\"7054a46\" data-element_type=\"column\">\n\t\t\t<div class=\"elementor-widget-wrap elementor-element-populated\">\n\t\t\t\t\t\t<div class=\"elementor-element elementor-element-c0c85d5 elementor-widget elementor-widget-shortcode\" data-id=\"c0c85d5\" data-element_type=\"widget\" data-widget_type=\"shortcode.default\">\n\t\t\t\t<div class=\"elementor-widget-container\">\n\t\t\t\t\t\t\t<div class=\"elementor-shortcode\"><style type='text\/css' media='all'>#rt-tpg-container-908546146 .rt-holder .rt-woo-info .price{color:#0367bf;}body .rt-tpg-container .rt-tpg-isotope-buttons .selected,\n\t\t\t\t\t#rt-tpg-container-908546146 .layout12 .rt-holder:hover .rt-detail,\n\t\t\t\t\t#rt-tpg-container-908546146 .isotope8 .rt-holder:hover .rt-detail,\n\t\t\t\t\t#rt-tpg-container-908546146 .carousel8 .rt-holder:hover .rt-detail,\n\t\t\t\t\t#rt-tpg-container-908546146 .layout13 .rt-holder .overlay .post-info,\n\t\t\t\t\t#rt-tpg-container-908546146 .isotope9 .rt-holder .overlay .post-info,\n\t\t\t\t\t#rt-tpg-container-908546146.rt-tpg-container .layout4 .rt-holder .rt-detail,\n\t\t\t\t\t.rt-modal-908546146 .md-content,\n\t\t\t\t\t.rt-modal-908546146 .md-content > .rt-md-content-holder .rt-md-content,\n\t\t\t\t\t.rt-popup-wrap-908546146.rt-popup-wrap .rt-popup-navigation-wrap,\n\t\t\t\t\t#rt-tpg-container-908546146 .carousel9 .rt-holder .overlay .post-info{background-color:#0367bf;}#rt-tpg-container-908546146 .layout5 .rt-holder .overlay, #rt-tpg-container-908546146 .isotope2 .rt-holder .overlay, #rt-tpg-container-908546146 .carousel2 .rt-holder .overlay,#rt-tpg-container-908546146 .layout15 .rt-holder h3, #rt-tpg-container-908546146 .isotope11 .rt-holder h3, #rt-tpg-container-908546146 .carousel11 .rt-holder h3, #rt-tpg-container-908546146 .layout16 .rt-holder h3,\n\t\t\t\t\t#rt-tpg-container-908546146 .isotope12 .rt-holder h3, #rt-tpg-container-908546146 .carousel12 .rt-holder h3 {background-color:rgba(3,103,191,0.8);}#rt-tpg-container-908546146 .read-more a{border-radius:px;}#rt-tpg-container-908546146 .rt-img-holder img.rt-img-responsive,#rt-tpg-container-908546146 .rt-img-holder,\n\t\t\t\t\t#rt-tpg-container-908546146 .rt-post-overlay .post-img,\n\t\t\t\t\t#rt-tpg-container-908546146 .post-sm .post-img,\n\t\t\t\t\t#rt-tpg-container-908546146 .rt-post-grid .post-img,\n\t\t\t\t\t#rt-tpg-container-908546146 .post-img img {border-radius:px;}<\/style><div class='rt-container-fluid rt-tpg-container tpg-shortcode-main-wrapper ' id='rt-tpg-container-908546146'   data-layout='layout3' data-grid-style='even' data-desktop-col='1'  data-tab-col='2'  data-mobile-col='1' data-sc-id='602'><div data-title='Loading ...' class='rt-row rt-content-loader   layout3 tpg-even '><div class=\"rt-col-md-12 rt-col-sm-6 rt-col-xs-12 even-grid-item rt-grid-item\" data-id=\"7846\"><div class=\"rt-holder\"><div class=\"rt-row\"><div class='rt-col-sm-3 rt-col-xs-12 '><div class=\"rt-img-holder\"><a data-id='7846' class=' rounded' href='https:\/\/ciofs.info\/es\/2026\/05\/01\/saint-of-month-mariana-of-jesus-de-paredes-1618-1645\/'><img decoding=\"async\" width=\"150\" height=\"106\" src=\"https:\/\/ciofs.info\/wp-content\/uploads\/2026\/05\/Santa_Mariana_de_Jesus_circa_1926_oleo_sobre_lienzo_de_Victor_Mideros-150x106.jpg\" class=\"rt-img-responsive \" alt=\"Santa_Mariana_de_Jesus\" \/><\/a><\/div><\/div><div class='rt-col-sm-9 rt-col-xs-12 '><div class='rt-detail'><h2 class=\"entry-title\"><a data-id=\"7846\" class=\"\" href=\"https:\/\/ciofs.info\/es\/2026\/05\/01\/saint-of-month-mariana-of-jesus-de-paredes-1618-1645\/\">Santa del mes: Santa Mariana de Jes\u00fas de Paredes (1618 \u2013 1645)<\/a><\/h2><div class='post-meta-user '><span class='date-meta'><i class='far fa-calendar-alt '><\/i>May 1, 2026<\/span><span class='author'><i class='fa fa-user '><\/i><a href=\"https:\/\/ciofs.info\/es\/author\/robert\/\">robert<\/a><\/span><span class='categories-links'><i class='fas fa-folder-open '><\/i><a class=\"main-page\" href=\"https:\/\/ciofs.info\/es\/category\/main-page\/\" rel=\"tag\">Main Page<\/a><span class=\"rt-separator\">,<\/span><a class=\"news\" href=\"https:\/\/ciofs.info\/es\/category\/news\/\" rel=\"tag\">News<\/a><span class=\"rt-separator\">,<\/span><a class=\"saint-of-month\" href=\"https:\/\/ciofs.info\/es\/category\/projects\/saint-of-month\/\" rel=\"tag\">Saint of Month<\/a><\/span><span class=\"comment-count\"><i class='fas fa-comments '><\/i>(0)<\/span><\/div><div class='post-content'><p>Mariana de Paredes y Flores naci\u00f3 en Quito (Ecuador) el 31 de octubre de 1618 en el seno de una familia noble de origen espa\u00f1ol, con linaje andaluz y castellano. Prodigio de piedad, gracias a la precoz madurez de su esp\u00edritu, ya a los diez a\u00f1os hab\u00eda hecho votos de pobreza, castidad y obediencia. El...<\/p><\/div><span class='read-more '><a data-id='7846' class='' href='https:\/\/ciofs.info\/es\/2026\/05\/01\/saint-of-month-mariana-of-jesus-de-paredes-1618-1645\/'>Read More<\/a><\/span><\/div><\/div><\/div><\/div><\/div><div class=\"rt-col-md-12 rt-col-sm-6 rt-col-xs-12 even-grid-item rt-grid-item\" data-id=\"7836\"><div class=\"rt-holder\"><div class=\"rt-row\"><div class='rt-col-sm-3 rt-col-xs-12 '><div class=\"rt-img-holder\"><a data-id='7836' class=' rounded' href='https:\/\/ciofs.info\/es\/2026\/04\/30\/franciscan-family-invited-to-observe-week-of-poor-nov-9-15\/'><img decoding=\"async\" width=\"150\" height=\"100\" src=\"https:\/\/ciofs.info\/wp-content\/uploads\/2026\/04\/1hands-in-solidarity-1200px-150x100.jpg\" class=\"rt-img-responsive \" alt=\"holding hands in solidarity - iStockphoto by FG Trade\" \/><\/a><\/div><\/div><div class='rt-col-sm-9 rt-col-xs-12 '><div class='rt-detail'><h2 class=\"entry-title\"><a data-id=\"7836\" class=\"\" href=\"https:\/\/ciofs.info\/es\/2026\/04\/30\/franciscan-family-invited-to-observe-week-of-poor-nov-9-15\/\">Se invita a la Familia Franciscana a celebrar la \u00abSemana de los Pobres\u00bb del 9 al 15 de noviembre<\/a><\/h2><div class='post-meta-user '><span class='date-meta'><i class='far fa-calendar-alt '><\/i>April 30, 2026<\/span><span class='author'><i class='fa fa-user '><\/i><a href=\"https:\/\/ciofs.info\/es\/author\/robert\/\">robert<\/a><\/span><span class='categories-links'><i class='fas fa-folder-open '><\/i><a class=\"8th-centenary-events\" href=\"https:\/\/ciofs.info\/es\/category\/projects\/8th-centenary-events\/\" rel=\"tag\">8th Centenary Events<\/a><span class=\"rt-separator\">,<\/span><a class=\"main-page\" href=\"https:\/\/ciofs.info\/es\/category\/main-page\/\" rel=\"tag\">Main Page<\/a><span class=\"rt-separator\">,<\/span><a class=\"news\" href=\"https:\/\/ciofs.info\/es\/category\/news\/\" rel=\"tag\">News<\/a><\/span><span class=\"comment-count\"><i class='fas fa-comments '><\/i>(0)<\/span><\/div><div class='post-content'><p>Los Ministros Generales invitan a toda la Familia Franciscana a celebrar la \u00abSemana de los Pobres\u00bb durante el a\u00f1o del 800.\u00ba aniversario del Transitus de San Francisco Carta de los Ministros Generales (PDF)...<\/p><\/div><span class='read-more '><a data-id='7836' class='' href='https:\/\/ciofs.info\/es\/2026\/04\/30\/franciscan-family-invited-to-observe-week-of-poor-nov-9-15\/'>Read More<\/a><\/span><\/div><\/div><\/div><\/div><\/div><div class=\"rt-col-md-12 rt-col-sm-6 rt-col-xs-12 even-grid-item rt-grid-item\" data-id=\"7826\"><div class=\"rt-holder\"><div class=\"rt-row\"><div class='rt-col-sm-3 rt-col-xs-12 '><div class=\"rt-img-holder\"><a data-id='7826' class=' rounded' href='https:\/\/ciofs.info\/es\/2026\/04\/30\/koinonia-01-2026-fruitful-and-generative-fraternal-life\/'><img decoding=\"async\" width=\"150\" height=\"99\" src=\"https:\/\/ciofs.info\/wp-content\/uploads\/2026\/04\/1Koinonia-cover1200px-150x99.jpg\" class=\"rt-img-responsive \" alt=\"Koinonia cover\" \/><\/a><\/div><\/div><div class='rt-col-sm-9 rt-col-xs-12 '><div class='rt-detail'><h2 class=\"entry-title\"><a data-id=\"7826\" class=\"\" href=\"https:\/\/ciofs.info\/es\/2026\/04\/30\/koinonia-01-2026-fruitful-and-generative-fraternal-life\/\">KOIN\u00d5NIA \u2013 01 \u2013 2026: La vida fraterna es fecunda y generadora<\/a><\/h2><div class='post-meta-user '><span class='date-meta'><i class='far fa-calendar-alt '><\/i>April 30, 2026<\/span><span class='author'><i class='fa fa-user '><\/i><a href=\"https:\/\/ciofs.info\/es\/author\/robert\/\">robert<\/a><\/span><span class='categories-links'><i class='fas fa-folder-open '><\/i><a class=\"main-page\" href=\"https:\/\/ciofs.info\/es\/category\/main-page\/\" rel=\"tag\">Main Page<\/a><span class=\"rt-separator\">,<\/span><a class=\"news\" href=\"https:\/\/ciofs.info\/es\/category\/news\/\" rel=\"tag\">News<\/a><\/span><span class=\"comment-count\"><i class='fas fa-comments '><\/i>(0)<\/span><\/div><div class='post-content'><p>Tema de 2026 \u201cLa Pascua de San Francisco, un evento de esperanza\u201d &nbsp; KOIN\u00d5NIA \u2013 01 \u2013 2026 (PDF): La vida fraterna es fecunda y generadora: \u00abEl Se\u00f1or me ha dado hermanos&#8230;\u00bb...<\/p><\/div><span class='read-more '><a data-id='7826' class='' href='https:\/\/ciofs.info\/es\/2026\/04\/30\/koinonia-01-2026-fruitful-and-generative-fraternal-life\/'>Read More<\/a><\/span><\/div><\/div><\/div><\/div><\/div><div class=\"rt-col-md-12 rt-col-sm-6 rt-col-xs-12 even-grid-item rt-grid-item\" data-id=\"7758\"><div class=\"rt-holder\"><div class=\"rt-row\"><div class='rt-col-sm-3 rt-col-xs-12 '><div class=\"rt-img-holder\"><a data-id='7758' class=' rounded' href='https:\/\/ciofs.info\/es\/2026\/04\/19\/on-going-formation-exploring-our-rule-module-3\/'><img loading=\"lazy\" decoding=\"async\" width=\"150\" height=\"106\" src=\"https:\/\/ciofs.info\/wp-content\/uploads\/2025\/09\/1tau-cord-cmyk-crp-150x106.webp\" class=\"rt-img-responsive \" alt=\"\" \/><\/a><\/div><\/div><div class='rt-col-sm-9 rt-col-xs-12 '><div class='rt-detail'><h2 class=\"entry-title\"><a data-id=\"7758\" class=\"\" href=\"https:\/\/ciofs.info\/es\/2026\/04\/19\/on-going-formation-exploring-our-rule-module-3\/\">Formaci\u00f3n permanente: Explorando nuestra Regla (M\u00f3dulo 3)<\/a><\/h2><div class='post-meta-user '><span class='date-meta'><i class='far fa-calendar-alt '><\/i>April 19, 2026<\/span><span class='author'><i class='fa fa-user '><\/i><a href=\"https:\/\/ciofs.info\/es\/author\/robert\/\">robert<\/a><\/span><span class='categories-links'><i class='fas fa-folder-open '><\/i><a class=\"formation\" href=\"https:\/\/ciofs.info\/es\/category\/offices\/formation\/\" rel=\"tag\">Formation<\/a><span class=\"rt-separator\">,<\/span><a class=\"main-page\" href=\"https:\/\/ciofs.info\/es\/category\/main-page\/\" rel=\"tag\">Main Page<\/a><span class=\"rt-separator\">,<\/span><a class=\"news\" href=\"https:\/\/ciofs.info\/es\/category\/news\/\" rel=\"tag\">News<\/a><\/span><span class=\"comment-count\"><i class='fas fa-comments '><\/i>(0)<\/span><\/div><div class='post-content'><p>La Secretar\u00eda de Formaci\u00f3n presenta el tercer m\u00f3dulo, destinado a profundizar en la comprensi\u00f3n de nuestro estilo de vida mediante el an\u00e1lisis de los art\u00edculos de nuestra Regla (la forma de vida de la OFS) (Concordancias \u2013 3) Concordancias \u2013 3 (PDF)...<\/p><\/div><span class='read-more '><a data-id='7758' class='' href='https:\/\/ciofs.info\/es\/2026\/04\/19\/on-going-formation-exploring-our-rule-module-3\/'>Read More<\/a><\/span><\/div><\/div><\/div><\/div><\/div><div class=\"rt-col-md-12 rt-col-sm-6 rt-col-xs-12 even-grid-item rt-grid-item\" data-id=\"7488\"><div class=\"rt-holder\"><div class=\"rt-row\"><div class='rt-col-sm-3 rt-col-xs-12 '><div class=\"rt-img-holder\"><a data-id='7488' class=' rounded' href='https:\/\/ciofs.info\/es\/2026\/04\/04\/auguri-di-buona-pasqua-happy-easter-feliz-pascua-joyeuses-paques\/'><img loading=\"lazy\" decoding=\"async\" width=\"150\" height=\"150\" src=\"https:\/\/ciofs.info\/wp-content\/uploads\/2026\/02\/CIOFS_logo_onlylogo_brown-300dpi-1200px-300x300-1-150x150.png\" class=\"rt-img-responsive \" alt=\"ciofs logo\" \/><\/a><\/div><\/div><div class='rt-col-sm-9 rt-col-xs-12 '><div class='rt-detail'><h2 class=\"entry-title\"><a data-id=\"7488\" class=\"\" href=\"https:\/\/ciofs.info\/es\/2026\/04\/04\/auguri-di-buona-pasqua-happy-easter-feliz-pascua-joyeuses-paques\/\">AUGURI DI BUONA PASQUA \/ HAPPY EASTER \/ FELIZ PASCUA \/ JOYEUSES PAQUES<\/a><\/h2><div class='post-meta-user '><span class='date-meta'><i class='far fa-calendar-alt '><\/i>April 4, 2026<\/span><span class='author'><i class='fa fa-user '><\/i><a href=\"https:\/\/ciofs.info\/es\/author\/robert\/\">robert<\/a><\/span><span class='categories-links'><i class='fas fa-folder-open '><\/i><a class=\"news\" href=\"https:\/\/ciofs.info\/es\/category\/news\/\" rel=\"tag\">News<\/a><\/span><span class=\"comment-count\"><i class='fas fa-comments '><\/i>(0)<\/span><\/div><div class='post-content'><p>AUGURI DI BUONA PASQUA \/ HAPPY EASTER \/ FELIZ PASCUA \/ JOYEUSES PAQUES (PDF)...<\/p><\/div><span class='read-more '><a data-id='7488' class='' href='https:\/\/ciofs.info\/es\/2026\/04\/04\/auguri-di-buona-pasqua-happy-easter-feliz-pascua-joyeuses-paques\/'>Read More<\/a><\/span><\/div><\/div><\/div><\/div><\/div><\/div><\/div><\/div>\n\t\t\t\t\t\t<\/div>\n\t\t\t\t<\/div>\n\t\t\t\t\t<\/div>\n\t\t<\/div>\n\t\t\t\t\t<\/div>\n\t\t<\/section>\n\t\t\t\t<section class=\"elementor-section elementor-top-section elementor-element elementor-element-269c4ac elementor-section-boxed elementor-section-height-default elementor-section-height-default\" data-id=\"269c4ac\" data-element_type=\"section\">\n\t\t\t\t\t\t<div class=\"elementor-container elementor-column-gap-default\">\n\t\t\t\t\t<div class=\"elementor-column elementor-col-100 elementor-top-column elementor-element elementor-element-e092c70\" data-id=\"e092c70\" data-element_type=\"column\">\n\t\t\t<div class=\"elementor-widget-wrap elementor-element-populated\">\n\t\t\t\t\t\t<div class=\"elementor-element elementor-element-b39ed96 elementor-widget elementor-widget-shortcode\" data-id=\"b39ed96\" data-element_type=\"widget\" data-widget_type=\"shortcode.default\">\n\t\t\t\t<div class=\"elementor-widget-container\">\n\t\t\t\t\t\t\t<div class=\"elementor-shortcode\"><div id=\"ajax-load-more\" class=\"ajax-load-more-wrap infinite classic\"  data-alm-id=\"\" data-canonical-url=\"https:\/\/ciofs.info\/es\/2026\/04\/04\/auguri-di-buona-pasqua-happy-easter-feliz-pascua-joyeuses-paques\/\" data-slug=\"auguri-di-buona-pasqua-happy-easter-feliz-pascua-joyeuses-paques\" data-post-id=\"7488\"  data-localized=\"ajax_load_more_vars\" data-alm-object=\"ajax_load_more\"><ul aria-live=\"polite\" aria-atomic=\"true\" class=\"alm-listing alm-ajax\" data-container-type=\"ul\" data-loading-style=\"infinite classic\" data-repeater=\"default\" data-post-type=\"post\" data-post-format=\"standard\" data-order=\"DESC\" data-orderby=\"date\" data-offset=\"5\" data-posts-per-page=\"5\" data-pause-override=\"true\" data-button-label=\"Load More\" data-prev-button-label=\"Load Previous\"><\/ul><div class=\"alm-btn-wrap\" data-rel=\"ajax-load-more\"><button class=\"alm-load-more-btn \" type=\"button\">Load More<\/button><\/div><\/div><\/div>\n\t\t\t\t\t\t<\/div>\n\t\t\t\t<\/div>\n\t\t\t\t\t<\/div>\n\t\t<\/div>\n\t\t\t\t\t<\/div>\n\t\t<\/section>\n\t\t\t\t<\/div>\n\t\t","protected":false},"excerpt":{"rendered":"<p>Latest News<\/p>\n","protected":false},"author":2,"featured_media":0,"parent":0,"menu_order":0,"comment_status":"closed","ping_status":"closed","template":"","meta":{"site-sidebar-layout":"no-sidebar","site-content-layout":"page-builder","ast-site-content-layout":"default","site-content-style":"default","site-sidebar-style":"default","ast-global-header-display":"","ast-banner-title-visibility":"","ast-main-header-display":"","ast-hfb-above-header-display":"","ast-hfb-below-header-display":"","ast-hfb-mobile-header-display":"","site-post-title":"disabled","ast-breadcrumbs-content":"","ast-featured-img":"disabled","footer-sml-layout":"","ast-disable-related-posts":"","theme-transparent-header-meta":"default","adv-header-id-meta":"","stick-header-meta":"","header-above-stick-meta":"","header-main-stick-meta":"","header-below-stick-meta":"","astra-migrate-meta-layouts":"default","ast-page-background-enabled":"default","ast-page-background-meta":{"desktop":{"background-color":"","background-image":"","background-repeat":"repeat","background-position":"center center","background-size":"auto","background-attachment":"scroll","background-type":"","background-media":"","overlay-type":"","overlay-color":"","overlay-opacity":"","overlay-gradient":""},"tablet":{"background-color":"","background-image":"","background-repeat":"repeat","background-position":"center center","background-size":"auto","background-attachment":"scroll","background-type":"","background-media":"","overlay-type":"","overlay-color":"","overlay-opacity":"","overlay-gradient":""},"mobile":{"background-color":"","background-image":"","background-repeat":"repeat","background-position":"center center","background-size":"auto","background-attachment":"scroll","background-type":"","background-media":"","overlay-type":"","overlay-color":"","overlay-opacity":"","overlay-gradient":""}},"ast-content-background-meta":{"desktop":{"background-color":"var(--ast-global-color-5)","background-image":"","background-repeat":"repeat","background-position":"center center","background-size":"auto","background-attachment":"scroll","background-type":"","background-media":"","overlay-type":"","overlay-color":"","overlay-opacity":"","overlay-gradient":""},"tablet":{"background-color":"var(--ast-global-color-5)","background-image":"","background-repeat":"repeat","background-position":"center center","background-size":"auto","background-attachment":"scroll","background-type":"","background-media":"","overlay-type":"","overlay-color":"","overlay-opacity":"","overlay-gradient":""},"mobile":{"background-color":"var(--ast-global-color-5)","background-image":"","background-repeat":"repeat","background-position":"center center","background-size":"auto","background-attachment":"scroll","background-type":"","background-media":"","overlay-type":"","overlay-color":"","overlay-opacity":"","overlay-gradient":""}},"footnotes":""},"class_list":["post-315","page","type-page","status-publish","hentry"],"translation":{"provider":"WPGlobus","version":"3.0.2","language":"es","enabled_languages":["en","it","es","fr"],"languages":{"en":{"title":true,"content":true,"excerpt":false},"it":{"title":false,"content":false,"excerpt":false},"es":{"title":false,"content":false,"excerpt":false},"fr":{"title":false,"content":false,"excerpt":false}}},"rttpg_featured_image_url":null,"rttpg_author":{"display_name":"Luk\u00e1\u0161 Erlebach","author_link":"https:\/\/ciofs.info\/es\/author\/lukas\/"},"rttpg_comment":0,"rttpg_category":"","rttpg_excerpt":"Latest News","_links":{"self":[{"href":"https:\/\/ciofs.info\/es\/wp-json\/wp\/v2\/pages\/315","targetHints":{"allow":["GET"]}}],"collection":[{"href":"https:\/\/ciofs.info\/es\/wp-json\/wp\/v2\/pages"}],"about":[{"href":"https:\/\/ciofs.info\/es\/wp-json\/wp\/v2\/types\/page"}],"author":[{"embeddable":true,"href":"https:\/\/ciofs.info\/es\/wp-json\/wp\/v2\/users\/2"}],"replies":[{"embeddable":true,"href":"https:\/\/ciofs.info\/es\/wp-json\/wp\/v2\/comments?post=315"}],"version-history":[{"count":18,"href":"https:\/\/ciofs.info\/es\/wp-json\/wp\/v2\/pages\/315\/revisions"}],"predecessor-version":[{"id":5993,"href":"https:\/\/ciofs.info\/es\/wp-json\/wp\/v2\/pages\/315\/revisions\/5993"}],"wp:attachment":[{"href":"https:\/\/ciofs.info\/es\/wp-json\/wp\/v2\/media?parent=315"}],"curies":[{"name":"wp","href":"https:\/\/api.w.org\/{rel}","templated":true}]}}