{"id":310,"date":"2019-10-11T16:10:01","date_gmt":"2019-10-11T16:10:01","guid":{"rendered":"https:\/\/ciofs.info\/?page_id=310"},"modified":"2023-03-31T15:43:38","modified_gmt":"2023-03-31T15:43:38","slug":"jpic","status":"publish","type":"page","link":"https:\/\/ciofs.info\/es\/offices\/jpic\/","title":{"rendered":"JPIC"},"content":{"rendered":"<h3>JUSTICIA, PAZ E INTEGRIDAD DE LA CREACI\u00d3N<\/h3>\n<p>Consejera de Presidencia del CIOFS: Ana Maria Raffo Laos, OFS<\/p>\n<p>La secretaria de Justicia, Paz e Integridad de la Creaci\u00f3n (JPIC) tiene el prop\u00f3sito de inspirar y de ayudar a los franciscanos seglares cuando reflexionen sobre su relaci\u00f3n con Dios y toda la creaci\u00f3n. JPIC se enfoca en las decisiones diarias que se toman en las \u00e1reas de la justicia, de la paz y del respeto por las personas y todas las cosas creadas. (ver la Regla OFS Art. 14, 15, 16, 17, 18)<\/p>\n<p><strong><span class=\"tlid-translation translation\" lang=\"es\"><span class=\"\" title=\"\">Recursos<\/span><\/span><\/strong><\/p>\n<ul>\n<li><a href=\"https:\/\/ciofs.info\/wp-content\/uploads\/2020\/03\/ES-Gua-para-el-estudio-de-Laudato-Si.pdf\">ES-Gua-para-el-estudio-de-Laudato-Si<\/a> (PDF) (Comisi\u00f3n Inter-franciscana de Justicia, Paz e Integridad de la Creaci\u00f3n)<\/li>\n<li><a href=\"https:\/\/ciofs.info\/wp-content\/uploads\/2020\/03\/ES_La_Temporada_de_la_Creacion.pdf\">Temporada de la creaci\u00f3n<\/a> &#8211; 1 de septiembre \u2013 4 de octubre: Los cristianos oran y cuidan de la creaci\u00f3n, juntos<\/li>\n<li><strong>Presencia en el Mundo<\/strong>\n<ul>\n<li><a href=\"https:\/\/ciofs.info\/wp-content\/uploads\/2020\/04\/ES-PRESENCIA-EN-EL-MUNDO-Formacion_2013_2014.pdf\">Programa de formaci\u00f3n<\/a> (2013-2014)<\/li>\n<li><a href=\"https:\/\/ciofs.info\/wp-content\/uploads\/2020\/04\/ES-Australia_proyecto_adopcion_2013.pdf\">Proyecto de Adopci\u00f3n \u2013 Australia<\/a> (2013)<\/li>\n<\/ul>\n<\/li>\n<\/ul>\n<p><strong><span class=\"tlid-translation translation\" lang=\"es\"><span class=\"\" title=\"\">M\u00e1s recursos<\/span><\/span><\/strong><\/p>\n<p><a href=\"http:\/\/www.ofmjpic.org\/recursos\/\" target=\"_blank\" rel=\"noopener noreferrer\">OFM JPIC (Oficina general de justicia, paz e integridad de la creaci\u00f3n)<\/a><a href=\"http:\/\/www.ofmjpic.org\/recursos\/\" target=\"_blank\" rel=\"noopener noreferrer\"><img decoding=\"async\" class=\"alignleft wp-image-2007\" src=\"https:\/\/ciofs.info\/wp-content\/uploads\/2020\/04\/Logo_JPICMedia-300x268-1-150x150.png\" alt=\"OFM JPIC logo\" width=\"75\" height=\"67\" \/><\/a><br \/>\n<span class=\"tlid-translation translation\" lang=\"es\"><span class=\"\" title=\"\">Folletos, documentos, herramientas.<\/span><\/span><\/p>\n<p style=\"padding-left: 40px;\"><a href=\"https:\/\/franciscansinternational.org\/home\/?L=1\" target=\"_blank\" rel=\"noopener noreferrer\"><img decoding=\"async\" class=\"alignright size-medium wp-image-2008\" src=\"https:\/\/ciofs.info\/wp-content\/uploads\/2020\/04\/FI-logo-600px-300x51.png\" alt=\"Franciscans International logo\" width=\"300\" height=\"51\" srcset=\"https:\/\/ciofs.info\/wp-content\/uploads\/2020\/04\/FI-logo-600px-300x51.png 300w, https:\/\/ciofs.info\/wp-content\/uploads\/2020\/04\/FI-logo-600px.png 600w\" sizes=\"(max-width: 300px) 100vw, 300px\" \/>Franciscans International | <\/a><span class=\"tlid-translation translation\" lang=\"es\"><span class=\"\" title=\"\">Franciscanos internacionales (sitio web en ingl\u00e9s)<\/span><\/span><br \/>\n<span class=\"tlid-translation translation\" lang=\"es\"><span class=\"\" title=\"\">Una voz en las Naciones Unidas para la dignidad humana y la justicia ambiental.<\/span><\/span><\/p>\n<hr \/>\n<style type='text\/css' media='all'>#rt-tpg-container-1446369804 .rt-holder .rt-woo-info .price{color:#0367bf;}body .rt-tpg-container .rt-tpg-isotope-buttons .selected,\n\t\t\t\t\t#rt-tpg-container-1446369804 .layout12 .rt-holder:hover .rt-detail,\n\t\t\t\t\t#rt-tpg-container-1446369804 .isotope8 .rt-holder:hover .rt-detail,\n\t\t\t\t\t#rt-tpg-container-1446369804 .carousel8 .rt-holder:hover .rt-detail,\n\t\t\t\t\t#rt-tpg-container-1446369804 .layout13 .rt-holder .overlay .post-info,\n\t\t\t\t\t#rt-tpg-container-1446369804 .isotope9 .rt-holder .overlay .post-info,\n\t\t\t\t\t#rt-tpg-container-1446369804.rt-tpg-container .layout4 .rt-holder .rt-detail,\n\t\t\t\t\t.rt-modal-1446369804 .md-content,\n\t\t\t\t\t.rt-modal-1446369804 .md-content > .rt-md-content-holder .rt-md-content,\n\t\t\t\t\t.rt-popup-wrap-1446369804.rt-popup-wrap .rt-popup-navigation-wrap,\n\t\t\t\t\t#rt-tpg-container-1446369804 .carousel9 .rt-holder .overlay .post-info{background-color:#0367bf;}#rt-tpg-container-1446369804 .layout5 .rt-holder .overlay, #rt-tpg-container-1446369804 .isotope2 .rt-holder .overlay, #rt-tpg-container-1446369804 .carousel2 .rt-holder .overlay,#rt-tpg-container-1446369804 .layout15 .rt-holder h3, #rt-tpg-container-1446369804 .isotope11 .rt-holder h3, #rt-tpg-container-1446369804 .carousel11 .rt-holder h3, #rt-tpg-container-1446369804 .layout16 .rt-holder h3,\n\t\t\t\t\t#rt-tpg-container-1446369804 .isotope12 .rt-holder h3, #rt-tpg-container-1446369804 .carousel12 .rt-holder h3 {background-color:rgba(3,103,191,0.8);}#rt-tpg-container-1446369804 .read-more a{border-radius:px;}#rt-tpg-container-1446369804 .rt-img-holder img.rt-img-responsive,#rt-tpg-container-1446369804 .rt-img-holder,\n\t\t\t\t\t#rt-tpg-container-1446369804 .rt-post-overlay .post-img,\n\t\t\t\t\t#rt-tpg-container-1446369804 .post-sm .post-img,\n\t\t\t\t\t#rt-tpg-container-1446369804 .rt-post-grid .post-img,\n\t\t\t\t\t#rt-tpg-container-1446369804 .post-img img {border-radius:px;}<\/style><div class='rt-container-fluid rt-tpg-container tpg-shortcode-main-wrapper ' id='rt-tpg-container-1446369804'   data-layout='layout3' data-grid-style='even' data-desktop-col='1'  data-tab-col='2'  data-mobile-col='1' data-sc-id='2399'><div data-title='Loading ...' class='rt-row rt-content-loader   layout3 tpg-even '><div class=\"rt-col-md-12 rt-col-sm-6 rt-col-xs-12 even-grid-item rt-grid-item\" data-id=\"6866\"><div class=\"rt-holder\"><div class=\"rt-row\"><div class='rt-col-sm-4 rt-col-xs-12 '><div class=\"rt-img-holder\"><a data-id='6866' class=' rounded' href='https:\/\/ciofs.info\/es\/2025\/09\/27\/letter-from-the-jpic-secretariat-jubilee-2025-and-hope-for-peace\/'><img decoding=\"async\" width=\"150\" height=\"150\" src=\"https:\/\/ciofs.info\/wp-content\/uploads\/2025\/05\/1CIOFS_logo_onlylogo_brown-200px-150x150.jpg\" class=\"rt-img-responsive \" alt=\"CIOFS logo\" \/><\/a><\/div><\/div><div class='rt-col-sm-8 rt-col-xs-12 '><div class='rt-detail'><h2 class=\"entry-title\"><a data-id=\"6866\" class=\"\" href=\"https:\/\/ciofs.info\/es\/2025\/09\/27\/letter-from-the-jpic-secretariat-jubilee-2025-and-hope-for-peace\/\">Carta del Secretariado JPIC &#8211; Jubileo 2025 y esperanza de paz<\/a><\/h2><div class='post-meta-user '><span class='date-meta'><i class='far fa-calendar-alt '><\/i>September 27, 2025<\/span><span class='author'><i class='fa fa-user '><\/i><a href=\"https:\/\/ciofs.info\/es\/author\/robert\/\">robert<\/a><\/span><span class='categories-links'><i class='fas fa-folder-open '><\/i><a class=\"jpic\" href=\"https:\/\/ciofs.info\/es\/category\/offices\/jpic\/\" rel=\"tag\">Jpic<\/a><span class=\"rt-separator\">,<\/span><a class=\"main-page\" href=\"https:\/\/ciofs.info\/es\/category\/main-page\/\" rel=\"tag\">Main Page<\/a><span class=\"rt-separator\">,<\/span><a class=\"news\" href=\"https:\/\/ciofs.info\/es\/category\/news\/\" rel=\"tag\">News<\/a><\/span><\/div><div class='post-content'><p>Jubileo 2025 y esperanza de paz (PDF)...<\/p><\/div><span class='read-more '><a data-id='6866' class='' href='https:\/\/ciofs.info\/es\/2025\/09\/27\/letter-from-the-jpic-secretariat-jubilee-2025-and-hope-for-peace\/'>Read More<\/a><\/span><\/div><\/div><\/div><\/div><\/div><div class=\"rt-col-md-12 rt-col-sm-6 rt-col-xs-12 even-grid-item rt-grid-item\" data-id=\"5530\"><div class=\"rt-holder\"><div class=\"rt-row\"><div class='rt-col-sm-4 rt-col-xs-12 '><div class=\"rt-img-holder\"><a data-id='5530' class=' rounded' href='https:\/\/ciofs.info\/es\/2024\/04\/09\/letter-on-peace-and-disarmament\/'><img loading=\"lazy\" decoding=\"async\" width=\"150\" height=\"150\" src=\"https:\/\/ciofs.info\/wp-content\/uploads\/2022\/02\/CIOFS-logo1-150x150.gif\" class=\"rt-img-responsive \" alt=\"CIOFS emblem\" \/><\/a><\/div><\/div><div class='rt-col-sm-8 rt-col-xs-12 '><div class='rt-detail'><h2 class=\"entry-title\"><a data-id=\"5530\" class=\"\" href=\"https:\/\/ciofs.info\/es\/2024\/04\/09\/letter-on-peace-and-disarmament\/\">Carta sobre la paz y el desarme<\/a><\/h2><div class='post-meta-user '><span class='date-meta'><i class='far fa-calendar-alt '><\/i>April 9, 2024<\/span><span class='author'><i class='fa fa-user '><\/i><a href=\"https:\/\/ciofs.info\/es\/author\/robert\/\">robert<\/a><\/span><span class='categories-links'><i class='fas fa-folder-open '><\/i><a class=\"circulars-other-documents\" href=\"https:\/\/ciofs.info\/es\/category\/library\/circulars-other-documents\/\" rel=\"tag\">Circulars \/ Other Documents<\/a><span class=\"rt-separator\">,<\/span><a class=\"jpic\" href=\"https:\/\/ciofs.info\/es\/category\/offices\/jpic\/\" rel=\"tag\">Jpic<\/a><span class=\"rt-separator\">,<\/span><a class=\"main-page\" href=\"https:\/\/ciofs.info\/es\/category\/main-page\/\" rel=\"tag\">Main Page<\/a><span class=\"rt-separator\">,<\/span><a class=\"news\" href=\"https:\/\/ciofs.info\/es\/category\/news\/\" rel=\"tag\">News<\/a><\/span><\/div><div class='post-content'><p>Carta sobre la paz y el desarme PDF...<\/p><\/div><span class='read-more '><a data-id='5530' class='' href='https:\/\/ciofs.info\/es\/2024\/04\/09\/letter-on-peace-and-disarmament\/'>Read More<\/a><\/span><\/div><\/div><\/div><\/div><\/div><div class=\"rt-col-md-12 rt-col-sm-6 rt-col-xs-12 even-grid-item rt-grid-item\" data-id=\"3740\"><div class=\"rt-holder\"><div class=\"rt-row\"><div class='rt-col-sm-4 rt-col-xs-12 '><div class=\"rt-img-holder\"><a data-id='3740' class=' rounded' href='https:\/\/ciofs.info\/es\/2021\/10\/01\/course-on-laudato-si-on-franciscan-jpic-website\/'><img loading=\"lazy\" decoding=\"async\" width=\"150\" height=\"150\" src=\"https:\/\/ciofs.info\/wp-content\/uploads\/2021\/10\/1Girl-Praying-1018978624-crp-1200px-150x150.jpg\" class=\"rt-img-responsive \" alt=\"girl praying\" \/><\/a><\/div><\/div><div class='rt-col-sm-8 rt-col-xs-12 '><div class='rt-detail'><h2 class=\"entry-title\"><a data-id=\"3740\" class=\"\" href=\"https:\/\/ciofs.info\/es\/2021\/10\/01\/course-on-laudato-si-on-franciscan-jpic-website\/\">Curso sobre Laudato Si en el sitio web franciscano de JPIC<\/a><\/h2><div class='post-meta-user '><span class='date-meta'><i class='far fa-calendar-alt '><\/i>October 1, 2021<\/span><span class='author'><i class='fa fa-user '><\/i><a href=\"https:\/\/ciofs.info\/es\/author\/robert\/\">robert<\/a><\/span><span class='categories-links'><i class='fas fa-folder-open '><\/i><a class=\"jpic\" href=\"https:\/\/ciofs.info\/es\/category\/offices\/jpic\/\" rel=\"tag\">Jpic<\/a><span class=\"rt-separator\">,<\/span><a class=\"main-page\" href=\"https:\/\/ciofs.info\/es\/category\/main-page\/\" rel=\"tag\">Main Page<\/a><span class=\"rt-separator\">,<\/span><a class=\"news\" href=\"https:\/\/ciofs.info\/es\/category\/news\/\" rel=\"tag\">News<\/a><\/span><\/div><div class='post-content'><p>La Comisi\u00f3n Inter-Franciscana por la Justicia, la Paz y la Integridad de la Creaci\u00f3n (informalmente conocida como Romanos VI) ha convertido un seminario web sobre &#8220;Laudato Si&#8221; en un curso de autoaprendizaje en l\u00ednea. El curso de la Plataforma de Acci\u00f3n &#8220;Laudato Si&#8221; incorpora videos, PowerPoint y texto de las presentaciones matutinas y vespertinas del...<\/p><\/div><span class='read-more '><a data-id='3740' class='' href='https:\/\/ciofs.info\/es\/2021\/10\/01\/course-on-laudato-si-on-franciscan-jpic-website\/'>Read More<\/a><\/span><\/div><\/div><\/div><\/div><\/div><div class=\"rt-col-md-12 rt-col-sm-6 rt-col-xs-12 even-grid-item rt-grid-item\" data-id=\"3283\"><div class=\"rt-holder\"><div class=\"rt-row\"><div class='rt-col-sm-4 rt-col-xs-12 '><div class=\"rt-img-holder\"><a data-id='3283' class=' rounded' href='https:\/\/ciofs.info\/es\/2021\/01\/14\/well4africa-fundraising-campaign-in-canada\/'><img loading=\"lazy\" decoding=\"async\" width=\"150\" height=\"150\" src=\"https:\/\/ciofs.info\/wp-content\/uploads\/2021\/01\/Logo-Canada-JPIC-150x150.png\" class=\"rt-img-responsive \" alt=\"logo Canada OFS\" \/><\/a><\/div><\/div><div class='rt-col-sm-8 rt-col-xs-12 '><div class='rt-detail'><h2 class=\"entry-title\"><a data-id=\"3283\" class=\"\" href=\"https:\/\/ciofs.info\/es\/2021\/01\/14\/well4africa-fundraising-campaign-in-canada\/\">Campa\u00f1a de recaudaci\u00f3n de fondos &#8220;Well4Africa&#8221; en Canad\u00e1<\/a><\/h2><div class='post-meta-user '><span class='date-meta'><i class='far fa-calendar-alt '><\/i>January 14, 2021<\/span><span class='author'><i class='fa fa-user '><\/i><a href=\"https:\/\/ciofs.info\/es\/author\/robert\/\">robert<\/a><\/span><span class='categories-links'><i class='fas fa-folder-open '><\/i><a class=\"jpic\" href=\"https:\/\/ciofs.info\/es\/category\/offices\/jpic\/\" rel=\"tag\">Jpic<\/a><span class=\"rt-separator\">,<\/span><a class=\"main-page\" href=\"https:\/\/ciofs.info\/es\/category\/main-page\/\" rel=\"tag\">Main Page<\/a><span class=\"rt-separator\">,<\/span><a class=\"news\" href=\"https:\/\/ciofs.info\/es\/category\/news\/\" rel=\"tag\">News<\/a><span class=\"rt-separator\">,<\/span><a class=\"well4africa\" href=\"https:\/\/ciofs.info\/es\/category\/projects\/well4africa\/\" rel=\"tag\">Well4Africa<\/a><\/span><\/div><div class='post-content'><p>La iniciativa social &#8220;Well4Africa&#8221; tiene la suerte de compartir un mensaje que creemos ser\u00e1 un gran testimonio del esp\u00edritu franciscano para toda la Orden. A principios de 2020, el Equipo Nacional de JPIC de la Orden Franciscana Seglar de Canad\u00e1 decidi\u00f3 ayudar a nuestros hermanos y hermanas de \u00c1frica uni\u00e9ndose a la iniciativa del CIOFS...<\/p><\/div><span class='read-more '><a data-id='3283' class='' href='https:\/\/ciofs.info\/es\/2021\/01\/14\/well4africa-fundraising-campaign-in-canada\/'>Read More<\/a><\/span><\/div><\/div><\/div><\/div><\/div><div class=\"rt-col-md-12 rt-col-sm-6 rt-col-xs-12 even-grid-item rt-grid-item\" data-id=\"3121\"><div class=\"rt-holder\"><div class=\"rt-row\"><div class='rt-col-sm-4 rt-col-xs-12 '><div class=\"rt-img-holder\"><a data-id='3121' class=' rounded' href='https:\/\/ciofs.info\/es\/2020\/12\/30\/well4africa-news-and-annual-report-2020\/'><img loading=\"lazy\" decoding=\"async\" width=\"150\" height=\"150\" src=\"https:\/\/ciofs.info\/wp-content\/uploads\/2020\/12\/1African-boy-clean-water-150x150.jpg\" class=\"rt-img-responsive \" alt=\"Boy drinking clean water\" \/><\/a><\/div><\/div><div class='rt-col-sm-8 rt-col-xs-12 '><div class='rt-detail'><h2 class=\"entry-title\"><a data-id=\"3121\" class=\"\" href=\"https:\/\/ciofs.info\/es\/2020\/12\/30\/well4africa-news-and-annual-report-2020\/\">Well4Africa news y el informe anual 2020<\/a><\/h2><div class='post-meta-user '><span class='date-meta'><i class='far fa-calendar-alt '><\/i>December 30, 2020<\/span><span class='author'><i class='fa fa-user '><\/i><a href=\"https:\/\/ciofs.info\/es\/author\/robert\/\">robert<\/a><\/span><span class='categories-links'><i class='fas fa-folder-open '><\/i><a class=\"jpic\" href=\"https:\/\/ciofs.info\/es\/category\/offices\/jpic\/\" rel=\"tag\">Jpic<\/a><span class=\"rt-separator\">,<\/span><a class=\"main-page\" href=\"https:\/\/ciofs.info\/es\/category\/main-page\/\" rel=\"tag\">Main Page<\/a><span class=\"rt-separator\">,<\/span><a class=\"news\" href=\"https:\/\/ciofs.info\/es\/category\/news\/\" rel=\"tag\">News<\/a><span class=\"rt-separator\">,<\/span><a class=\"well4africa\" href=\"https:\/\/ciofs.info\/es\/category\/projects\/well4africa\/\" rel=\"tag\">Well4Africa<\/a><\/span><\/div><div class='post-content'><p>ha ejecutado plenamente 6 proyectos de agua y tiene 2 m\u00e1s en marcha La iniciativa social &#8220;Well4Africa&#8221; naci\u00f3 como un fruto particular en el 3\u00ba Congreso Europeo de la OFS y la JuFra, que tuvo lugar en Lituania en 2018. Dado que el tema de este Congreso era &#8220;El que cree en m\u00ed, r\u00edos de...<\/p><\/div><span class='read-more '><a data-id='3121' class='' href='https:\/\/ciofs.info\/es\/2020\/12\/30\/well4africa-news-and-annual-report-2020\/'>Read More<\/a><\/span><\/div><\/div><\/div><\/div><\/div><\/div><\/div>\n","protected":false},"excerpt":{"rendered":"<p>JUSTICIA, PAZ E INTEGRIDAD DE LA CREACI\u00d3N Consejera de Presidencia del CIOFS: Ana Maria Raffo Laos, OFS La secretaria de Justicia, Paz e Integridad de la Creaci\u00f3n (JPIC) tiene el prop\u00f3sito de inspirar y de ayudar a los franciscanos seglares cuando reflexionen sobre su relaci\u00f3n con Dios y toda la creaci\u00f3n. JPIC se enfoca en [&hellip;]<\/p>\n","protected":false},"author":2,"featured_media":514,"parent":299,"menu_order":0,"comment_status":"closed","ping_status":"closed","template":"","meta":{"site-sidebar-layout":"no-sidebar","site-content-layout":"default","ast-site-content-layout":"default","site-content-style":"default","site-sidebar-style":"default","ast-global-header-display":"","ast-banner-title-visibility":"","ast-main-header-display":"","ast-hfb-above-header-display":"","ast-hfb-below-header-display":"","ast-hfb-mobile-header-display":"","site-post-title":"disabled","ast-breadcrumbs-content":"","ast-featured-img":"","footer-sml-layout":"","ast-disable-related-posts":"","theme-transparent-header-meta":"default","adv-header-id-meta":"","stick-header-meta":"","header-above-stick-meta":"","header-main-stick-meta":"","header-below-stick-meta":"","astra-migrate-meta-layouts":"default","ast-page-background-enabled":"default","ast-page-background-meta":{"desktop":{"background-color":"","background-image":"","background-repeat":"repeat","background-position":"center center","background-size":"auto","background-attachment":"scroll","background-type":"","background-media":"","overlay-type":"","overlay-color":"","overlay-opacity":"","overlay-gradient":""},"tablet":{"background-color":"","background-image":"","background-repeat":"repeat","background-position":"center center","background-size":"auto","background-attachment":"scroll","background-type":"","background-media":"","overlay-type":"","overlay-color":"","overlay-opacity":"","overlay-gradient":""},"mobile":{"background-color":"","background-image":"","background-repeat":"repeat","background-position":"center center","background-size":"auto","background-attachment":"scroll","background-type":"","background-media":"","overlay-type":"","overlay-color":"","overlay-opacity":"","overlay-gradient":""}},"ast-content-background-meta":{"desktop":{"background-color":"var(--ast-global-color-5)","background-image":"","background-repeat":"repeat","background-position":"center center","background-size":"auto","background-attachment":"scroll","background-type":"","background-media":"","overlay-type":"","overlay-color":"","overlay-opacity":"","overlay-gradient":""},"tablet":{"background-color":"var(--ast-global-color-5)","background-image":"","background-repeat":"repeat","background-position":"center center","background-size":"auto","background-attachment":"scroll","background-type":"","background-media":"","overlay-type":"","overlay-color":"","overlay-opacity":"","overlay-gradient":""},"mobile":{"background-color":"var(--ast-global-color-5)","background-image":"","background-repeat":"repeat","background-position":"center center","background-size":"auto","background-attachment":"scroll","background-type":"","background-media":"","overlay-type":"","overlay-color":"","overlay-opacity":"","overlay-gradient":""}},"footnotes":""},"class_list":["post-310","page","type-page","status-publish","has-post-thumbnail","hentry"],"translation":{"provider":"WPGlobus","version":"3.0.2","language":"es","enabled_languages":["en","it","es","fr"],"languages":{"en":{"title":true,"content":true,"excerpt":false},"it":{"title":true,"content":true,"excerpt":false},"es":{"title":true,"content":true,"excerpt":false},"fr":{"title":true,"content":true,"excerpt":false}}},"rttpg_featured_image_url":{"full":["https:\/\/ciofs.info\/wp-content\/uploads\/2019\/10\/dove-3426187crp1.jpg",2400,966,false],"landscape":["https:\/\/ciofs.info\/wp-content\/uploads\/2019\/10\/dove-3426187crp1.jpg",2400,966,false],"portraits":["https:\/\/ciofs.info\/wp-content\/uploads\/2019\/10\/dove-3426187crp1.jpg",2400,966,false],"thumbnail":["https:\/\/ciofs.info\/wp-content\/uploads\/2019\/10\/dove-3426187crp1-150x150.jpg",150,150,true],"medium":["https:\/\/ciofs.info\/wp-content\/uploads\/2019\/10\/dove-3426187crp1-300x121.jpg",300,121,true],"large":["https:\/\/ciofs.info\/wp-content\/uploads\/2019\/10\/dove-3426187crp1-1024x412.jpg",1024,412,true],"1536x1536":["https:\/\/ciofs.info\/wp-content\/uploads\/2019\/10\/dove-3426187crp1.jpg",1536,618,false],"2048x2048":["https:\/\/ciofs.info\/wp-content\/uploads\/2019\/10\/dove-3426187crp1.jpg",2048,824,false],"alm-thumbnail":["https:\/\/ciofs.info\/wp-content\/uploads\/2019\/10\/dove-3426187crp1.jpg",150,60,false]},"rttpg_author":{"display_name":"Luk\u00e1\u0161 Erlebach","author_link":"https:\/\/ciofs.info\/es\/author\/lukas\/"},"rttpg_comment":0,"rttpg_category":"","rttpg_excerpt":"JUSTICIA, PAZ E INTEGRIDAD DE LA CREACI\u00d3N Consejera de Presidencia del CIOFS: Ana Maria Raffo Laos, OFS La secretaria de Justicia, Paz e Integridad de la Creaci\u00f3n (JPIC) tiene el prop\u00f3sito de inspirar y de ayudar a los franciscanos seglares cuando reflexionen sobre su relaci\u00f3n con Dios y toda la creaci\u00f3n. JPIC se enfoca en&hellip;","_links":{"self":[{"href":"https:\/\/ciofs.info\/es\/wp-json\/wp\/v2\/pages\/310","targetHints":{"allow":["GET"]}}],"collection":[{"href":"https:\/\/ciofs.info\/es\/wp-json\/wp\/v2\/pages"}],"about":[{"href":"https:\/\/ciofs.info\/es\/wp-json\/wp\/v2\/types\/page"}],"author":[{"embeddable":true,"href":"https:\/\/ciofs.info\/es\/wp-json\/wp\/v2\/users\/2"}],"replies":[{"embeddable":true,"href":"https:\/\/ciofs.info\/es\/wp-json\/wp\/v2\/comments?post=310"}],"version-history":[{"count":64,"href":"https:\/\/ciofs.info\/es\/wp-json\/wp\/v2\/pages\/310\/revisions"}],"predecessor-version":[{"id":4950,"href":"https:\/\/ciofs.info\/es\/wp-json\/wp\/v2\/pages\/310\/revisions\/4950"}],"up":[{"embeddable":true,"href":"https:\/\/ciofs.info\/es\/wp-json\/wp\/v2\/pages\/299"}],"wp:featuredmedia":[{"embeddable":true,"href":"https:\/\/ciofs.info\/es\/wp-json\/wp\/v2\/media\/514"}],"wp:attachment":[{"href":"https:\/\/ciofs.info\/es\/wp-json\/wp\/v2\/media?parent=310"}],"curies":[{"name":"wp","href":"https:\/\/api.w.org\/{rel}","templated":true}]}}