{"id":303,"date":"2019-10-11T16:08:20","date_gmt":"2019-10-11T16:08:20","guid":{"rendered":"https:\/\/ciofs.info\/?page_id=303"},"modified":"2025-01-11T06:34:24","modified_gmt":"2025-01-11T06:34:24","slug":"family","status":"publish","type":"page","link":"https:\/\/ciofs.info\/es\/offices\/family\/","title":{"rendered":"FAMILIA"},"content":{"rendered":"<h4>COMISI\u00d3N FAMILIA<\/h4>\n<p>Adolph Assagba, OFS<\/p>\n<p><a href=\"https:\/\/ciofs.info\/es\/offices\/family\/annual-themes\/\">temas anuales anteriores<\/a><\/p>\n<style type='text\/css' media='all'>#rt-tpg-container-457648854 .rt-holder .rt-woo-info .price{color:#0367bf;}body .rt-tpg-container .rt-tpg-isotope-buttons .selected,\n\t\t\t\t\t#rt-tpg-container-457648854 .layout12 .rt-holder:hover .rt-detail,\n\t\t\t\t\t#rt-tpg-container-457648854 .isotope8 .rt-holder:hover .rt-detail,\n\t\t\t\t\t#rt-tpg-container-457648854 .carousel8 .rt-holder:hover .rt-detail,\n\t\t\t\t\t#rt-tpg-container-457648854 .layout13 .rt-holder .overlay .post-info,\n\t\t\t\t\t#rt-tpg-container-457648854 .isotope9 .rt-holder .overlay .post-info,\n\t\t\t\t\t#rt-tpg-container-457648854.rt-tpg-container .layout4 .rt-holder .rt-detail,\n\t\t\t\t\t.rt-modal-457648854 .md-content,\n\t\t\t\t\t.rt-modal-457648854 .md-content > .rt-md-content-holder .rt-md-content,\n\t\t\t\t\t.rt-popup-wrap-457648854.rt-popup-wrap .rt-popup-navigation-wrap,\n\t\t\t\t\t#rt-tpg-container-457648854 .carousel9 .rt-holder .overlay .post-info{background-color:#0367bf;}#rt-tpg-container-457648854 .layout5 .rt-holder .overlay, #rt-tpg-container-457648854 .isotope2 .rt-holder .overlay, #rt-tpg-container-457648854 .carousel2 .rt-holder .overlay,#rt-tpg-container-457648854 .layout15 .rt-holder h3, #rt-tpg-container-457648854 .isotope11 .rt-holder h3, #rt-tpg-container-457648854 .carousel11 .rt-holder h3, #rt-tpg-container-457648854 .layout16 .rt-holder h3,\n\t\t\t\t\t#rt-tpg-container-457648854 .isotope12 .rt-holder h3, #rt-tpg-container-457648854 .carousel12 .rt-holder h3 {background-color:rgba(3,103,191,0.8);}#rt-tpg-container-457648854 .read-more a{border-radius:px;}#rt-tpg-container-457648854 .rt-img-holder img.rt-img-responsive,#rt-tpg-container-457648854 .rt-img-holder,\n\t\t\t\t\t#rt-tpg-container-457648854 .rt-post-overlay .post-img,\n\t\t\t\t\t#rt-tpg-container-457648854 .post-sm .post-img,\n\t\t\t\t\t#rt-tpg-container-457648854 .rt-post-grid .post-img,\n\t\t\t\t\t#rt-tpg-container-457648854 .post-img img {border-radius:px;}<\/style><div class='rt-container-fluid rt-tpg-container tpg-shortcode-main-wrapper ' id='rt-tpg-container-457648854'   data-layout='layout1' data-grid-style='even' data-desktop-col='3'  data-tab-col='2'  data-mobile-col='1' data-sc-id='6401'><div data-title='Loading ...' class='rt-row rt-content-loader   layout1 tpg-even '><div class=\"rt-col-md-4 rt-col-sm-6 rt-col-xs-12 even-grid-item rt-grid-item\" data-id=\"7180\"><div class=\"rt-holder\"><div class=\"rt-img-holder\"><a data-id=\"7180\" class=\"\" href=\"https:\/\/ciofs.info\/es\/2026\/02\/17\/secular-franciscans-in-the-contemporary-world-material-from-family-commission\/\"><img fetchpriority=\"high\" decoding=\"async\" width=\"900\" height=\"551\" src=\"https:\/\/ciofs.info\/wp-content\/uploads\/2026\/02\/1cover-image-from-EN-CIOFS-Family-Commission-2026-crp-900px.jpg\" class=\"rt-img-responsive \" alt=\"Cover of family commission material\" \/><\/a><\/div><div class='rt-detail'><h3 class=\"entry-title\"><a data-id=\"7180\" class=\"\" href=\"https:\/\/ciofs.info\/es\/2026\/02\/17\/secular-franciscans-in-the-contemporary-world-material-from-family-commission\/\">Los franciscanos seglares en el mundo contempor\u00e1neo (material de la Comisi\u00f3n de la Familia)<\/a><\/h3><div class='post-meta-user  '><span class='date'><i class='far fa-calendar-alt '><\/i>February 17, 2026<\/span><\/div><div class='tpg-excerpt'>La OFS y los retos del mundo contempor\u00e1neo (PDF)...<\/div><div class='post-meta '><span class='read-more'><a data-id='7180' class='' href='https:\/\/ciofs.info\/es\/2026\/02\/17\/secular-franciscans-in-the-contemporary-world-material-from-family-commission\/'>Read More<\/a><\/span><\/div><\/div><\/div><\/div><div class=\"rt-col-md-4 rt-col-sm-6 rt-col-xs-12 even-grid-item rt-grid-item\" data-id=\"6573\"><div class=\"rt-holder\"><div class=\"rt-img-holder\"><a data-id=\"6573\" class=\"\" href=\"https:\/\/ciofs.info\/es\/2025\/04\/23\/trials-and-sufferings-of-families\/\"><img decoding=\"async\" width=\"1240\" height=\"335\" src=\"https:\/\/ciofs.info\/wp-content\/uploads\/2025\/04\/1LogoFamily-Commission.jpg\" class=\"rt-img-responsive \" alt=\"logo family commission\" \/><\/a><\/div><div class='rt-detail'><h3 class=\"entry-title\"><a data-id=\"6573\" class=\"\" href=\"https:\/\/ciofs.info\/es\/2025\/04\/23\/trials-and-sufferings-of-families\/\">PRUEBAS Y SUFRIMIENTOS DE LAS FAMILIAS<\/a><\/h3><div class='post-meta-user  '><span class='date'><i class='far fa-calendar-alt '><\/i>April 23, 2025<\/span><\/div><div class='tpg-excerpt'>La Comisi\u00f3n de la Familia propone una reflexi\u00f3n sobre las pruebas y sufrimientos de las...<\/div><div class='post-meta '><span class='read-more'><a data-id='6573' class='' href='https:\/\/ciofs.info\/es\/2025\/04\/23\/trials-and-sufferings-of-families\/'>Read More<\/a><\/span><\/div><\/div><\/div><\/div><div class=\"rt-col-md-4 rt-col-sm-6 rt-col-xs-12 even-grid-item rt-grid-item\" data-id=\"5659\"><div class=\"rt-holder\"><div class=\"rt-img-holder\"><a data-id=\"5659\" class=\"\" href=\"https:\/\/ciofs.info\/es\/2024\/06\/28\/10-commandments-of-parenting-al-a-francis\/\"><img decoding=\"async\" width=\"1200\" height=\"614\" src=\"https:\/\/ciofs.info\/wp-content\/uploads\/2024\/06\/1family-praying-at-meal-843889552-crp-1200px.jpg\" class=\"rt-img-responsive \" alt=\"Family prays at meal\" \/><\/a><\/div><div class='rt-detail'><h3 class=\"entry-title\"><a data-id=\"5659\" class=\"\" href=\"https:\/\/ciofs.info\/es\/2024\/06\/28\/10-commandments-of-parenting-al-a-francis\/\">Los Diez Mandamientos de la Paternidad Franciscana<\/a><\/h3><div class='post-meta-user  '><span class='date'><i class='far fa-calendar-alt '><\/i>June 28, 2024<\/span><\/div><div class='tpg-excerpt'>De la Comisi\u00f3n de la Familia, CIOFS Diez Mandamientos de la Paternidad...<\/div><div class='post-meta '><span class='read-more'><a data-id='5659' class='' href='https:\/\/ciofs.info\/es\/2024\/06\/28\/10-commandments-of-parenting-al-a-francis\/'>Read More<\/a><\/span><\/div><\/div><\/div><\/div><div class=\"rt-col-md-4 rt-col-sm-6 rt-col-xs-12 even-grid-item rt-grid-item\" data-id=\"3804\"><div class=\"rt-holder\"><div class=\"rt-img-holder\"><a data-id=\"3804\" class=\"\" href=\"https:\/\/ciofs.info\/es\/2021\/11\/07\/the-family-and-caring-for-our-common-home\/\"><img loading=\"lazy\" decoding=\"async\" width=\"1200\" height=\"363\" src=\"https:\/\/ciofs.info\/wp-content\/uploads\/2021\/11\/11ecology-globe-1313900693-1200px.jpg\" class=\"rt-img-responsive \" alt=\"ecology - globe\" \/><\/a><\/div><div class='rt-detail'><h3 class=\"entry-title\"><a data-id=\"3804\" class=\"\" href=\"https:\/\/ciofs.info\/es\/2021\/11\/07\/the-family-and-caring-for-our-common-home\/\">La Familia Y El Cuidado De Nuestra Casa Comun<\/a><\/h3><div class='post-meta-user  '><span class='date'><i class='far fa-calendar-alt '><\/i>November 7, 2021<\/span><\/div><div class='tpg-excerpt'>Como comisi\u00f3n familia queremos proponer este tema para las fraternidades teniendo en cuenta el gran...<\/div><div class='post-meta '><span class='read-more'><a data-id='3804' class='' href='https:\/\/ciofs.info\/es\/2021\/11\/07\/the-family-and-caring-for-our-common-home\/'>Read More<\/a><\/span><\/div><\/div><\/div><\/div><div class=\"rt-col-md-4 rt-col-sm-6 rt-col-xs-12 even-grid-item rt-grid-item\" data-id=\"3596\"><div class=\"rt-holder\"><div class=\"rt-img-holder\"><a data-id=\"3596\" class=\"\" href=\"https:\/\/ciofs.info\/es\/2021\/06\/14\/la-famille-de-jesus-un-chemin-a-suivre\/\"><img loading=\"lazy\" decoding=\"async\" width=\"286\" height=\"232\" src=\"https:\/\/ciofs.info\/wp-content\/uploads\/2021\/06\/JesusFamily.jpg\" class=\"rt-img-responsive \" alt=\"\" \/><\/a><\/div><div class='rt-detail'><h3 class=\"entry-title\"><a data-id=\"3596\" class=\"\" href=\"https:\/\/ciofs.info\/es\/2021\/06\/14\/la-famille-de-jesus-un-chemin-a-suivre\/\">La familia de Jes\u00fas, un camino a seguir<\/a><\/h3><div class='post-meta-user  '><span class='date'><i class='far fa-calendar-alt '><\/i>June 14, 2021<\/span><\/div><div class='tpg-excerpt'>Queridos hermanos y hermanas, En este peque\u00f1o espacio de reflexi\u00f3n queremos seguir reflexionando sobre la...<\/div><div class='post-meta '><span class='read-more'><a data-id='3596' class='' href='https:\/\/ciofs.info\/es\/2021\/06\/14\/la-famille-de-jesus-un-chemin-a-suivre\/'>Read More<\/a><\/span><\/div><\/div><\/div><\/div><div class=\"rt-col-md-4 rt-col-sm-6 rt-col-xs-12 even-grid-item rt-grid-item\" data-id=\"3400\"><div class=\"rt-holder\"><div class=\"rt-img-holder\"><a data-id=\"3400\" class=\"\" href=\"https:\/\/ciofs.info\/es\/2021\/03\/05\/2021-teme-annuel-commission-famille\/\"><img loading=\"lazy\" decoding=\"async\" width=\"254\" height=\"342\" src=\"https:\/\/ciofs.info\/wp-content\/uploads\/2021\/03\/2021Family.jpg\" class=\"rt-img-responsive \" alt=\"\" \/><\/a><\/div><div class='rt-detail'><h3 class=\"entry-title\"><a data-id=\"3400\" class=\"\" href=\"https:\/\/ciofs.info\/es\/2021\/03\/05\/2021-teme-annuel-commission-famille\/\">2021 Tema anual Comisi\u00f3n Familia<\/a><\/h3><div class='post-meta-user  '><span class='date'><i class='far fa-calendar-alt '><\/i>March 5, 2021<\/span><\/div><div class='tpg-excerpt'>En este sexto material que enviamos a todas las fraternidades, les estamos proponiendo como comisi\u00f3n...<\/div><div class='post-meta '><span class='read-more'><a data-id='3400' class='' href='https:\/\/ciofs.info\/es\/2021\/03\/05\/2021-teme-annuel-commission-famille\/'>Read More<\/a><\/span><\/div><\/div><\/div><\/div><div class=\"rt-col-md-4 rt-col-sm-6 rt-col-xs-12 even-grid-item rt-grid-item\" data-id=\"3187\"><div class=\"rt-holder\"><div class=\"rt-img-holder\"><a data-id=\"3187\" class=\"\" href=\"https:\/\/ciofs.info\/es\/2021\/01\/10\/a-reflection-on-family-and-the-pandemic\/\"><img loading=\"lazy\" decoding=\"async\" width=\"1200\" height=\"321\" src=\"https:\/\/ciofs.info\/wp-content\/uploads\/2021\/01\/1family-diversity-1142924504-crop-1200px.jpg\" class=\"rt-img-responsive \" alt=\"family\" \/><\/a><\/div><div class='rt-detail'><h3 class=\"entry-title\"><a data-id=\"3187\" class=\"\" href=\"https:\/\/ciofs.info\/es\/2021\/01\/10\/a-reflection-on-family-and-the-pandemic\/\">Una reflexi\u00f3n sobre la familia y la pandemia<\/a><\/h3><div class='post-meta-user  '><span class='date'><i class='far fa-calendar-alt '><\/i>January 10, 2021<\/span><\/div><div class='tpg-excerpt'>La Comisi\u00f3n Familia ofrece una reflexi\u00f3n para que las fraternidades debatan: La Familia y la...<\/div><div class='post-meta '><span class='read-more'><a data-id='3187' class='' href='https:\/\/ciofs.info\/es\/2021\/01\/10\/a-reflection-on-family-and-the-pandemic\/'>Read More<\/a><\/span><\/div><\/div><\/div><\/div><div class=\"rt-col-md-4 rt-col-sm-6 rt-col-xs-12 even-grid-item rt-grid-item\" data-id=\"2841\"><div class=\"rt-holder\"><div class=\"rt-img-holder\"><a data-id=\"2841\" class=\"\" href=\"https:\/\/ciofs.info\/es\/2020\/10\/15\/les-jeunes-dans-nos-fraternites-realite-protagonisme-et-accompagnement\/\"><img loading=\"lazy\" decoding=\"async\" width=\"216\" height=\"238\" src=\"https:\/\/ciofs.info\/wp-content\/uploads\/2020\/06\/Family-Commission.jpg\" class=\"rt-img-responsive \" alt=\"\" \/><\/a><\/div><div class='rt-detail'><h3 class=\"entry-title\"><a data-id=\"2841\" class=\"\" href=\"https:\/\/ciofs.info\/es\/2020\/10\/15\/les-jeunes-dans-nos-fraternites-realite-protagonisme-et-accompagnement\/\">Los\/las j\u00f3venes en nuestra fraternidad: realidades, protagonismo y acompa\u00f1amiento<\/a><\/h3><div class='post-meta-user  '><span class='date'><i class='far fa-calendar-alt '><\/i>October 15, 2020<\/span><\/div><div class='tpg-excerpt'>Como comisi\u00f3n familia queremos proponer especial atenci\u00f3n a los j\u00f3venes que ingresan a nuestra Orden...<\/div><div class='post-meta '><span class='read-more'><a data-id='2841' class='' href='https:\/\/ciofs.info\/es\/2020\/10\/15\/les-jeunes-dans-nos-fraternites-realite-protagonisme-et-accompagnement\/'>Read More<\/a><\/span><\/div><\/div><\/div><\/div><div class=\"rt-col-md-4 rt-col-sm-6 rt-col-xs-12 even-grid-item rt-grid-item\" data-id=\"2596\"><div class=\"rt-holder\"><div class=\"rt-img-holder\"><a data-id=\"2596\" class=\"\" href=\"https:\/\/ciofs.info\/es\/2020\/06\/25\/le-mariage-et-la-familie-realite-et-defis\/\"><img loading=\"lazy\" decoding=\"async\" width=\"216\" height=\"238\" src=\"https:\/\/ciofs.info\/wp-content\/uploads\/2020\/06\/Family-Commission.jpg\" class=\"rt-img-responsive \" alt=\"\" \/><\/a><\/div><div class='rt-detail'><h3 class=\"entry-title\"><a data-id=\"2596\" class=\"\" href=\"https:\/\/ciofs.info\/es\/2020\/06\/25\/le-mariage-et-la-familie-realite-et-defis\/\">Matrimonio y la familia: realidad y desaf\u00edos<\/a><\/h3><div class='post-meta-user  '><span class='date'><i class='far fa-calendar-alt '><\/i>June 25, 2020<\/span><\/div><div class='tpg-excerpt'>Matrimonio y la familia: realidad y desaf\u00edos ({DF) VER \u00bfQU\u00c9 EST\u00c1 PASANDO EN EL MUNDO?1...<\/div><div class='post-meta '><span class='read-more'><a data-id='2596' class='' href='https:\/\/ciofs.info\/es\/2020\/06\/25\/le-mariage-et-la-familie-realite-et-defis\/'>Read More<\/a><\/span><\/div><\/div><\/div><\/div><\/div><\/div>\n","protected":false},"excerpt":{"rendered":"<p>COMISI\u00d3N FAMILIA Adolph Assagba, OFS temas anuales anteriores<\/p>\n","protected":false},"author":2,"featured_media":0,"parent":299,"menu_order":0,"comment_status":"closed","ping_status":"closed","template":"","meta":{"site-sidebar-layout":"no-sidebar","site-content-layout":"default","ast-site-content-layout":"default","site-content-style":"default","site-sidebar-style":"default","ast-global-header-display":"","ast-banner-title-visibility":"","ast-main-header-display":"","ast-hfb-above-header-display":"","ast-hfb-below-header-display":"","ast-hfb-mobile-header-display":"","site-post-title":"","ast-breadcrumbs-content":"","ast-featured-img":"","footer-sml-layout":"","ast-disable-related-posts":"","theme-transparent-header-meta":"default","adv-header-id-meta":"","stick-header-meta":"","header-above-stick-meta":"","header-main-stick-meta":"","header-below-stick-meta":"","astra-migrate-meta-layouts":"default","ast-page-background-enabled":"default","ast-page-background-meta":{"desktop":{"background-color":"","background-image":"","background-repeat":"repeat","background-position":"center center","background-size":"auto","background-attachment":"scroll","background-type":"","background-media":"","overlay-type":"","overlay-color":"","overlay-opacity":"","overlay-gradient":""},"tablet":{"background-color":"","background-image":"","background-repeat":"repeat","background-position":"center center","background-size":"auto","background-attachment":"scroll","background-type":"","background-media":"","overlay-type":"","overlay-color":"","overlay-opacity":"","overlay-gradient":""},"mobile":{"background-color":"","background-image":"","background-repeat":"repeat","background-position":"center center","background-size":"auto","background-attachment":"scroll","background-type":"","background-media":"","overlay-type":"","overlay-color":"","overlay-opacity":"","overlay-gradient":""}},"ast-content-background-meta":{"desktop":{"background-color":"var(--ast-global-color-5)","background-image":"","background-repeat":"repeat","background-position":"center center","background-size":"auto","background-attachment":"scroll","background-type":"","background-media":"","overlay-type":"","overlay-color":"","overlay-opacity":"","overlay-gradient":""},"tablet":{"background-color":"var(--ast-global-color-5)","background-image":"","background-repeat":"repeat","background-position":"center center","background-size":"auto","background-attachment":"scroll","background-type":"","background-media":"","overlay-type":"","overlay-color":"","overlay-opacity":"","overlay-gradient":""},"mobile":{"background-color":"var(--ast-global-color-5)","background-image":"","background-repeat":"repeat","background-position":"center center","background-size":"auto","background-attachment":"scroll","background-type":"","background-media":"","overlay-type":"","overlay-color":"","overlay-opacity":"","overlay-gradient":""}},"footnotes":""},"class_list":["post-303","page","type-page","status-publish","hentry"],"translation":{"provider":"WPGlobus","version":"3.0.2","language":"es","enabled_languages":["en","it","es","fr"],"languages":{"en":{"title":true,"content":true,"excerpt":false},"it":{"title":true,"content":true,"excerpt":false},"es":{"title":true,"content":true,"excerpt":false},"fr":{"title":true,"content":true,"excerpt":false}}},"rttpg_featured_image_url":null,"rttpg_author":{"display_name":"Luk\u00e1\u0161 Erlebach","author_link":"https:\/\/ciofs.info\/es\/author\/lukas\/"},"rttpg_comment":0,"rttpg_category":"","rttpg_excerpt":"COMISI\u00d3N FAMILIA Adolph Assagba, OFS temas anuales anteriores","_links":{"self":[{"href":"https:\/\/ciofs.info\/es\/wp-json\/wp\/v2\/pages\/303","targetHints":{"allow":["GET"]}}],"collection":[{"href":"https:\/\/ciofs.info\/es\/wp-json\/wp\/v2\/pages"}],"about":[{"href":"https:\/\/ciofs.info\/es\/wp-json\/wp\/v2\/types\/page"}],"author":[{"embeddable":true,"href":"https:\/\/ciofs.info\/es\/wp-json\/wp\/v2\/users\/2"}],"replies":[{"embeddable":true,"href":"https:\/\/ciofs.info\/es\/wp-json\/wp\/v2\/comments?post=303"}],"version-history":[{"count":89,"href":"https:\/\/ciofs.info\/es\/wp-json\/wp\/v2\/pages\/303\/revisions"}],"predecessor-version":[{"id":6430,"href":"https:\/\/ciofs.info\/es\/wp-json\/wp\/v2\/pages\/303\/revisions\/6430"}],"up":[{"embeddable":true,"href":"https:\/\/ciofs.info\/es\/wp-json\/wp\/v2\/pages\/299"}],"wp:attachment":[{"href":"https:\/\/ciofs.info\/es\/wp-json\/wp\/v2\/media?parent=303"}],"curies":[{"name":"wp","href":"https:\/\/api.w.org\/{rel}","templated":true}]}}