{"id":1808,"date":"2020-04-08T08:58:10","date_gmt":"2020-04-08T08:58:10","guid":{"rendered":"https:\/\/ciofs.info\/?page_id=1808"},"modified":"2020-04-14T11:02:51","modified_gmt":"2020-04-14T11:02:51","slug":"saint-francis-of-assisi","status":"publish","type":"page","link":"https:\/\/ciofs.info\/es\/history\/saint-francis-of-assisi\/","title":{"rendered":"SAN FRANCISCO DE AS\u00cdS"},"content":{"rendered":"<h2>Un vistazo de<br \/>\nSan Francisco de As\u00eds<\/h2>\n<p><img fetchpriority=\"high\" decoding=\"async\" src=\"https:\/\/ciofs.info\/wp-content\/uploads\/2019\/08\/francis.jpg\" alt=\"\" width=\"240\" height=\"243\" \/><\/p>\n<p><strong>Su vida de joven<br \/>\n<\/strong>Francisco naci\u00f3 en As\u00eds, Italia, en 1182. Como joven vivi\u00f3 una vida privilegiada. Era hijo de un comerciante rico de telas. Cuando era ni\u00f1o, le encantaba aprender y cantar.<\/p>\n<p>Su padre quer\u00eda que se hiciera un hombre de negocios y le ense\u00f1\u00f3 la cultura francesa.<\/p>\n<p style=\"text-align: right;\"><strong>La guerra <\/strong><br \/>\nA los diecinueve a\u00f1os m\u00e1s o menos, Francisco so\u00f1\u00f3 con luchar heroicamente como los caballeros de anta\u00f1o y fue a luchar como parte del ej\u00e9rcito de As\u00eds contra el pueblo cercano de Perugia. Siguiendo la derrota de As\u00eds, Francisco fue capturado y lo tomaron preso. Lo pusieron en un calabozo por un a\u00f1o hasta que su padre pag\u00f3 un rescate.<\/p>\n<p><img decoding=\"async\" title=\"Statue-Francis-on-horse_2446-500px\" src=\"https:\/\/ciofs.info\/wp-content\/uploads\/elementor\/thumbs\/Statue-Francis-on-horse_2446-500px-onqt4kqcv97pmjcj4scgbfuz311vlnjopwu8l3agnk.jpg\" alt=\"Statue of Francis on horse\" \/><br \/>\n<img decoding=\"async\" src=\"https:\/\/ciofs.info\/wp-content\/uploads\/2020\/04\/Francis-statue-basilica-Assisi_6636-534px-300x247.jpg\" sizes=\"(max-width: 300px) 100vw, 300px\" srcset=\"https:\/\/ciofs.info\/wp-content\/uploads\/2020\/04\/Francis-statue-basilica-Assisi_6636-534px-300x247.jpg 300w, https:\/\/ciofs.info\/wp-content\/uploads\/2020\/04\/Francis-statue-basilica-Assisi_6636-534px.jpg 537w\" alt=\"Statue of Francis\" width=\"300\" height=\"247\" \/><\/p>\n<p><strong>Visiones de dios<br \/>\n<\/strong>En los a\u00f1os siguientes, Francisco comenz\u00f3 a ver visiones de Dios que cambiaron su vida. La primera visi\u00f3n fue cuando estaba enfermo con fiebre alta. Su primera reacci\u00f3n fue que Dios lo hab\u00eda llamado a luchar en las Cruzadas. Sin embargo, tuvo otra visi\u00f3n que le dijo que ayudara a los enfermos. Finalmente, mientras oraba en una iglesia, Francisco oy\u00f3 a Dios que le dijo que &#8220;reparara mi iglesia, que est\u00e1 cayendo en ruinas&#8221;.<\/p>\n<p>Al o\u00edr este mensaje, Francisco, contra los deseos de su padre, dio todo su dinero a la iglesia. Debido a esto, su padre se enoj\u00f3 mucho con \u00e9l. Francisco sali\u00f3 de la casa de su padre e hizo un voto de pobreza.<\/p>\n<p style=\"text-align: right;\"><strong>La Orden Franciscana<br \/>\n<\/strong>Despu\u00e9s de que Francisco comenz\u00f3 a vivir su vida de pobreza y a predicar sobre la vida de Jesucristo, la gente comenz\u00f3 a seguirlo. En 1209 ten\u00eda alrededor de 11 seguidores. Ten\u00eda una regla b\u00e1sica que era &#8220;Seguir las ense\u00f1anzas de nuestro Se\u00f1or Jesucristo y de caminar en sus pasos&#8221;.<\/p>\n<p style=\"text-align: right;\">A causa de que Francisco era un seguidor devoto de la Iglesia Cat\u00f3lica, \u00e9l y sus seguidores viajaron a Roma para obtener la aprobaci\u00f3n del Papa para su Orden religiosa y su regla de vida. Al principio, el papa se mostr\u00f3 reacio, ya que vio frente a \u00e9l a hombres sucios y pobres. Sin embargo, finalmente entendi\u00f3 su voto de pobreza y bendijo a la Orden.<\/p>\n<p><img decoding=\"async\" title=\"Francis-fresco-at-Subiaco_8998\" src=\"https:\/\/ciofs.info\/wp-content\/uploads\/elementor\/thumbs\/Francis-fresco-at-Subiaco_8998-onrbwhieu9yzqlqzb3elfh4f7bu8xyvs03n7nu7jea.jpg\" alt=\"Francis fresco\" \/><br \/>\n<img decoding=\"async\" src=\"https:\/\/ciofs.info\/wp-content\/uploads\/2020\/04\/St-Clare-stainglass-500px-252x300.jpg\" sizes=\"(max-width: 252px) 100vw, 252px\" srcset=\"https:\/\/ciofs.info\/wp-content\/uploads\/2020\/04\/St-Clare-stainglass-500px-252x300.jpg 252w, https:\/\/ciofs.info\/wp-content\/uploads\/2020\/04\/St-Clare-stainglass-500px.jpg 500w\" alt=\"\" width=\"252\" height=\"300\" \/><\/p>\n<p><strong>Las Otras \u00d3rdenes<br \/>\n<\/strong>La Orden Franciscana creci\u00f3 r\u00e1pidamente y muchos hombres se unieron a los primeros seguidores e hicieron votos de pobreza. En cierto momento, una mujer de As\u00eds, Clare Offreducci, quer\u00eda seguir el modelo de vida y hacer los mismos votos. Francisco la apoy\u00f3 y la ayud\u00f3 a comenzar la Orden de las Hermanas Pobres (Orden de Santa Clara o Clarisas). \u00c9l tambi\u00e9n fund\u00f3 otra orden, los Hermanos y Hermanas de la Penitencia (m\u00e1s tarde llamada la Tercera Orden de San Francisco). \u00c9sta era para los hombres y las mujeres que no hac\u00edan votos ni abandonaban sus trabajos, sino que viv\u00edan los principios de la Orden Franciscana en su vida diaria. <strong>Esa Tercera Orden laica ahora se conoce como la Orden Franciscana Seglar.<\/strong><\/p>\n<p style=\"text-align: right;\"><strong>El amor de la naturaleza <\/strong><br \/>\nFrancis era conocido por su amor de la naturaleza y de los animales. Hay muchos cuentos sobre San Francisco y su predicaci\u00f3n a los animales. Se dice que un d\u00eda estaba hablando con algunos p\u00e1jaros cuando empezaron a cantar todos juntos. Luego volaron hacia el cielo y formaron la se\u00f1al de una cruz en el cielo.<br \/>\nTambi\u00e9n se dec\u00eda que Francisco pod\u00eda domesticar los animales salvajes. Un cuento famoso describe un lobo vicioso en la ciudad de Gubbio que mataba a la gente y las ovejas. La gente del pueblo tenia miedo y no sab\u00eda qu\u00e9 hacer. A petici\u00f3n de la gente, Francisco fue a la ciudad para enfrentarse al lobo. Al principio, el lobo le gru\u00f1\u00f3 a Francisco y se prepar\u00f3 para atacarlo. Sin embargo, Francisco hizo la se\u00f1al de la cruz y le dijo al lobo que no lastimara a nadie m\u00e1s. Despu\u00e9s del encuentro, el lobo cambi\u00f3 y se volvi\u00f3 d\u00f3cil, viviendo en la ciudad en armon\u00eda con los habitantes.<\/p>\n<p><img decoding=\"async\" title=\"St-Francis-and-wolf-49219-500px\" src=\"https:\/\/ciofs.info\/wp-content\/uploads\/elementor\/thumbs\/St-Francis-and-wolf-49219-500px-onqtk5w214qjkqy0qe7hc4ipa2jg8l90or6vbdw9ik.jpg\" alt=\"St-Francis-and-wolf-49219-500px\" \/><\/p>\n<p><strong>La Muerte <\/strong><br \/>\nEn los \u00faltimos a\u00f1os de su vida, Francis sufri\u00f3 muchas enfermedades, y se qued\u00f3 ciego. Muri\u00f3 en 1226 mientras cantaba el Salmo 141. Fue declarado santo de la Iglesia Cat\u00f3lica solo dos a\u00f1os despu\u00e9s de su muerte.<\/p>\n","protected":false},"excerpt":{"rendered":"<p>Un vistazo de San Francisco de As\u00eds Su vida de joven Francisco naci\u00f3 en As\u00eds, Italia, en 1182. Como joven vivi\u00f3 una vida privilegiada. Era hijo de un comerciante rico de telas. Cuando era ni\u00f1o, le encantaba aprender y cantar. Su padre quer\u00eda que se hiciera un hombre de negocios y le ense\u00f1\u00f3 la cultura [&hellip;]<\/p>\n","protected":false},"author":1,"featured_media":0,"parent":335,"menu_order":0,"comment_status":"closed","ping_status":"closed","template":"","meta":{"site-sidebar-layout":"no-sidebar","site-content-layout":"page-builder","ast-site-content-layout":"default","site-content-style":"default","site-sidebar-style":"default","ast-global-header-display":"","ast-banner-title-visibility":"","ast-main-header-display":"","ast-hfb-above-header-display":"","ast-hfb-below-header-display":"","ast-hfb-mobile-header-display":"","site-post-title":"disabled","ast-breadcrumbs-content":"","ast-featured-img":"disabled","footer-sml-layout":"","ast-disable-related-posts":"","theme-transparent-header-meta":"default","adv-header-id-meta":"","stick-header-meta":"","header-above-stick-meta":"","header-main-stick-meta":"","header-below-stick-meta":"","astra-migrate-meta-layouts":"default","ast-page-background-enabled":"default","ast-page-background-meta":{"desktop":{"background-color":"","background-image":"","background-repeat":"repeat","background-position":"center center","background-size":"auto","background-attachment":"scroll","background-type":"","background-media":"","overlay-type":"","overlay-color":"","overlay-opacity":"","overlay-gradient":""},"tablet":{"background-color":"","background-image":"","background-repeat":"repeat","background-position":"center center","background-size":"auto","background-attachment":"scroll","background-type":"","background-media":"","overlay-type":"","overlay-color":"","overlay-opacity":"","overlay-gradient":""},"mobile":{"background-color":"","background-image":"","background-repeat":"repeat","background-position":"center center","background-size":"auto","background-attachment":"scroll","background-type":"","background-media":"","overlay-type":"","overlay-color":"","overlay-opacity":"","overlay-gradient":""}},"ast-content-background-meta":{"desktop":{"background-color":"var(--ast-global-color-5)","background-image":"","background-repeat":"repeat","background-position":"center center","background-size":"auto","background-attachment":"scroll","background-type":"","background-media":"","overlay-type":"","overlay-color":"","overlay-opacity":"","overlay-gradient":""},"tablet":{"background-color":"var(--ast-global-color-5)","background-image":"","background-repeat":"repeat","background-position":"center center","background-size":"auto","background-attachment":"scroll","background-type":"","background-media":"","overlay-type":"","overlay-color":"","overlay-opacity":"","overlay-gradient":""},"mobile":{"background-color":"var(--ast-global-color-5)","background-image":"","background-repeat":"repeat","background-position":"center center","background-size":"auto","background-attachment":"scroll","background-type":"","background-media":"","overlay-type":"","overlay-color":"","overlay-opacity":"","overlay-gradient":""}},"footnotes":""},"class_list":["post-1808","page","type-page","status-publish","hentry"],"translation":{"provider":"WPGlobus","version":"3.0.2","language":"es","enabled_languages":["en","it","es","fr"],"languages":{"en":{"title":true,"content":true,"excerpt":false},"it":{"title":true,"content":true,"excerpt":false},"es":{"title":true,"content":true,"excerpt":false},"fr":{"title":true,"content":true,"excerpt":false}}},"rttpg_featured_image_url":null,"rttpg_author":{"display_name":"robert","author_link":"https:\/\/ciofs.info\/es\/author\/robert\/"},"rttpg_comment":0,"rttpg_category":null,"rttpg_excerpt":"Un vistazo de San Francisco de As\u00eds Su vida de joven Francisco naci\u00f3 en As\u00eds, Italia, en 1182. Como joven vivi\u00f3 una vida privilegiada. Era hijo de un comerciante rico de telas. Cuando era ni\u00f1o, le encantaba aprender y cantar. Su padre quer\u00eda que se hiciera un hombre de negocios y le ense\u00f1\u00f3 la cultura&hellip;","_links":{"self":[{"href":"https:\/\/ciofs.info\/es\/wp-json\/wp\/v2\/pages\/1808","targetHints":{"allow":["GET"]}}],"collection":[{"href":"https:\/\/ciofs.info\/es\/wp-json\/wp\/v2\/pages"}],"about":[{"href":"https:\/\/ciofs.info\/es\/wp-json\/wp\/v2\/types\/page"}],"author":[{"embeddable":true,"href":"https:\/\/ciofs.info\/es\/wp-json\/wp\/v2\/users\/1"}],"replies":[{"embeddable":true,"href":"https:\/\/ciofs.info\/es\/wp-json\/wp\/v2\/comments?post=1808"}],"version-history":[{"count":17,"href":"https:\/\/ciofs.info\/es\/wp-json\/wp\/v2\/pages\/1808\/revisions"}],"predecessor-version":[{"id":2262,"href":"https:\/\/ciofs.info\/es\/wp-json\/wp\/v2\/pages\/1808\/revisions\/2262"}],"up":[{"embeddable":true,"href":"https:\/\/ciofs.info\/es\/wp-json\/wp\/v2\/pages\/335"}],"wp:attachment":[{"href":"https:\/\/ciofs.info\/es\/wp-json\/wp\/v2\/media?parent=1808"}],"curies":[{"name":"wp","href":"https:\/\/api.w.org\/{rel}","templated":true}]}}