{"id":1418,"date":"2020-03-27T14:59:21","date_gmt":"2020-03-27T14:59:21","guid":{"rendered":"https:\/\/ciofs.info\/?page_id=1418"},"modified":"2024-09-10T02:55:30","modified_gmt":"2024-09-10T02:55:30","slug":"donate-pay","status":"publish","type":"page","link":"https:\/\/ciofs.info\/es\/donate-pay\/","title":{"rendered":"DONAR\/PAGAR"},"content":{"rendered":"<h3>Contribuciones<\/h3>\n<p>Ud. o su fraternidad, podr\u00e1n hacer una donaci\u00f3n o contribuci\u00f3n al CIOFS usando el servicio de <strong>PAGO EN LINEA<\/strong>.<\/p>\n<p>Complete la informaci\u00f3n requerida, incluyendo los datos de su Tarjeta de Cr\u00e9dito.<\/p>\n<p><a href=\"https:\/\/www.ciofs-finanz.org\/?langu=ES\" target=\"_blank\" rel=\"noopener\">P\u00c1GINA DE DONACIONES<\/a><\/p>\n","protected":false},"excerpt":{"rendered":"<p>Contribuciones Ud. o su fraternidad, podr\u00e1n hacer una donaci\u00f3n o contribuci\u00f3n al CIOFS usando el servicio de PAGO EN LINEA. Complete la informaci\u00f3n requerida, incluyendo los datos de su Tarjeta de Cr\u00e9dito. P\u00c1GINA DE DONACIONES<\/p>\n","protected":false},"author":1,"featured_media":1421,"parent":0,"menu_order":0,"comment_status":"closed","ping_status":"closed","template":"","meta":{"site-sidebar-layout":"no-sidebar","site-content-layout":"default","ast-site-content-layout":"default","site-content-style":"default","site-sidebar-style":"default","ast-global-header-display":"","ast-banner-title-visibility":"","ast-main-header-display":"","ast-hfb-above-header-display":"","ast-hfb-below-header-display":"","ast-hfb-mobile-header-display":"","site-post-title":"disabled","ast-breadcrumbs-content":"","ast-featured-img":"","footer-sml-layout":"","ast-disable-related-posts":"","theme-transparent-header-meta":"default","adv-header-id-meta":"","stick-header-meta":"","header-above-stick-meta":"","header-main-stick-meta":"","header-below-stick-meta":"","astra-migrate-meta-layouts":"default","ast-page-background-enabled":"default","ast-page-background-meta":{"desktop":{"background-color":"","background-image":"","background-repeat":"repeat","background-position":"center center","background-size":"auto","background-attachment":"scroll","background-type":"","background-media":"","overlay-type":"","overlay-color":"","overlay-opacity":"","overlay-gradient":""},"tablet":{"background-color":"","background-image":"","background-repeat":"repeat","background-position":"center center","background-size":"auto","background-attachment":"scroll","background-type":"","background-media":"","overlay-type":"","overlay-color":"","overlay-opacity":"","overlay-gradient":""},"mobile":{"background-color":"","background-image":"","background-repeat":"repeat","background-position":"center center","background-size":"auto","background-attachment":"scroll","background-type":"","background-media":"","overlay-type":"","overlay-color":"","overlay-opacity":"","overlay-gradient":""}},"ast-content-background-meta":{"desktop":{"background-color":"var(--ast-global-color-5)","background-image":"","background-repeat":"repeat","background-position":"center center","background-size":"auto","background-attachment":"scroll","background-type":"","background-media":"","overlay-type":"","overlay-color":"","overlay-opacity":"","overlay-gradient":""},"tablet":{"background-color":"var(--ast-global-color-5)","background-image":"","background-repeat":"repeat","background-position":"center center","background-size":"auto","background-attachment":"scroll","background-type":"","background-media":"","overlay-type":"","overlay-color":"","overlay-opacity":"","overlay-gradient":""},"mobile":{"background-color":"var(--ast-global-color-5)","background-image":"","background-repeat":"repeat","background-position":"center center","background-size":"auto","background-attachment":"scroll","background-type":"","background-media":"","overlay-type":"","overlay-color":"","overlay-opacity":"","overlay-gradient":""}},"footnotes":""},"class_list":["post-1418","page","type-page","status-publish","has-post-thumbnail","hentry"],"translation":{"provider":"WPGlobus","version":"3.0.2","language":"es","enabled_languages":["en","it","es","fr"],"languages":{"en":{"title":true,"content":true,"excerpt":false},"it":{"title":true,"content":true,"excerpt":false},"es":{"title":true,"content":true,"excerpt":false},"fr":{"title":true,"content":true,"excerpt":false}}},"rttpg_featured_image_url":{"full":["https:\/\/ciofs.info\/wp-content\/uploads\/2020\/03\/Holding-hands-in-unity-1066901304-1200px.jpg",1200,422,false],"landscape":["https:\/\/ciofs.info\/wp-content\/uploads\/2020\/03\/Holding-hands-in-unity-1066901304-1200px.jpg",1200,422,false],"portraits":["https:\/\/ciofs.info\/wp-content\/uploads\/2020\/03\/Holding-hands-in-unity-1066901304-1200px.jpg",1200,422,false],"thumbnail":["https:\/\/ciofs.info\/wp-content\/uploads\/2020\/03\/Holding-hands-in-unity-1066901304-1200px-150x150.jpg",150,150,true],"medium":["https:\/\/ciofs.info\/wp-content\/uploads\/2020\/03\/Holding-hands-in-unity-1066901304-1200px-300x106.jpg",300,106,true],"large":["https:\/\/ciofs.info\/wp-content\/uploads\/2020\/03\/Holding-hands-in-unity-1066901304-1200px-1024x360.jpg",1024,360,true],"1536x1536":["https:\/\/ciofs.info\/wp-content\/uploads\/2020\/03\/Holding-hands-in-unity-1066901304-1200px.jpg",1200,422,false],"2048x2048":["https:\/\/ciofs.info\/wp-content\/uploads\/2020\/03\/Holding-hands-in-unity-1066901304-1200px.jpg",1200,422,false],"alm-thumbnail":["https:\/\/ciofs.info\/wp-content\/uploads\/2020\/03\/Holding-hands-in-unity-1066901304-1200px.jpg",150,53,false]},"rttpg_author":{"display_name":"robert","author_link":"https:\/\/ciofs.info\/es\/author\/robert\/"},"rttpg_comment":0,"rttpg_category":null,"rttpg_excerpt":"Contribuciones Ud. o su fraternidad, podr\u00e1n hacer una donaci\u00f3n o contribuci\u00f3n al CIOFS usando el servicio de PAGO EN LINEA. Complete la informaci\u00f3n requerida, incluyendo los datos de su Tarjeta de Cr\u00e9dito. P\u00c1GINA DE DONACIONES","_links":{"self":[{"href":"https:\/\/ciofs.info\/es\/wp-json\/wp\/v2\/pages\/1418","targetHints":{"allow":["GET"]}}],"collection":[{"href":"https:\/\/ciofs.info\/es\/wp-json\/wp\/v2\/pages"}],"about":[{"href":"https:\/\/ciofs.info\/es\/wp-json\/wp\/v2\/types\/page"}],"author":[{"embeddable":true,"href":"https:\/\/ciofs.info\/es\/wp-json\/wp\/v2\/users\/1"}],"replies":[{"embeddable":true,"href":"https:\/\/ciofs.info\/es\/wp-json\/wp\/v2\/comments?post=1418"}],"version-history":[{"count":38,"href":"https:\/\/ciofs.info\/es\/wp-json\/wp\/v2\/pages\/1418\/revisions"}],"predecessor-version":[{"id":5837,"href":"https:\/\/ciofs.info\/es\/wp-json\/wp\/v2\/pages\/1418\/revisions\/5837"}],"wp:featuredmedia":[{"embeddable":true,"href":"https:\/\/ciofs.info\/es\/wp-json\/wp\/v2\/media\/1421"}],"wp:attachment":[{"href":"https:\/\/ciofs.info\/es\/wp-json\/wp\/v2\/media?parent=1418"}],"curies":[{"name":"wp","href":"https:\/\/api.w.org\/{rel}","templated":true}]}}