{"id":13,"date":"2018-10-27T22:43:56","date_gmt":"2018-10-27T22:43:56","guid":{"rendered":"https:\/\/ciofs.info\/wp\/?page_id=13"},"modified":"2020-04-02T16:49:24","modified_gmt":"2020-04-02T16:49:24","slug":"cause-of-saints","status":"publish","type":"page","link":"https:\/\/ciofs.info\/es\/projects\/cause-of-saints\/","title":{"rendered":"CAUSA DE LOS SANTOS"},"content":{"rendered":"<style type='text\/css' media='all'>#rt-tpg-container-1516560384 .rt-holder .rt-woo-info .price{color:#0367bf;}body .rt-tpg-container .rt-tpg-isotope-buttons .selected,\n\t\t\t\t\t#rt-tpg-container-1516560384 .layout12 .rt-holder:hover .rt-detail,\n\t\t\t\t\t#rt-tpg-container-1516560384 .isotope8 .rt-holder:hover .rt-detail,\n\t\t\t\t\t#rt-tpg-container-1516560384 .carousel8 .rt-holder:hover .rt-detail,\n\t\t\t\t\t#rt-tpg-container-1516560384 .layout13 .rt-holder .overlay .post-info,\n\t\t\t\t\t#rt-tpg-container-1516560384 .isotope9 .rt-holder .overlay .post-info,\n\t\t\t\t\t#rt-tpg-container-1516560384.rt-tpg-container .layout4 .rt-holder .rt-detail,\n\t\t\t\t\t.rt-modal-1516560384 .md-content,\n\t\t\t\t\t.rt-modal-1516560384 .md-content > .rt-md-content-holder .rt-md-content,\n\t\t\t\t\t.rt-popup-wrap-1516560384.rt-popup-wrap .rt-popup-navigation-wrap,\n\t\t\t\t\t#rt-tpg-container-1516560384 .carousel9 .rt-holder .overlay .post-info{background-color:#0367bf;}#rt-tpg-container-1516560384 .layout5 .rt-holder .overlay, #rt-tpg-container-1516560384 .isotope2 .rt-holder .overlay, #rt-tpg-container-1516560384 .carousel2 .rt-holder .overlay,#rt-tpg-container-1516560384 .layout15 .rt-holder h3, #rt-tpg-container-1516560384 .isotope11 .rt-holder h3, #rt-tpg-container-1516560384 .carousel11 .rt-holder h3, #rt-tpg-container-1516560384 .layout16 .rt-holder h3,\n\t\t\t\t\t#rt-tpg-container-1516560384 .isotope12 .rt-holder h3, #rt-tpg-container-1516560384 .carousel12 .rt-holder h3 {background-color:rgba(3,103,191,0.8);}#rt-tpg-container-1516560384 .read-more a{border-radius:px;}#rt-tpg-container-1516560384 .rt-img-holder img.rt-img-responsive,#rt-tpg-container-1516560384 .rt-img-holder,\n\t\t\t\t\t#rt-tpg-container-1516560384 .rt-post-overlay .post-img,\n\t\t\t\t\t#rt-tpg-container-1516560384 .post-sm .post-img,\n\t\t\t\t\t#rt-tpg-container-1516560384 .rt-post-grid .post-img,\n\t\t\t\t\t#rt-tpg-container-1516560384 .post-img img {border-radius:px;}<\/style><div class='rt-container-fluid rt-tpg-container tpg-shortcode-main-wrapper ' id='rt-tpg-container-1516560384'   data-layout='layout3' data-grid-style='even' data-desktop-col='1'  data-tab-col='2'  data-mobile-col='1' data-sc-id='569'><div data-title='Loading ...' class='rt-row rt-content-loader   layout3 tpg-even '><div class=\"rt-col-md-12 rt-col-sm-6 rt-col-xs-12 even-grid-item rt-grid-item\" data-id=\"6933\"><div class=\"rt-holder\"><div class=\"rt-row\"><div class='rt-col-sm-3 rt-col-xs-12 '><div class=\"rt-img-holder\"><a data-id='6933' class=' rounded' href='https:\/\/ciofs.info\/es\/2025\/11\/01\/november-2025-blessed-teresa-manganiello-1849-1876\/'><img decoding=\"async\" width=\"150\" height=\"79\" src=\"https:\/\/ciofs.info\/wp-content\/uploads\/2025\/11\/teresa-manganiello-0-150x79.webp\" class=\"rt-img-responsive \" alt=\"Teresa Manganiello\" \/><\/a><\/div><\/div><div class='rt-col-sm-9 rt-col-xs-12 '><div class='rt-detail'><h2 class=\"entry-title\"><a data-id=\"6933\" class=\"\" href=\"https:\/\/ciofs.info\/es\/2025\/11\/01\/november-2025-blessed-teresa-manganiello-1849-1876\/\">Noviembre de 2025: Beata Teresa Manganiello (1849-1876)<\/a><\/h2><div class='post-meta-user '><span class='date-meta'><i class='far fa-calendar-alt '><\/i>November 1, 2025<\/span><span class='author'><i class='fa fa-user '><\/i><a href=\"https:\/\/ciofs.info\/es\/author\/robert\/\">robert<\/a><\/span><span class='categories-links'><i class='fas fa-folder-open '><\/i><a class=\"cause-of-saints\" href=\"https:\/\/ciofs.info\/es\/category\/projects\/cause-of-saints\/\" rel=\"tag\">Cause of Saints<\/a><span class=\"rt-separator\">,<\/span><a class=\"main-page\" href=\"https:\/\/ciofs.info\/es\/category\/main-page\/\" rel=\"tag\">Main Page<\/a><span class=\"rt-separator\">,<\/span><a class=\"saint-of-month\" href=\"https:\/\/ciofs.info\/es\/category\/projects\/saint-of-month\/\" rel=\"tag\">Saint of Month<\/a><\/span><span class=\"comment-count\"><i class='fas fa-comments '><\/i>(0)<\/span><\/div><div class='post-content'><p>Teresa Manganiello naci\u00f3 el 1 de enero de 1849 en Montefusco, en la archidi\u00f3cesis de Benevento. Und\u00e9cima hija de una familia campesina, y campesina ella misma, experiment\u00f3 el sufrimiento desde su infancia y adolescencia, fue una \u00e9poca que transcurri\u00f3 entre las tareas dom\u00e9sticas y el trabajo en el campo. Privada de las alegr\u00edas de la...<\/p><\/div><span class='read-more '><a data-id='6933' class='' href='https:\/\/ciofs.info\/es\/2025\/11\/01\/november-2025-blessed-teresa-manganiello-1849-1876\/'>Read More<\/a><\/span><\/div><\/div><\/div><\/div><\/div><div class=\"rt-col-md-12 rt-col-sm-6 rt-col-xs-12 even-grid-item rt-grid-item\" data-id=\"6531\"><div class=\"rt-holder\"><div class=\"rt-row\"><div class='rt-col-sm-3 rt-col-xs-12 '><div class=\"rt-img-holder\"><a data-id='6531' class=' rounded' href='https:\/\/ciofs.info\/es\/2025\/03\/02\/canonization-of-blessed-jose-gregorio-hernandez-cisneros\/'><img decoding=\"async\" width=\"150\" height=\"150\" src=\"https:\/\/ciofs.info\/wp-content\/uploads\/2021\/04\/1Jose\u0301_Gregorio_Herna\u0301ndez-crop-150x150.jpg\" class=\"rt-img-responsive \" alt=\"Jose\u0301_Gregorio_Herna\u0301ndez\" \/><\/a><\/div><\/div><div class='rt-col-sm-9 rt-col-xs-12 '><div class='rt-detail'><h2 class=\"entry-title\"><a data-id=\"6531\" class=\"\" href=\"https:\/\/ciofs.info\/es\/2025\/03\/02\/canonization-of-blessed-jose-gregorio-hernandez-cisneros\/\">Canonizaci\u00f3n del Beato Jos\u00e9 Gregorio Hern\u00e1ndez Cisneros<\/a><\/h2><div class='post-meta-user '><span class='date-meta'><i class='far fa-calendar-alt '><\/i>March 2, 2025<\/span><span class='author'><i class='fa fa-user '><\/i><a href=\"https:\/\/ciofs.info\/es\/author\/robert\/\">robert<\/a><\/span><span class='categories-links'><i class='fas fa-folder-open '><\/i><a class=\"cause-of-saints\" href=\"https:\/\/ciofs.info\/es\/category\/projects\/cause-of-saints\/\" rel=\"tag\">Cause of Saints<\/a><span class=\"rt-separator\">,<\/span><a class=\"main-page\" href=\"https:\/\/ciofs.info\/es\/category\/main-page\/\" rel=\"tag\">Main Page<\/a><span class=\"rt-separator\">,<\/span><a class=\"news\" href=\"https:\/\/ciofs.info\/es\/category\/news\/\" rel=\"tag\">News<\/a><\/span><span class=\"comment-count\"><i class='fas fa-comments '><\/i>(0)<\/span><\/div><div class='post-content'><p>El 25 de febrero de 2025, el Papa Francisco anunci\u00f3 que Jos\u00e9 Gregorio Hern\u00e1ndez Cisneros, m\u00e9dico, cient\u00edfico y hombre de profunda fe, conocido como el \u201cDoctor de los Pobres\u201d, ser\u00e1 canonizado. Se espera que en los pr\u00f3ximos meses se determine la fecha de la celebraci\u00f3n. La canonizaci\u00f3n de Jos\u00e9 Gregorio Hern\u00e1ndez Cisneros es un acontecimiento...<\/p><\/div><span class='read-more '><a data-id='6531' class='' href='https:\/\/ciofs.info\/es\/2025\/03\/02\/canonization-of-blessed-jose-gregorio-hernandez-cisneros\/'>Read More<\/a><\/span><\/div><\/div><\/div><\/div><\/div><div class=\"rt-col-md-12 rt-col-sm-6 rt-col-xs-12 even-grid-item rt-grid-item\" data-id=\"6370\"><div class=\"rt-holder\"><div class=\"rt-row\"><div class='rt-col-sm-3 rt-col-xs-12 '><div class=\"rt-img-holder\"><a data-id='6370' class=' rounded' href='https:\/\/ciofs.info\/es\/2025\/01\/07\/intercessions-for-liturgy-of-the-hours-for-the-cause-of-saints\/'><img decoding=\"async\" width=\"150\" height=\"98\" src=\"https:\/\/ciofs.info\/wp-content\/uploads\/2025\/01\/1Couple-prayer-books-in-church-173863988-1200px-150x98.jpg\" class=\"rt-img-responsive \" alt=\"Couple praying in church\" \/><\/a><\/div><\/div><div class='rt-col-sm-9 rt-col-xs-12 '><div class='rt-detail'><h2 class=\"entry-title\"><a data-id=\"6370\" class=\"\" href=\"https:\/\/ciofs.info\/es\/2025\/01\/07\/intercessions-for-liturgy-of-the-hours-for-the-cause-of-saints\/\">PRECES PARA LA LITURGIA DE LAS HORAS<\/a><\/h2><div class='post-meta-user '><span class='date-meta'><i class='far fa-calendar-alt '><\/i>January 7, 2025<\/span><span class='author'><i class='fa fa-user '><\/i><a href=\"https:\/\/ciofs.info\/es\/author\/robert\/\">robert<\/a><\/span><span class='categories-links'><i class='fas fa-folder-open '><\/i><a class=\"cause-of-saints\" href=\"https:\/\/ciofs.info\/es\/category\/projects\/cause-of-saints\/\" rel=\"tag\">Cause of Saints<\/a><span class=\"rt-separator\">,<\/span><a class=\"main-page\" href=\"https:\/\/ciofs.info\/es\/category\/main-page\/\" rel=\"tag\">Main Page<\/a><span class=\"rt-separator\">,<\/span><a class=\"news\" href=\"https:\/\/ciofs.info\/es\/category\/news\/\" rel=\"tag\">News<\/a><\/span><span class=\"comment-count\"><i class='fas fa-comments '><\/i>(0)<\/span><\/div><div class='post-content'><p>Ofrecemos las intercesiones para la Liturgia de las Horas preparadas por la Comisi\u00f3n para la Causa de los Santos y aprobadas por la Presidencia para su uso en la oraci\u00f3n individual o durante las reuniones fraternas. ES PRECES PARA LA LITURGIA DE LAS HORAS (PDF)...<\/p><\/div><span class='read-more '><a data-id='6370' class='' href='https:\/\/ciofs.info\/es\/2025\/01\/07\/intercessions-for-liturgy-of-the-hours-for-the-cause-of-saints\/'>Read More<\/a><\/span><\/div><\/div><\/div><\/div><\/div><div class=\"rt-col-md-12 rt-col-sm-6 rt-col-xs-12 even-grid-item rt-grid-item\" data-id=\"3435\"><div class=\"rt-holder\"><div class=\"rt-row\"><div class='rt-col-sm-3 rt-col-xs-12 '><div class=\"rt-img-holder\"><a data-id='3435' class=' rounded' href='https:\/\/ciofs.info\/es\/2021\/04\/22\/the-beatification-of-dr-jose-gregorio-hernandez-member-of-the-ofs-venezuela\/'><img decoding=\"async\" width=\"150\" height=\"150\" src=\"https:\/\/ciofs.info\/wp-content\/uploads\/2021\/04\/1Jose\u0301_Gregorio_Herna\u0301ndez-crop-150x150.jpg\" class=\"rt-img-responsive \" alt=\"Jose\u0301_Gregorio_Herna\u0301ndez\" \/><\/a><\/div><\/div><div class='rt-col-sm-9 rt-col-xs-12 '><div class='rt-detail'><h2 class=\"entry-title\"><a data-id=\"3435\" class=\"\" href=\"https:\/\/ciofs.info\/es\/2021\/04\/22\/the-beatification-of-dr-jose-gregorio-hernandez-member-of-the-ofs-venezuela\/\">LA BEATIFICACI\u00d3N DEL DR. JOS\u00c9 GREGORIO HERN\u00c1NDEZ, miembro de la OFS Venezuela<\/a><\/h2><div class='post-meta-user '><span class='date-meta'><i class='far fa-calendar-alt '><\/i>April 22, 2021<\/span><span class='author'><i class='fa fa-user '><\/i><a href=\"https:\/\/ciofs.info\/es\/author\/robert\/\">robert<\/a><\/span><span class='categories-links'><i class='fas fa-folder-open '><\/i><a class=\"cause-of-saints\" href=\"https:\/\/ciofs.info\/es\/category\/projects\/cause-of-saints\/\" rel=\"tag\">Cause of Saints<\/a><span class=\"rt-separator\">,<\/span><a class=\"main-page\" href=\"https:\/\/ciofs.info\/es\/category\/main-page\/\" rel=\"tag\">Main Page<\/a><span class=\"rt-separator\">,<\/span><a class=\"news\" href=\"https:\/\/ciofs.info\/es\/category\/news\/\" rel=\"tag\">News<\/a><\/span><span class=\"comment-count\"><i class='fas fa-comments '><\/i>(0)<\/span><\/div><div class='post-content'><p>El 30 de abril de 2021 se celebrar\u00e1 la beatificaci\u00f3n del Dr. Jos\u00e9 Gregorio Hern\u00e1ndez, m\u00e9dico venezolano (1864-1919), miembro de la Orden Franciscana Seglar desde 1899. Adem\u00e1s Venezuela, Jos\u00e9 Gregorio es ampliamente conocido, respetado y venerado en muchos pa\u00edses. Un testigo de santidad en su condici\u00f3n de laico. Fue un hombre lleno de virtudes con...<\/p><\/div><span class='read-more '><a data-id='3435' class='' href='https:\/\/ciofs.info\/es\/2021\/04\/22\/the-beatification-of-dr-jose-gregorio-hernandez-member-of-the-ofs-venezuela\/'>Read More<\/a><\/span><\/div><\/div><\/div><\/div><\/div><div class=\"rt-col-md-12 rt-col-sm-6 rt-col-xs-12 even-grid-item rt-grid-item\" data-id=\"2647\"><div class=\"rt-holder\"><div class=\"rt-row\"><div class='rt-col-sm-3 rt-col-xs-12 '><div class=\"rt-img-holder\"><a data-id='2647' class=' rounded' href='https:\/\/ciofs.info\/es\/2020\/07\/11\/help-us-to-drill-water-borehole-in-mutemwa-leprosy-care-centre-zimbabwe\/'><img loading=\"lazy\" decoding=\"async\" width=\"150\" height=\"150\" src=\"https:\/\/ciofs.info\/wp-content\/uploads\/2020\/07\/jbmsbanner-150x150.jpg\" class=\"rt-img-responsive \" alt=\"Photo from John Bradburne Memorial Society\" \/><\/a><\/div><\/div><div class='rt-col-sm-9 rt-col-xs-12 '><div class='rt-detail'><h2 class=\"entry-title\"><a data-id=\"2647\" class=\"\" href=\"https:\/\/ciofs.info\/es\/2020\/07\/11\/help-us-to-drill-water-borehole-in-mutemwa-leprosy-care-centre-zimbabwe\/\">Ay\u00fadenos a perforar pozos de agua en el Centro de Atenci\u00f3n de Lepra Mutemwa, Zimbabwe<\/a><\/h2><div class='post-meta-user '><span class='date-meta'><i class='far fa-calendar-alt '><\/i>July 11, 2020<\/span><span class='author'><i class='fa fa-user '><\/i><a href=\"https:\/\/ciofs.info\/es\/author\/robert\/\">robert<\/a><\/span><span class='categories-links'><i class='fas fa-folder-open '><\/i><a class=\"cause-of-saints\" href=\"https:\/\/ciofs.info\/es\/category\/projects\/cause-of-saints\/\" rel=\"tag\">Cause of Saints<\/a><span class=\"rt-separator\">,<\/span><a class=\"news\" href=\"https:\/\/ciofs.info\/es\/category\/news\/\" rel=\"tag\">News<\/a><span class=\"rt-separator\">,<\/span><a class=\"well4africa\" href=\"https:\/\/ciofs.info\/es\/category\/projects\/well4africa\/\" rel=\"tag\">Well4Africa<\/a><\/span><span class=\"comment-count\"><i class='fas fa-comments '><\/i>(0)<\/span><\/div><div class='post-content'><p>Mutemwa es un lugar muy especial situado en Mashonaland, en la provincia oriental de Zimbabwe, donde el franciscano seglar del Reino Unido John Bradburne, OFS, vivi\u00f3 durante los \u00faltimos 10 a\u00f1os de su vida, cuidando a la comunidad que viv\u00eda con los efectos devastadores de la lepra. John fue asesinado durante la guerra de independencia...<\/p><\/div><span class='read-more '><a data-id='2647' class='' href='https:\/\/ciofs.info\/es\/2020\/07\/11\/help-us-to-drill-water-borehole-in-mutemwa-leprosy-care-centre-zimbabwe\/'>Read More<\/a><\/span><\/div><\/div><\/div><\/div><\/div><\/div><\/div>\n","protected":false},"excerpt":{"rendered":"","protected":false},"author":2,"featured_media":0,"parent":327,"menu_order":0,"comment_status":"closed","ping_status":"closed","template":"","meta":{"site-sidebar-layout":"no-sidebar","site-content-layout":"default","ast-site-content-layout":"default","site-content-style":"default","site-sidebar-style":"default","ast-global-header-display":"","ast-banner-title-visibility":"","ast-main-header-display":"","ast-hfb-above-header-display":"","ast-hfb-below-header-display":"","ast-hfb-mobile-header-display":"","site-post-title":"","ast-breadcrumbs-content":"","ast-featured-img":"disabled","footer-sml-layout":"","ast-disable-related-posts":"","theme-transparent-header-meta":"default","adv-header-id-meta":"","stick-header-meta":"","header-above-stick-meta":"","header-main-stick-meta":"","header-below-stick-meta":"","astra-migrate-meta-layouts":"default","ast-page-background-enabled":"default","ast-page-background-meta":{"desktop":{"background-color":"","background-image":"","background-repeat":"repeat","background-position":"center center","background-size":"auto","background-attachment":"scroll","background-type":"","background-media":"","overlay-type":"","overlay-color":"","overlay-opacity":"","overlay-gradient":""},"tablet":{"background-color":"","background-image":"","background-repeat":"repeat","background-position":"center center","background-size":"auto","background-attachment":"scroll","background-type":"","background-media":"","overlay-type":"","overlay-color":"","overlay-opacity":"","overlay-gradient":""},"mobile":{"background-color":"","background-image":"","background-repeat":"repeat","background-position":"center center","background-size":"auto","background-attachment":"scroll","background-type":"","background-media":"","overlay-type":"","overlay-color":"","overlay-opacity":"","overlay-gradient":""}},"ast-content-background-meta":{"desktop":{"background-color":"var(--ast-global-color-5)","background-image":"","background-repeat":"repeat","background-position":"center center","background-size":"auto","background-attachment":"scroll","background-type":"","background-media":"","overlay-type":"","overlay-color":"","overlay-opacity":"","overlay-gradient":""},"tablet":{"background-color":"var(--ast-global-color-5)","background-image":"","background-repeat":"repeat","background-position":"center center","background-size":"auto","background-attachment":"scroll","background-type":"","background-media":"","overlay-type":"","overlay-color":"","overlay-opacity":"","overlay-gradient":""},"mobile":{"background-color":"var(--ast-global-color-5)","background-image":"","background-repeat":"repeat","background-position":"center center","background-size":"auto","background-attachment":"scroll","background-type":"","background-media":"","overlay-type":"","overlay-color":"","overlay-opacity":"","overlay-gradient":""}},"footnotes":""},"class_list":["post-13","page","type-page","status-publish","hentry"],"translation":{"provider":"WPGlobus","version":"3.0.2","language":"es","enabled_languages":["en","it","es","fr"],"languages":{"en":{"title":true,"content":true,"excerpt":false},"it":{"title":true,"content":false,"excerpt":false},"es":{"title":true,"content":false,"excerpt":false},"fr":{"title":true,"content":false,"excerpt":false}}},"rttpg_featured_image_url":null,"rttpg_author":{"display_name":"Luk\u00e1\u0161 Erlebach","author_link":"https:\/\/ciofs.info\/es\/author\/lukas\/"},"rttpg_comment":0,"rttpg_category":"","rttpg_excerpt":null,"_links":{"self":[{"href":"https:\/\/ciofs.info\/es\/wp-json\/wp\/v2\/pages\/13","targetHints":{"allow":["GET"]}}],"collection":[{"href":"https:\/\/ciofs.info\/es\/wp-json\/wp\/v2\/pages"}],"about":[{"href":"https:\/\/ciofs.info\/es\/wp-json\/wp\/v2\/types\/page"}],"author":[{"embeddable":true,"href":"https:\/\/ciofs.info\/es\/wp-json\/wp\/v2\/users\/2"}],"replies":[{"embeddable":true,"href":"https:\/\/ciofs.info\/es\/wp-json\/wp\/v2\/comments?post=13"}],"version-history":[{"count":9,"href":"https:\/\/ciofs.info\/es\/wp-json\/wp\/v2\/pages\/13\/revisions"}],"predecessor-version":[{"id":1905,"href":"https:\/\/ciofs.info\/es\/wp-json\/wp\/v2\/pages\/13\/revisions\/1905"}],"up":[{"embeddable":true,"href":"https:\/\/ciofs.info\/es\/wp-json\/wp\/v2\/pages\/327"}],"wp:attachment":[{"href":"https:\/\/ciofs.info\/es\/wp-json\/wp\/v2\/media?parent=13"}],"curies":[{"name":"wp","href":"https:\/\/api.w.org\/{rel}","templated":true}]}}