{"id":1158,"date":"2020-03-24T22:10:19","date_gmt":"2020-03-24T22:10:19","guid":{"rendered":"https:\/\/ciofs.info\/?page_id=1158"},"modified":"2020-03-29T21:58:54","modified_gmt":"2020-03-29T21:58:54","slug":"40th-anniversary","status":"publish","type":"page","link":"https:\/\/ciofs.info\/es\/history\/rule\/40th-anniversary\/","title":{"rendered":"40 ANIVERSARIO"},"content":{"rendered":"<table style=\"width: 75%;\">\n<tbody>\n<tr>\n<td width=\"312\">\n<h4><a href=\"https:\/\/ciofs.info\/wp-content\/uploads\/2020\/03\/ES-Carta-Para-40\u00b0-Anos-de-la-Regla.pdf\">Carta del Ministro General<\/a><\/h4>\n<figure id=\"attachment_1162\" aria-describedby=\"caption-attachment-1162\" style=\"width: 235px\" class=\"wp-caption alignnone\"><img decoding=\"async\" class=\"wp-image-1162\" src=\"https:\/\/ciofs.info\/wp-content\/uploads\/2020\/03\/Tibor_7760a1a-300x186.jpg\" alt=\"Minister General Tibor Kauser\" width=\"235\" height=\"145\" srcset=\"https:\/\/ciofs.info\/wp-content\/uploads\/2020\/03\/Tibor_7760a1a-300x186.jpg 300w, https:\/\/ciofs.info\/wp-content\/uploads\/2020\/03\/Tibor_7760a1a.jpg 600w\" sizes=\"(max-width: 235px) 100vw, 235px\" \/><figcaption id=\"caption-attachment-1162\" class=\"wp-caption-text\"><em>Ministro General Tibor Kauser<\/em><\/figcaption><\/figure><\/td>\n<td width=\"312\">\n<h4><a href=\"https:\/\/ciofs.info\/wp-content\/uploads\/2020\/03\/ES_Carta_de_los_Ministros_Generales_a_la_OFS_y_a_la_JuFra_40_aniversario_OFS.pdf\">Carta de los Ministros Generales<\/a><\/h4>\n<p>Carta circular de la Conferencia de Ministros Generales de las Primeras \u00d3rdenes Franciscanas y de la Tercera Orden Ordinaria a todos los frailes, y a los hermanos y hermanas de la Orden Franciscana Seglar (OFS) y de la Juventud Franciscana (Jufra) con motivo del 40o aniversario de la promulgaci\u00f3n de la Regla OFS.<\/td>\n<\/tr>\n<\/tbody>\n<\/table>\n<h3>40 aniversario de la Regla<\/h3>\n<p>El 24 de marzo de 2019 en Roma, en la &#8220;Seraphicum&#8221; (Pontificia Facultad de Teolog\u00eda de San Bonaventura), organizada por la Presidencia del Consejo Internacional de la Orden Franciscana Seglar (CIOFS), se celebr\u00f3 una conferencia para celebrar el 40 aniversario de la Regla de la Orden Franciscana Secular, aprobado por el Papa San Pablo VI el 24 de junio de 1978, con su carta &#8220;Seraphicus Patriarcha&#8221;.<\/p>\n<p>Los informes de los relatores:<\/p>\n<ul>\n<li>Encarnaci\u00f3n del Pozo, OFS: <a href=\"https:\/\/ciofs.info\/wp-content\/uploads\/2020\/03\/ES-Encarnacion-del-Pozo-Aplicacio\u0301n-de-la-Regla-Paulina-desafi\u0301os-actuales.pdf\">Aplicaci\u00f3n de la Regla Paulina desaf\u00edos actuals.<\/a><\/li>\n<li>Benedetto Lino, OFS: <a href=\"https:\/\/ciofs.info\/wp-content\/uploads\/2020\/03\/ES-Benedetto-Lino-Regla-24-marzo-2019.pdf\">La Regla Paulina de la Orden de los Penitentes Franciscanos.<\/a><\/li>\n<li>Mich\u00e8le Altmeyer, OFS: <a href=\"https:\/\/ciofs.info\/wp-content\/uploads\/2020\/03\/ES-Mich_le-Altmeyer-Rasgos-de-la-espiritualidad-de-la-Nueva-Regla-de-la-OFS.pdf\">Rasgos de la espiritualidad de la Nueva Regla de la OFS.<\/a><\/li>\n<li>Padre Raniero Cantalamessa, OFM Cap: <a href=\"https:\/\/ciofs.info\/wp-content\/uploads\/2020\/03\/ES-P.-Rainero-Cantalamessa-La-Orden-Franciscana-Seglar-memoria-viva-de-la-primitiva-predicacio\u0301n-franciscana.pdf\">La Orden Franciscana Seglar memoria viva de la\u00a0primitiva predicaci\u00f3n franciscana.<\/a><\/li>\n<\/ul>\n<p><iframe src=\"https:\/\/www.youtube.com\/embed\/pmmB-F_y5AA\" width=\"560\" height=\"315\" frameborder=\"0\" allowfullscreen=\"allowfullscreen\"><\/iframe><\/p>\n<table style=\"width: 50%; border-collapse: collapse;\">\n<tbody>\n<tr>\n<td style=\"width: 100%;\"><em><strong>CIOFS ha preparado un video de 12 minutos,<\/strong> titulado &#8220;Cuarenta a\u00f1os de la &#8216;Nueva&#8217; Regla, Un tesoro para la OFS&#8221;, que proporciona una perspectiva hist\u00f3rica sobre la regla de 1978 y un hermoso resumen. Env\u00eden por favor este video a todas sus hermanos y hermanas. Miren el video y celebren la regla juntos. T\u00f3mense su tiempo para discutir y contemplar su mensaje.<\/em><\/td>\n<\/tr>\n<\/tbody>\n<\/table>\n<p><iframe src=\"https:\/\/www.youtube.com\/embed\/n3FD3gQDjJ4?start=1\" width=\"560\" height=\"315\" frameborder=\"0\" allowfullscreen=\"allowfullscreen\"><\/iframe><br \/>\n<em><strong>Celebraciones del 40 aniversario de la Regla OFS en todo el mundo.<\/strong><\/em><\/p>\n","protected":false},"excerpt":{"rendered":"<p>Carta del Ministro General Carta de los Ministros Generales Carta circular de la Conferencia de Ministros Generales de las Primeras \u00d3rdenes Franciscanas y de la Tercera Orden Ordinaria a todos los frailes, y a los hermanos y hermanas de la Orden Franciscana Seglar (OFS) y de la Juventud Franciscana (Jufra) con motivo del 40o aniversario [&hellip;]<\/p>\n","protected":false},"author":1,"featured_media":0,"parent":337,"menu_order":0,"comment_status":"closed","ping_status":"closed","template":"","meta":{"site-sidebar-layout":"no-sidebar","site-content-layout":"default","ast-site-content-layout":"default","site-content-style":"default","site-sidebar-style":"default","ast-global-header-display":"","ast-banner-title-visibility":"","ast-main-header-display":"","ast-hfb-above-header-display":"","ast-hfb-below-header-display":"","ast-hfb-mobile-header-display":"","site-post-title":"","ast-breadcrumbs-content":"","ast-featured-img":"","footer-sml-layout":"","ast-disable-related-posts":"","theme-transparent-header-meta":"default","adv-header-id-meta":"","stick-header-meta":"","header-above-stick-meta":"","header-main-stick-meta":"","header-below-stick-meta":"","astra-migrate-meta-layouts":"default","ast-page-background-enabled":"default","ast-page-background-meta":{"desktop":{"background-color":"","background-image":"","background-repeat":"repeat","background-position":"center center","background-size":"auto","background-attachment":"scroll","background-type":"","background-media":"","overlay-type":"","overlay-color":"","overlay-opacity":"","overlay-gradient":""},"tablet":{"background-color":"","background-image":"","background-repeat":"repeat","background-position":"center center","background-size":"auto","background-attachment":"scroll","background-type":"","background-media":"","overlay-type":"","overlay-color":"","overlay-opacity":"","overlay-gradient":""},"mobile":{"background-color":"","background-image":"","background-repeat":"repeat","background-position":"center center","background-size":"auto","background-attachment":"scroll","background-type":"","background-media":"","overlay-type":"","overlay-color":"","overlay-opacity":"","overlay-gradient":""}},"ast-content-background-meta":{"desktop":{"background-color":"var(--ast-global-color-5)","background-image":"","background-repeat":"repeat","background-position":"center center","background-size":"auto","background-attachment":"scroll","background-type":"","background-media":"","overlay-type":"","overlay-color":"","overlay-opacity":"","overlay-gradient":""},"tablet":{"background-color":"var(--ast-global-color-5)","background-image":"","background-repeat":"repeat","background-position":"center center","background-size":"auto","background-attachment":"scroll","background-type":"","background-media":"","overlay-type":"","overlay-color":"","overlay-opacity":"","overlay-gradient":""},"mobile":{"background-color":"var(--ast-global-color-5)","background-image":"","background-repeat":"repeat","background-position":"center center","background-size":"auto","background-attachment":"scroll","background-type":"","background-media":"","overlay-type":"","overlay-color":"","overlay-opacity":"","overlay-gradient":""}},"footnotes":""},"class_list":["post-1158","page","type-page","status-publish","hentry"],"translation":{"provider":"WPGlobus","version":"3.0.2","language":"es","enabled_languages":["en","it","es","fr"],"languages":{"en":{"title":true,"content":true,"excerpt":false},"it":{"title":true,"content":true,"excerpt":false},"es":{"title":true,"content":true,"excerpt":false},"fr":{"title":true,"content":true,"excerpt":false}}},"rttpg_featured_image_url":null,"rttpg_author":{"display_name":"robert","author_link":"https:\/\/ciofs.info\/es\/author\/robert\/"},"rttpg_comment":0,"rttpg_category":null,"rttpg_excerpt":"Carta del Ministro General Carta de los Ministros Generales Carta circular de la Conferencia de Ministros Generales de las Primeras \u00d3rdenes Franciscanas y de la Tercera Orden Ordinaria a todos los frailes, y a los hermanos y hermanas de la Orden Franciscana Seglar (OFS) y de la Juventud Franciscana (Jufra) con motivo del 40o aniversario&hellip;","_links":{"self":[{"href":"https:\/\/ciofs.info\/es\/wp-json\/wp\/v2\/pages\/1158","targetHints":{"allow":["GET"]}}],"collection":[{"href":"https:\/\/ciofs.info\/es\/wp-json\/wp\/v2\/pages"}],"about":[{"href":"https:\/\/ciofs.info\/es\/wp-json\/wp\/v2\/types\/page"}],"author":[{"embeddable":true,"href":"https:\/\/ciofs.info\/es\/wp-json\/wp\/v2\/users\/1"}],"replies":[{"embeddable":true,"href":"https:\/\/ciofs.info\/es\/wp-json\/wp\/v2\/comments?post=1158"}],"version-history":[{"count":56,"href":"https:\/\/ciofs.info\/es\/wp-json\/wp\/v2\/pages\/1158\/revisions"}],"predecessor-version":[{"id":1651,"href":"https:\/\/ciofs.info\/es\/wp-json\/wp\/v2\/pages\/1158\/revisions\/1651"}],"up":[{"embeddable":true,"href":"https:\/\/ciofs.info\/es\/wp-json\/wp\/v2\/pages\/337"}],"wp:attachment":[{"href":"https:\/\/ciofs.info\/es\/wp-json\/wp\/v2\/media?parent=1158"}],"curies":[{"name":"wp","href":"https:\/\/api.w.org\/{rel}","templated":true}]}}